{"id":209952,"date":"2025-03-20T14:57:05","date_gmt":"2025-03-20T14:57:05","guid":{"rendered":"https:\/\/aromasentia.com\/product\/10x-10ml-lemongrass-essential-oil-unlabelled\/"},"modified":"2025-05-31T06:50:00","modified_gmt":"2025-05-31T06:50:00","slug":"sitrongress-eterisk-olje-uten-etikett-10ml-10stk","status":"publish","type":"product","link":"https:\/\/aromasentia.com\/no\/sitrongress-eterisk-olje-uten-etikett-10ml-10stk\/","title":{"rendered":"Sitrongress Eterisk Olje Uten Etikett &#8211; 10ml \/ 10Stk."},"content":{"rendered":"<p>Oppfrisk og rens med denne umerkede 10-pakningen med 10 ml eterisk olje av sitrongress. Med sin sterke, friske, sitronaktige og gressaktige urteaktige aroma er sitrongress en kraftig naturlig deodorant, insektmiddel og antimikrobielt middel. Den er oppl\u00f8ftende og stimulerende, og bidrar til \u00e5 \u00f8ke energien, lindre stress og skjerpe fokus. Den er ogs\u00e5 gunstig for \u00e5 stramme opp huden og berolige \u00f8mme muskler, og er en allsidig og levende olje for diffusorer, rengj\u00f8ringsblandinger og oppkvikkende kroppspleie, som venter p\u00e5 din personlige touch.<\/p>\n","protected":false},"excerpt":{"rendered":"<p>Oppfrisk og rens med denne umerkede 10-pakningen med 10 ml eterisk olje av sitrongress. Med sin sterke, friske, sitronaktige og gressaktige urteaktige aroma er sitrongress en kraftig naturlig deodorant, insektmiddel og antimikrobielt middel. Den er oppl\u00f8ftende og stimulerende, og bidrar til \u00e5 \u00f8ke energien, lindre stress og skjerpe fokus. Den er ogs\u00e5 gunstig for \u00e5 [&hellip;]<\/p>\n","protected":false},"featured_media":263973,"comment_status":"closed","ping_status":"open","template":"","meta":{"_angie_page":false},"product_brand":[27096],"product_cat":[9065,25843,10236,26254],"product_tag":[],"class_list":{"0":"post-209952","1":"product","2":"type-product","3":"status-publish","4":"has-post-thumbnail","6":"product_brand-ancient-wisdom","7":"product_cat-aromaterapi-og-romduft","8":"product_cat-dufter-aromaer","9":"product_cat-eteriske-oljer","10":"product_cat-sitrongress","11":"pa_collection-gifts-unbranded-essential-oils-no","12":"pa_made-in-india","13":"pa_size-10ml","15":"first","16":"instock","17":"purchasable","18":"product-type-simple"},"supplier_id":null,"supplier_sku":"EOUL-28","barcode":null,"atum_controlled":true,"out_stock_date":null,"out_stock_threshold":null,"inheritable":false,"inbound_stock":null,"stock_on_hold":0,"sold_today":0,"sales_last_days":0,"reserved_stock":null,"customer_returns":null,"warehouse_damage":null,"lost_in_post":null,"other_logs":null,"out_stock_days":0,"lost_sales":0,"has_location":null,"update_date":"2026-04-27T07:01:47","atum_locations":[],"atum_stock_status":"instock","restock_status":false,"low_stock_amount":"","sales_update_date":"2026-01-30T01:26:17","calc_backorders":null,"_links":{"self":[{"href":"https:\/\/aromasentia.com\/no\/wp-json\/wp\/v2\/product\/209952","targetHints":{"allow":["GET"]}}],"collection":[{"href":"https:\/\/aromasentia.com\/no\/wp-json\/wp\/v2\/product"}],"about":[{"href":"https:\/\/aromasentia.com\/no\/wp-json\/wp\/v2\/types\/product"}],"replies":[{"embeddable":true,"href":"https:\/\/aromasentia.com\/no\/wp-json\/wp\/v2\/comments?post=209952"}],"version-history":[{"count":0,"href":"https:\/\/aromasentia.com\/no\/wp-json\/wp\/v2\/product\/209952\/revisions"}],"wp:featuredmedia":[{"embeddable":true,"href":"https:\/\/aromasentia.com\/no\/wp-json\/wp\/v2\/media\/263973"}],"wp:attachment":[{"href":"https:\/\/aromasentia.com\/no\/wp-json\/wp\/v2\/media?parent=209952"}],"wp:term":[{"taxonomy":"product_brand","embeddable":true,"href":"https:\/\/aromasentia.com\/no\/wp-json\/wp\/v2\/product_brand?post=209952"},{"taxonomy":"product_cat","embeddable":true,"href":"https:\/\/aromasentia.com\/no\/wp-json\/wp\/v2\/product_cat?post=209952"},{"taxonomy":"product_tag","embeddable":true,"href":"https:\/\/aromasentia.com\/no\/wp-json\/wp\/v2\/product_tag?post=209952"}],"curies":[{"name":"wp","href":"https:\/\/api.w.org\/{rel}","templated":true}]}}