{"id":209951,"date":"2025-03-20T14:57:05","date_gmt":"2025-03-20T14:57:05","guid":{"rendered":"https:\/\/aromasentia.com\/product\/10x-10ml-juniperberry-essential-oil-unlabelled\/"},"modified":"2025-05-31T06:49:57","modified_gmt":"2025-05-31T06:49:57","slug":"einerbaer-eterisk-olje-uten-etikett-10ml-10stk","status":"publish","type":"product","link":"https:\/\/aromasentia.com\/no\/einerbaer-eterisk-olje-uten-etikett-10ml-10stk\/","title":{"rendered":"Einerb\u00e6r Eterisk Olje Uten Etikett &#8211; 10ml \/ 10Stk."},"content":{"rendered":"<p>Rens og frisk opp med denne umerkede 10-pakningen med 10 ml eterisk eneb\u00e6rolje. Denne oljen har en frisk, skarp, treaktig og lett s\u00f8tlig-balsamisk aroma som minner om gin. Eneb\u00e6r er velkjent for sine avgiftende, vanndrivende og rensende egenskaper, og brukes ofte for \u00e5 st\u00f8tte nyrefunksjonen og rense systemet. Aromaen er klargj\u00f8rende for sinnet og kan bidra til \u00e5 fordrive negativitet. Et godt valg for detox-blandinger, rensende diffusjoner eller for \u00e5 tilf\u00f8re en ren,  Harpiksaktig note til formuleringene dine.<\/p>\n","protected":false},"excerpt":{"rendered":"<p>Rens og frisk opp med denne umerkede 10-pakningen med 10 ml eterisk eneb\u00e6rolje. Denne oljen har en frisk, skarp, treaktig og lett s\u00f8tlig-balsamisk aroma som minner om gin. Eneb\u00e6r er velkjent for sine avgiftende, vanndrivende og rensende egenskaper, og brukes ofte for \u00e5 st\u00f8tte nyrefunksjonen og rense systemet. Aromaen er klargj\u00f8rende for sinnet og kan [&hellip;]<\/p>\n","protected":false},"featured_media":263964,"comment_status":"closed","ping_status":"open","template":"","meta":{"_angie_page":false},"product_brand":[27096],"product_cat":[9065,25843,26229,10236,26897],"product_tag":[],"class_list":{"0":"post-209951","1":"product","2":"type-product","3":"status-publish","4":"has-post-thumbnail","6":"product_brand-ancient-wisdom","7":"product_cat-aromaterapi-og-romduft","8":"product_cat-dufter-aromaer","9":"product_cat-einerbaer","10":"product_cat-eteriske-oljer","11":"product_cat-treaktig","12":"pa_collection-gifts-unbranded-essential-oils-no","13":"pa_made-in-kroatia","14":"pa_size-10ml","16":"first","17":"instock","18":"purchasable","19":"product-type-simple"},"supplier_id":null,"supplier_sku":"EOUL-27","barcode":null,"atum_controlled":true,"out_stock_date":null,"out_stock_threshold":null,"inheritable":false,"inbound_stock":null,"stock_on_hold":0,"sold_today":0,"sales_last_days":0,"reserved_stock":null,"customer_returns":null,"warehouse_damage":null,"lost_in_post":null,"other_logs":null,"out_stock_days":9,"lost_sales":0,"has_location":null,"update_date":"2026-04-27T07:01:47","atum_locations":[],"atum_stock_status":"instock","restock_status":false,"low_stock_amount":"","sales_update_date":"2026-01-30T01:25:01","calc_backorders":null,"_links":{"self":[{"href":"https:\/\/aromasentia.com\/no\/wp-json\/wp\/v2\/product\/209951","targetHints":{"allow":["GET"]}}],"collection":[{"href":"https:\/\/aromasentia.com\/no\/wp-json\/wp\/v2\/product"}],"about":[{"href":"https:\/\/aromasentia.com\/no\/wp-json\/wp\/v2\/types\/product"}],"replies":[{"embeddable":true,"href":"https:\/\/aromasentia.com\/no\/wp-json\/wp\/v2\/comments?post=209951"}],"version-history":[{"count":0,"href":"https:\/\/aromasentia.com\/no\/wp-json\/wp\/v2\/product\/209951\/revisions"}],"wp:featuredmedia":[{"embeddable":true,"href":"https:\/\/aromasentia.com\/no\/wp-json\/wp\/v2\/media\/263964"}],"wp:attachment":[{"href":"https:\/\/aromasentia.com\/no\/wp-json\/wp\/v2\/media?parent=209951"}],"wp:term":[{"taxonomy":"product_brand","embeddable":true,"href":"https:\/\/aromasentia.com\/no\/wp-json\/wp\/v2\/product_brand?post=209951"},{"taxonomy":"product_cat","embeddable":true,"href":"https:\/\/aromasentia.com\/no\/wp-json\/wp\/v2\/product_cat?post=209951"},{"taxonomy":"product_tag","embeddable":true,"href":"https:\/\/aromasentia.com\/no\/wp-json\/wp\/v2\/product_tag?post=209951"}],"curies":[{"name":"wp","href":"https:\/\/api.w.org\/{rel}","templated":true}]}}