{"id":209948,"date":"2025-03-20T14:57:05","date_gmt":"2025-03-20T14:57:05","guid":{"rendered":"https:\/\/aromasentia.com\/product\/10x-10ml-cypress-essential-oil-unlabelled\/"},"modified":"2025-05-31T06:49:48","modified_gmt":"2025-05-31T06:49:48","slug":"sypress-eterisk-olje-uten-etikett-10ml-10stk","status":"publish","type":"product","link":"https:\/\/aromasentia.com\/no\/sypress-eterisk-olje-uten-etikett-10ml-10stk\/","title":{"rendered":"Sypress Eterisk Olje Uten Etikett &#8211; 10ml \/ 10Stk."},"content":{"rendered":"<p>Jord og rens med denne umerkede 10-pakningen med 10 ml eterisk olje fra Cypress. Denne oljen har en frisk, ren, lett treaktig og eviggr\u00f8nn aroma som b\u00e5de er jordet og oppl\u00f8ftende. Cypress er kjent for sine sammentrekkende egenskaper, som er bra for fet hud og fremmer sirkulasjonen. I aromaterapi brukes den til \u00e5 tr\u00f8ste i sorg, oppmuntre til f\u00f8lelsesmessig styrke og rense luften. En fantastisk balanserende olje som skaper en f\u00f8lelse av stabilitet og friskhet, perfekt for diffusorer eller hudpleieblandinger.<\/p>\n","protected":false},"excerpt":{"rendered":"<p>Jord og rens med denne umerkede 10-pakningen med 10 ml eterisk olje fra Cypress. Denne oljen har en frisk, ren, lett treaktig og eviggr\u00f8nn aroma som b\u00e5de er jordet og oppl\u00f8ftende. Cypress er kjent for sine sammentrekkende egenskaper, som er bra for fet hud og fremmer sirkulasjonen. I aromaterapi brukes den til \u00e5 tr\u00f8ste i [&hellip;]<\/p>\n","protected":false},"featured_media":263937,"comment_status":"closed","ping_status":"open","template":"","meta":{"_angie_page":false},"product_brand":[27096],"product_cat":[9065,25843,10236,26166,26897],"product_tag":[],"class_list":{"0":"post-209948","1":"product","2":"type-product","3":"status-publish","4":"has-post-thumbnail","6":"product_brand-ancient-wisdom","7":"product_cat-aromaterapi-og-romduft","8":"product_cat-dufter-aromaer","9":"product_cat-eteriske-oljer","10":"product_cat-sypress","11":"product_cat-treaktig","12":"pa_collection-gifts-unbranded-essential-oils-no","13":"pa_made-in-spania","14":"pa_size-10ml","16":"first","17":"instock","18":"purchasable","19":"product-type-simple"},"supplier_id":null,"supplier_sku":"EOUL-23","barcode":null,"atum_controlled":true,"out_stock_date":null,"out_stock_threshold":null,"inheritable":false,"inbound_stock":0,"stock_on_hold":0,"sold_today":0,"sales_last_days":0,"reserved_stock":0,"customer_returns":0,"warehouse_damage":0,"lost_in_post":0,"other_logs":0,"out_stock_days":0,"lost_sales":0,"has_location":false,"update_date":"2026-04-27T07:01:47","atum_locations":[],"atum_stock_status":"instock","restock_status":false,"low_stock_amount":"","sales_update_date":"2026-02-06T00:01:32","calc_backorders":null,"_links":{"self":[{"href":"https:\/\/aromasentia.com\/no\/wp-json\/wp\/v2\/product\/209948","targetHints":{"allow":["GET"]}}],"collection":[{"href":"https:\/\/aromasentia.com\/no\/wp-json\/wp\/v2\/product"}],"about":[{"href":"https:\/\/aromasentia.com\/no\/wp-json\/wp\/v2\/types\/product"}],"replies":[{"embeddable":true,"href":"https:\/\/aromasentia.com\/no\/wp-json\/wp\/v2\/comments?post=209948"}],"version-history":[{"count":0,"href":"https:\/\/aromasentia.com\/no\/wp-json\/wp\/v2\/product\/209948\/revisions"}],"wp:featuredmedia":[{"embeddable":true,"href":"https:\/\/aromasentia.com\/no\/wp-json\/wp\/v2\/media\/263937"}],"wp:attachment":[{"href":"https:\/\/aromasentia.com\/no\/wp-json\/wp\/v2\/media?parent=209948"}],"wp:term":[{"taxonomy":"product_brand","embeddable":true,"href":"https:\/\/aromasentia.com\/no\/wp-json\/wp\/v2\/product_brand?post=209948"},{"taxonomy":"product_cat","embeddable":true,"href":"https:\/\/aromasentia.com\/no\/wp-json\/wp\/v2\/product_cat?post=209948"},{"taxonomy":"product_tag","embeddable":true,"href":"https:\/\/aromasentia.com\/no\/wp-json\/wp\/v2\/product_tag?post=209948"}],"curies":[{"name":"wp","href":"https:\/\/api.w.org\/{rel}","templated":true}]}}