{"id":209946,"date":"2025-03-20T14:57:05","date_gmt":"2025-03-20T14:57:05","guid":{"rendered":"https:\/\/aromasentia.com\/product\/10x-10ml-cinnamon-essential-oil-unlabelled\/"},"modified":"2025-05-31T06:49:35","modified_gmt":"2025-05-31T06:49:35","slug":"kanel-eterisk-olje-uten-etikett-10ml-10stk","status":"publish","type":"product","link":"https:\/\/aromasentia.com\/no\/kanel-eterisk-olje-uten-etikett-10ml-10stk\/","title":{"rendered":"Kanel Eterisk Olje Uten Etikett &#8211; 10ml \/ 10Stk."},"content":{"rendered":"<p>Varm sansene dine med denne umerkede 10-pakningen med 10 ml eterisk kanelolje. Denne potente oljen, som sannsynligvis kommer fra kanelblad eller -bark, har en s\u00f8t, krydret og intenst varmende aroma som fremkaller komfort og hygge. Kanel er kjent for sine stimulerende, antimikrobielle og sirkulasjonsfremmende egenskaper. Ideell til \u00e5 spre i de kaldere m\u00e5nedene for \u00e5 skape en festlig og innbydende atmosf\u00e6re, eller brukes med forsiktighet i varmende blandinger. En kraftig og beroligende duft som tilf\u00f8rer et snev av krydret overb\u00e6renhet til duftsamlingen din.<\/p>\n","protected":false},"excerpt":{"rendered":"<p>Varm sansene dine med denne umerkede 10-pakningen med 10 ml eterisk kanelolje. Denne potente oljen, som sannsynligvis kommer fra kanelblad eller -bark, har en s\u00f8t, krydret og intenst varmende aroma som fremkaller komfort og hygge. Kanel er kjent for sine stimulerende, antimikrobielle og sirkulasjonsfremmende egenskaper. Ideell til \u00e5 spre i de kaldere m\u00e5nedene for \u00e5 [&hellip;]<\/p>\n","protected":false},"featured_media":263919,"comment_status":"closed","ping_status":"open","template":"","meta":{"_angie_page":false},"product_brand":[27096],"product_cat":[9065,25843,10236,26133,26890],"product_tag":[],"class_list":{"0":"post-209946","1":"product","2":"type-product","3":"status-publish","4":"has-post-thumbnail","6":"product_brand-ancient-wisdom","7":"product_cat-aromaterapi-og-romduft","8":"product_cat-dufter-aromaer","9":"product_cat-eteriske-oljer","10":"product_cat-kanel","11":"product_cat-krydret","12":"pa_collection-gifts-unbranded-essential-oils-no","13":"pa_made-in-sri-lanka","14":"pa_size-10ml","16":"first","17":"instock","18":"purchasable","19":"product-type-simple"},"supplier_id":null,"supplier_sku":"EOUL-21","barcode":null,"atum_controlled":true,"out_stock_date":null,"out_stock_threshold":null,"inheritable":false,"inbound_stock":null,"stock_on_hold":0,"sold_today":0,"sales_last_days":0,"reserved_stock":null,"customer_returns":null,"warehouse_damage":null,"lost_in_post":null,"other_logs":null,"out_stock_days":0,"lost_sales":0,"has_location":null,"update_date":"2026-04-27T07:01:47","atum_locations":[],"atum_stock_status":"instock","restock_status":false,"low_stock_amount":"","sales_update_date":"2026-02-06T00:02:50","calc_backorders":null,"_links":{"self":[{"href":"https:\/\/aromasentia.com\/no\/wp-json\/wp\/v2\/product\/209946","targetHints":{"allow":["GET"]}}],"collection":[{"href":"https:\/\/aromasentia.com\/no\/wp-json\/wp\/v2\/product"}],"about":[{"href":"https:\/\/aromasentia.com\/no\/wp-json\/wp\/v2\/types\/product"}],"replies":[{"embeddable":true,"href":"https:\/\/aromasentia.com\/no\/wp-json\/wp\/v2\/comments?post=209946"}],"version-history":[{"count":0,"href":"https:\/\/aromasentia.com\/no\/wp-json\/wp\/v2\/product\/209946\/revisions"}],"wp:featuredmedia":[{"embeddable":true,"href":"https:\/\/aromasentia.com\/no\/wp-json\/wp\/v2\/media\/263919"}],"wp:attachment":[{"href":"https:\/\/aromasentia.com\/no\/wp-json\/wp\/v2\/media?parent=209946"}],"wp:term":[{"taxonomy":"product_brand","embeddable":true,"href":"https:\/\/aromasentia.com\/no\/wp-json\/wp\/v2\/product_brand?post=209946"},{"taxonomy":"product_cat","embeddable":true,"href":"https:\/\/aromasentia.com\/no\/wp-json\/wp\/v2\/product_cat?post=209946"},{"taxonomy":"product_tag","embeddable":true,"href":"https:\/\/aromasentia.com\/no\/wp-json\/wp\/v2\/product_tag?post=209946"}],"curies":[{"name":"wp","href":"https:\/\/api.w.org\/{rel}","templated":true}]}}