{"id":209941,"date":"2025-03-20T14:57:34","date_gmt":"2025-03-20T14:57:34","guid":{"rendered":"https:\/\/aromasentia.com\/product\/10x-10ml-thyme-white-essential-oil-unlabelled\/"},"modified":"2025-05-31T06:49:18","modified_gmt":"2025-05-31T06:49:18","slug":"timian-hvit-eterisk-olje-uten-etikett-10ml-10stk","status":"publish","type":"product","link":"https:\/\/aromasentia.com\/no\/timian-hvit-eterisk-olje-uten-etikett-10ml-10stk\/","title":{"rendered":"Timian (Hvit) Eterisk Olje Uten Etikett &#8211; 10ml \/ 10Stk."},"content":{"rendered":"<p>Rens og beskytt med denne umerkede 10-pakningen med 10 ml timian (hvit) eterisk olje. Hvit timian har en kraftig, urteaktig, varm og krydret aroma som er mildere enn r\u00f8d timian, men fortsatt kraftig antiseptisk og antimikrobiell. Den brukes tradisjonelt til \u00e5 st\u00f8tte immunforsvaret, rense luftveiene og rense milj\u00f8et. Den stimulerende duften kan ogs\u00e5 bidra til \u00e5 \u00f8ke fokus og motvirke tretthet. En sterk, rensende olje for diffusjon og forsiktig fortynnet lokal anvendelse n\u00e5r det er behov for kraftig st\u00f8tte.<\/p>\n","protected":false},"excerpt":{"rendered":"<p>Rens og beskytt med denne umerkede 10-pakningen med 10 ml timian (hvit) eterisk olje. Hvit timian har en kraftig, urteaktig, varm og krydret aroma som er mildere enn r\u00f8d timian, men fortsatt kraftig antiseptisk og antimikrobiell. Den brukes tradisjonelt til \u00e5 st\u00f8tte immunforsvaret, rense luftveiene og rense milj\u00f8et. Den stimulerende duften kan ogs\u00e5 bidra til [&hellip;]<\/p>\n","protected":false},"featured_media":264108,"comment_status":"closed","ping_status":"open","template":"","meta":{"_angie_page":false},"product_brand":[27096],"product_cat":[9065,25843,10236,26363,26862],"product_tag":[],"class_list":{"0":"post-209941","1":"product","2":"type-product","3":"status-publish","4":"has-post-thumbnail","6":"product_brand-ancient-wisdom","7":"product_cat-aromaterapi-og-romduft","8":"product_cat-dufter-aromaer","9":"product_cat-eteriske-oljer","10":"product_cat-rod-timian","11":"product_cat-urte-aromatisk","12":"pa_collection-gifts-unbranded-essential-oils-no","13":"pa_made-in-spania","14":"pa_size-10ml","16":"first","17":"outofstock","18":"purchasable","19":"product-type-simple"},"supplier_id":null,"supplier_sku":"EOUL-46","barcode":null,"atum_controlled":true,"out_stock_date":"2025-10-09 15:09:21","out_stock_threshold":null,"inheritable":false,"inbound_stock":null,"stock_on_hold":0,"sold_today":0,"sales_last_days":0,"reserved_stock":null,"customer_returns":null,"warehouse_damage":null,"lost_in_post":null,"other_logs":null,"out_stock_days":112,"lost_sales":0,"has_location":null,"update_date":"2026-01-30T01:25:21","atum_locations":[],"atum_stock_status":"outofstock","restock_status":false,"low_stock_amount":"","sales_update_date":"2026-01-30T01:25:21","calc_backorders":null,"_links":{"self":[{"href":"https:\/\/aromasentia.com\/no\/wp-json\/wp\/v2\/product\/209941","targetHints":{"allow":["GET"]}}],"collection":[{"href":"https:\/\/aromasentia.com\/no\/wp-json\/wp\/v2\/product"}],"about":[{"href":"https:\/\/aromasentia.com\/no\/wp-json\/wp\/v2\/types\/product"}],"replies":[{"embeddable":true,"href":"https:\/\/aromasentia.com\/no\/wp-json\/wp\/v2\/comments?post=209941"}],"version-history":[{"count":0,"href":"https:\/\/aromasentia.com\/no\/wp-json\/wp\/v2\/product\/209941\/revisions"}],"wp:featuredmedia":[{"embeddable":true,"href":"https:\/\/aromasentia.com\/no\/wp-json\/wp\/v2\/media\/264108"}],"wp:attachment":[{"href":"https:\/\/aromasentia.com\/no\/wp-json\/wp\/v2\/media?parent=209941"}],"wp:term":[{"taxonomy":"product_brand","embeddable":true,"href":"https:\/\/aromasentia.com\/no\/wp-json\/wp\/v2\/product_brand?post=209941"},{"taxonomy":"product_cat","embeddable":true,"href":"https:\/\/aromasentia.com\/no\/wp-json\/wp\/v2\/product_cat?post=209941"},{"taxonomy":"product_tag","embeddable":true,"href":"https:\/\/aromasentia.com\/no\/wp-json\/wp\/v2\/product_tag?post=209941"}],"curies":[{"name":"wp","href":"https:\/\/api.w.org\/{rel}","templated":true}]}}