{"id":209940,"date":"2025-03-20T14:57:34","date_gmt":"2025-03-20T14:57:34","guid":{"rendered":"https:\/\/aromasentia.com\/product\/10x-10ml-pine-sylvestris-essential-oil-unlabelled\/"},"modified":"2025-05-31T06:49:13","modified_gmt":"2025-05-31T06:49:13","slug":"furu-sylvestris-eterisk-olje-uten-etikett-10ml-10stk","status":"publish","type":"product","link":"https:\/\/aromasentia.com\/no\/furu-sylvestris-eterisk-olje-uten-etikett-10ml-10stk\/","title":{"rendered":"Furu Sylvestris Eterisk Olje Uten Etikett &#8211; 10ml \/ 10Stk."},"content":{"rendered":"<p>Ta med deg skogen innend\u00f8rs med denne umerkede 10-pakningen med 10 ml Pine Sylvestris Essential Oil. Denne oljen har den friske, skarpe, balsamiske og  Harpiksaktige duften av furuskog, og er fantastisk oppl\u00f8ftende og rensende. Furu Sylvestris er kjent for sin evne til \u00e5 st\u00f8tte luftveiene, fjerne overbelastning og gi energi til sinnet. Den rene, oppkvikkende duften kan ogs\u00e5 bidra til \u00e5 n\u00f8ytralisere lukt og skape en forfriskende atmosf\u00e6re. Ideell til \u00e5 spre for \u00e5 fremkalle en f\u00f8lelse av \u00e5pen plass og naturlig vitalitet.<\/p>\n","protected":false},"excerpt":{"rendered":"<p>Ta med deg skogen innend\u00f8rs med denne umerkede 10-pakningen med 10 ml Pine Sylvestris Essential Oil. Denne oljen har den friske, skarpe, balsamiske og Harpiksaktige duften av furuskog, og er fantastisk oppl\u00f8ftende og rensende. Furu Sylvestris er kjent for sin evne til \u00e5 st\u00f8tte luftveiene, fjerne overbelastning og gi energi til sinnet. Den rene, oppkvikkende [&hellip;]<\/p>\n","protected":false},"featured_media":264099,"comment_status":"closed","ping_status":"open","template":"","meta":{"_angie_page":false},"product_brand":[27096],"product_cat":[9065,25843,10236,26349,26897],"product_tag":[],"class_list":{"0":"post-209940","1":"product","2":"type-product","3":"status-publish","4":"has-post-thumbnail","6":"product_brand-ancient-wisdom","7":"product_cat-aromaterapi-og-romduft","8":"product_cat-dufter-aromaer","9":"product_cat-eteriske-oljer","10":"product_cat-furu-pinus-sylvestris","11":"product_cat-treaktig","12":"pa_collection-gifts-unbranded-essential-oils-no","13":"pa_made-in-serbia","14":"pa_size-10ml","16":"first","17":"instock","18":"purchasable","19":"product-type-simple"},"supplier_id":null,"supplier_sku":"EOUL-45","barcode":null,"atum_controlled":true,"out_stock_date":null,"out_stock_threshold":null,"inheritable":false,"inbound_stock":null,"stock_on_hold":0,"sold_today":0,"sales_last_days":0,"reserved_stock":null,"customer_returns":null,"warehouse_damage":null,"lost_in_post":null,"other_logs":null,"out_stock_days":9,"lost_sales":0,"has_location":null,"update_date":"2026-04-27T07:01:53","atum_locations":[],"atum_stock_status":"instock","restock_status":false,"low_stock_amount":"","sales_update_date":"2026-01-30T01:24:56","calc_backorders":null,"_links":{"self":[{"href":"https:\/\/aromasentia.com\/no\/wp-json\/wp\/v2\/product\/209940","targetHints":{"allow":["GET"]}}],"collection":[{"href":"https:\/\/aromasentia.com\/no\/wp-json\/wp\/v2\/product"}],"about":[{"href":"https:\/\/aromasentia.com\/no\/wp-json\/wp\/v2\/types\/product"}],"replies":[{"embeddable":true,"href":"https:\/\/aromasentia.com\/no\/wp-json\/wp\/v2\/comments?post=209940"}],"version-history":[{"count":0,"href":"https:\/\/aromasentia.com\/no\/wp-json\/wp\/v2\/product\/209940\/revisions"}],"wp:featuredmedia":[{"embeddable":true,"href":"https:\/\/aromasentia.com\/no\/wp-json\/wp\/v2\/media\/264099"}],"wp:attachment":[{"href":"https:\/\/aromasentia.com\/no\/wp-json\/wp\/v2\/media?parent=209940"}],"wp:term":[{"taxonomy":"product_brand","embeddable":true,"href":"https:\/\/aromasentia.com\/no\/wp-json\/wp\/v2\/product_brand?post=209940"},{"taxonomy":"product_cat","embeddable":true,"href":"https:\/\/aromasentia.com\/no\/wp-json\/wp\/v2\/product_cat?post=209940"},{"taxonomy":"product_tag","embeddable":true,"href":"https:\/\/aromasentia.com\/no\/wp-json\/wp\/v2\/product_tag?post=209940"}],"curies":[{"name":"wp","href":"https:\/\/api.w.org\/{rel}","templated":true}]}}