{"id":209939,"date":"2025-03-20T14:57:34","date_gmt":"2025-03-20T14:57:34","guid":{"rendered":"https:\/\/aromasentia.com\/product\/10x-10ml-niaouli-essential-oil-unlabelled\/"},"modified":"2025-05-31T06:49:09","modified_gmt":"2025-05-31T06:49:09","slug":"niaouli-eterisk-olje-uten-etikett-10ml-10stk","status":"publish","type":"product","link":"https:\/\/aromasentia.com\/no\/niaouli-eterisk-olje-uten-etikett-10ml-10stk\/","title":{"rendered":"Niaouli Eterisk Olje Uten Etikett &#8211; 10ml \/ 10Stk."},"content":{"rendered":"<p>Rens og styrk med denne umerkede 10-pakningen med 10 ml eterisk niaouliolje. Niaouli er i slekt med Tea Tree og har en sterk, frisk, kamferaktig og litt s\u00f8tlig jordaktig aroma. Den er kjent for sine kraftige antiseptiske, antivirale og sliml\u00f8sende egenskaper, noe som gj\u00f8r den utmerket til st\u00f8tte for luftveiene og rensing av huden. Den stimulerende duften kan ogs\u00e5 bidra til \u00e5 klarne tankene og \u00f8ke \u00e5rv\u00e5kenheten. En robust og rensende olje, ideell for diffusjon i den kalde \u00e5rstiden eller for \u00e5 tilsette i klargj\u00f8rende hudpleiepreparater.<\/p>\n","protected":false},"excerpt":{"rendered":"<p>Rens og styrk med denne umerkede 10-pakningen med 10 ml eterisk niaouliolje. Niaouli er i slekt med Tea Tree og har en sterk, frisk, kamferaktig og litt s\u00f8tlig jordaktig aroma. Den er kjent for sine kraftige antiseptiske, antivirale og sliml\u00f8sende egenskaper, noe som gj\u00f8r den utmerket til st\u00f8tte for luftveiene og rensing av huden. Den [&hellip;]<\/p>\n","protected":false},"featured_media":264090,"comment_status":"closed","ping_status":"open","template":"","meta":{"_angie_page":false},"product_brand":[27096],"product_cat":[9065,25843,10236,26869,26297],"product_tag":[],"class_list":{"0":"post-209939","1":"product","2":"type-product","3":"status-publish","4":"has-post-thumbnail","6":"product_brand-ancient-wisdom","7":"product_cat-aromaterapi-og-romduft","8":"product_cat-dufter-aromaer","9":"product_cat-eteriske-oljer","10":"product_cat-medisinsk-kamferaktig","11":"product_cat-niaouli","12":"pa_collection-gifts-unbranded-essential-oils-no","13":"pa_made-in-indonesia","14":"pa_size-10ml","16":"first","17":"instock","18":"purchasable","19":"product-type-simple"},"supplier_id":null,"supplier_sku":"EOUL-44","barcode":null,"atum_controlled":true,"out_stock_date":null,"out_stock_threshold":null,"inheritable":false,"inbound_stock":null,"stock_on_hold":0,"sold_today":0,"sales_last_days":0,"reserved_stock":null,"customer_returns":null,"warehouse_damage":null,"lost_in_post":null,"other_logs":null,"out_stock_days":9,"lost_sales":0,"has_location":null,"update_date":"2026-04-27T07:01:53","atum_locations":[],"atum_stock_status":"instock","restock_status":false,"low_stock_amount":"","sales_update_date":"2026-01-30T01:25:01","calc_backorders":null,"_links":{"self":[{"href":"https:\/\/aromasentia.com\/no\/wp-json\/wp\/v2\/product\/209939","targetHints":{"allow":["GET"]}}],"collection":[{"href":"https:\/\/aromasentia.com\/no\/wp-json\/wp\/v2\/product"}],"about":[{"href":"https:\/\/aromasentia.com\/no\/wp-json\/wp\/v2\/types\/product"}],"replies":[{"embeddable":true,"href":"https:\/\/aromasentia.com\/no\/wp-json\/wp\/v2\/comments?post=209939"}],"version-history":[{"count":0,"href":"https:\/\/aromasentia.com\/no\/wp-json\/wp\/v2\/product\/209939\/revisions"}],"wp:featuredmedia":[{"embeddable":true,"href":"https:\/\/aromasentia.com\/no\/wp-json\/wp\/v2\/media\/264090"}],"wp:attachment":[{"href":"https:\/\/aromasentia.com\/no\/wp-json\/wp\/v2\/media?parent=209939"}],"wp:term":[{"taxonomy":"product_brand","embeddable":true,"href":"https:\/\/aromasentia.com\/no\/wp-json\/wp\/v2\/product_brand?post=209939"},{"taxonomy":"product_cat","embeddable":true,"href":"https:\/\/aromasentia.com\/no\/wp-json\/wp\/v2\/product_cat?post=209939"},{"taxonomy":"product_tag","embeddable":true,"href":"https:\/\/aromasentia.com\/no\/wp-json\/wp\/v2\/product_tag?post=209939"}],"curies":[{"name":"wp","href":"https:\/\/api.w.org\/{rel}","templated":true}]}}