{"id":209938,"date":"2025-03-20T14:57:34","date_gmt":"2025-03-20T14:57:34","guid":{"rendered":"https:\/\/aromasentia.com\/product\/10x-10ml-coriander-seed-essential-oil-unlabelled\/"},"modified":"2025-05-31T06:49:05","modified_gmt":"2025-05-31T06:49:05","slug":"korianderfro-eterisk-olje-uten-etikett-10ml-10stk","status":"publish","type":"product","link":"https:\/\/aromasentia.com\/no\/korianderfro-eterisk-olje-uten-etikett-10ml-10stk\/","title":{"rendered":"Korianderfr\u00f8 Eterisk Olje Uten Etikett &#8211; 10ml \/ 10Stk."},"content":{"rendered":"<p>Oppfrisk sansene dine med denne umerkede 10-pakningen med 10 ml eterisk olje av korianderfr\u00f8. Denne oljen har en unik s\u00f8t, krydret, litt treaktig og urteaktig aroma som er b\u00e5de varmende og oppl\u00f8ftende. Korianderfr\u00f8 brukes tradisjonelt til \u00e5 hjelpe ford\u00f8yelsen, lindre muskelsmerter og stimulere sinnet. Den behagelige og velkjente duften kan skape en innbydende atmosf\u00e6re og bidra til \u00e5 lette mental tretthet. En allsidig olje som tilf\u00f8rer en interessant aromatisk dimensjon til blandinger for b\u00e5de fysisk komfort og mental klarhet.<\/p>\n","protected":false},"excerpt":{"rendered":"<p>Oppfrisk sansene dine med denne umerkede 10-pakningen med 10 ml eterisk olje av korianderfr\u00f8. Denne oljen har en unik s\u00f8t, krydret, litt treaktig og urteaktig aroma som er b\u00e5de varmende og oppl\u00f8ftende. Korianderfr\u00f8 brukes tradisjonelt til \u00e5 hjelpe ford\u00f8yelsen, lindre muskelsmerter og stimulere sinnet. Den behagelige og velkjente duften kan skape en innbydende atmosf\u00e6re og [&hellip;]<\/p>\n","protected":false},"featured_media":264081,"comment_status":"closed","ping_status":"open","template":"","meta":{"_angie_page":false},"product_brand":[27096],"product_cat":[9065,25843,10236,26153,26890],"product_tag":[],"class_list":{"0":"post-209938","1":"product","2":"type-product","3":"status-publish","4":"has-post-thumbnail","6":"product_brand-ancient-wisdom","7":"product_cat-aromaterapi-og-romduft","8":"product_cat-dufter-aromaer","9":"product_cat-eteriske-oljer","10":"product_cat-korianderfro","11":"product_cat-krydret","12":"pa_collection-gifts-unbranded-essential-oils-no","13":"pa_made-in-ungarn","14":"pa_size-10ml","16":"first","17":"instock","18":"purchasable","19":"product-type-simple"},"supplier_id":null,"supplier_sku":"EOUL-42","barcode":null,"atum_controlled":true,"out_stock_date":null,"out_stock_threshold":null,"inheritable":false,"inbound_stock":0,"stock_on_hold":0,"sold_today":0,"sales_last_days":0,"reserved_stock":0,"customer_returns":0,"warehouse_damage":0,"lost_in_post":0,"other_logs":0,"out_stock_days":0,"lost_sales":0,"has_location":false,"update_date":"2026-04-27T07:01:53","atum_locations":[],"atum_stock_status":"instock","restock_status":false,"low_stock_amount":"","sales_update_date":"2025-09-05T00:16:38","calc_backorders":null,"_links":{"self":[{"href":"https:\/\/aromasentia.com\/no\/wp-json\/wp\/v2\/product\/209938","targetHints":{"allow":["GET"]}}],"collection":[{"href":"https:\/\/aromasentia.com\/no\/wp-json\/wp\/v2\/product"}],"about":[{"href":"https:\/\/aromasentia.com\/no\/wp-json\/wp\/v2\/types\/product"}],"replies":[{"embeddable":true,"href":"https:\/\/aromasentia.com\/no\/wp-json\/wp\/v2\/comments?post=209938"}],"version-history":[{"count":0,"href":"https:\/\/aromasentia.com\/no\/wp-json\/wp\/v2\/product\/209938\/revisions"}],"wp:featuredmedia":[{"embeddable":true,"href":"https:\/\/aromasentia.com\/no\/wp-json\/wp\/v2\/media\/264081"}],"wp:attachment":[{"href":"https:\/\/aromasentia.com\/no\/wp-json\/wp\/v2\/media?parent=209938"}],"wp:term":[{"taxonomy":"product_brand","embeddable":true,"href":"https:\/\/aromasentia.com\/no\/wp-json\/wp\/v2\/product_brand?post=209938"},{"taxonomy":"product_cat","embeddable":true,"href":"https:\/\/aromasentia.com\/no\/wp-json\/wp\/v2\/product_cat?post=209938"},{"taxonomy":"product_tag","embeddable":true,"href":"https:\/\/aromasentia.com\/no\/wp-json\/wp\/v2\/product_tag?post=209938"}],"curies":[{"name":"wp","href":"https:\/\/api.w.org\/{rel}","templated":true}]}}