{"id":209936,"date":"2025-03-20T14:57:34","date_gmt":"2025-03-20T14:57:34","guid":{"rendered":"https:\/\/aromasentia.com\/product\/10x-10ml-myrrh-essential-oil-unlabelled\/"},"modified":"2025-05-31T06:48:58","modified_gmt":"2025-05-31T06:48:58","slug":"myrra-eterisk-olje-uten-etikett-10ml-10stk","status":"publish","type":"product","link":"https:\/\/aromasentia.com\/no\/myrra-eterisk-olje-uten-etikett-10ml-10stk\/","title":{"rendered":"Myrra Eterisk Olje Uten Etikett &#8211; 10ml \/ 10Stk."},"content":{"rendered":"<p>Omfavn hellig ro med denne umerkede 10-pakningen med 10 ml eterisk olje av myrra. Myrra har en varm, jordaktig, balsamisk og lett r\u00f8ykfylt aroma som har v\u00e6rt brukt i \u00e5rtusener i spirituell praksis og tradisjonell medisin. Den er kjent for sine jordn\u00e6re, meditative og rensende egenskaper. I hudpleie er den verdsatt for sin evne til \u00e5 berolige sprukken hud, fremme helbredelse og forynge moden hud. En olje med dyp resonans for \u00e5ndelig kontakt, dyp ro og hudrestaurering, klar for din unike merkevarebygging.<\/p>\n","protected":false},"excerpt":{"rendered":"<p>Omfavn hellig ro med denne umerkede 10-pakningen med 10 ml eterisk olje av myrra. Myrra har en varm, jordaktig, balsamisk og lett r\u00f8ykfylt aroma som har v\u00e6rt brukt i \u00e5rtusener i spirituell praksis og tradisjonell medisin. Den er kjent for sine jordn\u00e6re, meditative og rensende egenskaper. I hudpleie er den verdsatt for sin evne til [&hellip;]<\/p>\n","protected":false},"featured_media":264063,"comment_status":"closed","ping_status":"open","template":"","meta":{"_angie_page":false},"product_brand":[27096],"product_cat":[9065,25843,10236,26883,26282],"product_tag":[],"class_list":{"0":"post-209936","1":"product","2":"type-product","3":"status-publish","4":"has-post-thumbnail","6":"product_brand-ancient-wisdom","7":"product_cat-aromaterapi-og-romduft","8":"product_cat-dufter-aromaer","9":"product_cat-eteriske-oljer","10":"product_cat-harpiksaktig-balsamisk","11":"product_cat-myrt","12":"pa_collection-gifts-unbranded-essential-oils-no","13":"pa_made-in-somalia","14":"pa_size-10ml","16":"first","17":"instock","18":"purchasable","19":"product-type-simple"},"supplier_id":null,"supplier_sku":"EOUL-40","barcode":null,"atum_controlled":true,"out_stock_date":null,"out_stock_threshold":null,"inheritable":false,"inbound_stock":null,"stock_on_hold":0,"sold_today":0,"sales_last_days":0,"reserved_stock":null,"customer_returns":null,"warehouse_damage":null,"lost_in_post":null,"other_logs":null,"out_stock_days":9,"lost_sales":0,"has_location":null,"update_date":"2026-04-27T07:01:53","atum_locations":[],"atum_stock_status":"instock","restock_status":false,"low_stock_amount":"","sales_update_date":"2026-01-30T01:24:53","calc_backorders":null,"_links":{"self":[{"href":"https:\/\/aromasentia.com\/no\/wp-json\/wp\/v2\/product\/209936","targetHints":{"allow":["GET"]}}],"collection":[{"href":"https:\/\/aromasentia.com\/no\/wp-json\/wp\/v2\/product"}],"about":[{"href":"https:\/\/aromasentia.com\/no\/wp-json\/wp\/v2\/types\/product"}],"replies":[{"embeddable":true,"href":"https:\/\/aromasentia.com\/no\/wp-json\/wp\/v2\/comments?post=209936"}],"version-history":[{"count":0,"href":"https:\/\/aromasentia.com\/no\/wp-json\/wp\/v2\/product\/209936\/revisions"}],"wp:featuredmedia":[{"embeddable":true,"href":"https:\/\/aromasentia.com\/no\/wp-json\/wp\/v2\/media\/264063"}],"wp:attachment":[{"href":"https:\/\/aromasentia.com\/no\/wp-json\/wp\/v2\/media?parent=209936"}],"wp:term":[{"taxonomy":"product_brand","embeddable":true,"href":"https:\/\/aromasentia.com\/no\/wp-json\/wp\/v2\/product_brand?post=209936"},{"taxonomy":"product_cat","embeddable":true,"href":"https:\/\/aromasentia.com\/no\/wp-json\/wp\/v2\/product_cat?post=209936"},{"taxonomy":"product_tag","embeddable":true,"href":"https:\/\/aromasentia.com\/no\/wp-json\/wp\/v2\/product_tag?post=209936"}],"curies":[{"name":"wp","href":"https:\/\/api.w.org\/{rel}","templated":true}]}}