{"id":209932,"date":"2025-03-20T14:57:34","date_gmt":"2025-03-20T14:57:34","guid":{"rendered":"https:\/\/aromasentia.com\/product\/10x-10ml-orange-essential-oil-unlabelled\/"},"modified":"2025-05-31T06:48:46","modified_gmt":"2025-05-31T06:48:46","slug":"appelsin-eterisk-olje-uten-etikett-10ml-10stk","status":"publish","type":"product","link":"https:\/\/aromasentia.com\/no\/appelsin-eterisk-olje-uten-etikett-10ml-10stk\/","title":{"rendered":"Appelsin Eterisk Olje Uten Etikett &#8211; 10ml \/ 10Stk."},"content":{"rendered":"<p>Spre glede med denne umerkede 10-pakningen med 10 ml eterisk appelsinolje. Sweet Orange-oljen utstr\u00e5ler en s\u00f8t, frisk og fantastisk fruktig sitrusaroma og er som solskinn p\u00e5 flaske. Den er kjent for sine oppl\u00f8ftende, stemningsskapende og stressdempende egenskaper, som bidrar til \u00e5 skape en glad og avslappet atmosf\u00e6re. Den milde, muntre duften er elsket av alle aldre og er perfekt til \u00e5 rense luften eller gi en lys tone til hudpleie og rengj\u00f8ringsblandinger. En allsidig og glad olje for daglig velv\u00e6re.<\/p>\n","protected":false},"excerpt":{"rendered":"<p>Spre glede med denne umerkede 10-pakningen med 10 ml eterisk appelsinolje. Sweet Orange-oljen utstr\u00e5ler en s\u00f8t, frisk og fantastisk fruktig sitrusaroma og er som solskinn p\u00e5 flaske. Den er kjent for sine oppl\u00f8ftende, stemningsskapende og stressdempende egenskaper, som bidrar til \u00e5 skape en glad og avslappet atmosf\u00e6re. Den milde, muntre duften er elsket av alle [&hellip;]<\/p>\n","protected":false},"featured_media":264027,"comment_status":"closed","ping_status":"open","template":"","meta":{"_angie_page":false},"product_brand":[27096],"product_cat":[26306,9065,25843,10236],"product_tag":[],"class_list":{"0":"post-209932","1":"product","2":"type-product","3":"status-publish","4":"has-post-thumbnail","6":"product_brand-ancient-wisdom","7":"product_cat-appelsin","8":"product_cat-aromaterapi-og-romduft","9":"product_cat-dufter-aromaer","10":"product_cat-eteriske-oljer","11":"pa_collection-gifts-unbranded-essential-oils-no","12":"pa_made-in-brasil","13":"pa_size-10ml","15":"first","16":"instock","17":"purchasable","18":"product-type-simple"},"supplier_id":null,"supplier_sku":"EOUL-35","barcode":null,"atum_controlled":true,"out_stock_date":null,"out_stock_threshold":null,"inheritable":false,"inbound_stock":null,"stock_on_hold":0,"sold_today":0,"sales_last_days":0,"reserved_stock":null,"customer_returns":null,"warehouse_damage":null,"lost_in_post":null,"other_logs":null,"out_stock_days":0,"lost_sales":0,"has_location":null,"update_date":"2026-04-27T07:01:47","atum_locations":[],"atum_stock_status":"instock","restock_status":false,"low_stock_amount":"","sales_update_date":"2026-01-30T01:26:19","calc_backorders":null,"_links":{"self":[{"href":"https:\/\/aromasentia.com\/no\/wp-json\/wp\/v2\/product\/209932","targetHints":{"allow":["GET"]}}],"collection":[{"href":"https:\/\/aromasentia.com\/no\/wp-json\/wp\/v2\/product"}],"about":[{"href":"https:\/\/aromasentia.com\/no\/wp-json\/wp\/v2\/types\/product"}],"replies":[{"embeddable":true,"href":"https:\/\/aromasentia.com\/no\/wp-json\/wp\/v2\/comments?post=209932"}],"version-history":[{"count":0,"href":"https:\/\/aromasentia.com\/no\/wp-json\/wp\/v2\/product\/209932\/revisions"}],"wp:featuredmedia":[{"embeddable":true,"href":"https:\/\/aromasentia.com\/no\/wp-json\/wp\/v2\/media\/264027"}],"wp:attachment":[{"href":"https:\/\/aromasentia.com\/no\/wp-json\/wp\/v2\/media?parent=209932"}],"wp:term":[{"taxonomy":"product_brand","embeddable":true,"href":"https:\/\/aromasentia.com\/no\/wp-json\/wp\/v2\/product_brand?post=209932"},{"taxonomy":"product_cat","embeddable":true,"href":"https:\/\/aromasentia.com\/no\/wp-json\/wp\/v2\/product_cat?post=209932"},{"taxonomy":"product_tag","embeddable":true,"href":"https:\/\/aromasentia.com\/no\/wp-json\/wp\/v2\/product_tag?post=209932"}],"curies":[{"name":"wp","href":"https:\/\/api.w.org\/{rel}","templated":true}]}}