{"id":209927,"date":"2025-03-20T14:58:02","date_gmt":"2025-03-20T14:58:02","guid":{"rendered":"https:\/\/aromasentia.com\/product\/10x-10ml-melissa-blend-essential-oil-unlabelled\/"},"modified":"2025-05-31T06:48:31","modified_gmt":"2025-05-31T06:48:31","slug":"melisse-blanding-eterisk-olje-uten-etikett-10ml-10stk","status":"publish","type":"product","link":"https:\/\/aromasentia.com\/no\/melisse-blanding-eterisk-olje-uten-etikett-10ml-10stk\/","title":{"rendered":"Melisse (Blanding) Eterisk Olje Uten Etikett &#8211; 10ml \/ 10Stk."},"content":{"rendered":"<p>Oppl\u00f8ft og oppfrisk med denne umerkede 10-pakningen med 10 ml eterisk olje av melisse (blanding). Melissa, ofte kjent som sitronmelisse, har en lett, frisk, sitrons\u00f8t aroma som er verdsatt for sine beroligende og hum\u00f8rl\u00f8ftende egenskaper. Denne blandingen fanger opp den glade essensen, perfekt for \u00e5 lette nerv\u00f8s spenning, fremme f\u00f8lelsesmessig velv\u00e6re og skape en lys, munter atmosf\u00e6re. Den er ideell for diffusjon eller sk\u00e5nsom lokal p\u00e5f\u00f8ring n\u00e5r den er riktig fortynnet, og gir et snev av solskinn og ro til dagen din, klar for din unike merkevarebygging.<\/p>\n","protected":false},"excerpt":{"rendered":"<p>Oppl\u00f8ft og oppfrisk med denne umerkede 10-pakningen med 10 ml eterisk olje av melisse (blanding). Melissa, ofte kjent som sitronmelisse, har en lett, frisk, sitrons\u00f8t aroma som er verdsatt for sine beroligende og hum\u00f8rl\u00f8ftende egenskaper. Denne blandingen fanger opp den glade essensen, perfekt for \u00e5 lette nerv\u00f8s spenning, fremme f\u00f8lelsesmessig velv\u00e6re og skape en lys, [&hellip;]<\/p>\n","protected":false},"featured_media":264216,"comment_status":"closed","ping_status":"open","template":"","meta":{"_angie_page":false},"product_brand":[27096],"product_cat":[9065,25843,26651,10236,26277,26862],"product_tag":[],"class_list":{"0":"post-209927","1":"product","2":"type-product","3":"status-publish","4":"has-post-thumbnail","6":"product_brand-ancient-wisdom","7":"product_cat-aromaterapi-og-romduft","8":"product_cat-dufter-aromaer","9":"product_cat-eteriske-oljeblandinger","10":"product_cat-eteriske-oljer","11":"product_cat-melissa-blanding","12":"product_cat-urte-aromatisk","13":"pa_collection-gifts-unbranded-essential-oils-no","14":"pa_made-in-storbritannia","15":"pa_size-10ml","17":"first","18":"instock","19":"purchasable","20":"product-type-simple"},"supplier_id":null,"supplier_sku":"EOUL-61","barcode":null,"atum_controlled":true,"out_stock_date":null,"out_stock_threshold":null,"inheritable":false,"inbound_stock":null,"stock_on_hold":0,"sold_today":0,"sales_last_days":0,"reserved_stock":null,"customer_returns":null,"warehouse_damage":null,"lost_in_post":null,"other_logs":null,"out_stock_days":0,"lost_sales":0,"has_location":null,"update_date":"2026-05-04T00:02:52","atum_locations":[],"atum_stock_status":"instock","restock_status":false,"low_stock_amount":"","sales_update_date":"2026-02-06T00:02:50","calc_backorders":null,"_links":{"self":[{"href":"https:\/\/aromasentia.com\/no\/wp-json\/wp\/v2\/product\/209927","targetHints":{"allow":["GET"]}}],"collection":[{"href":"https:\/\/aromasentia.com\/no\/wp-json\/wp\/v2\/product"}],"about":[{"href":"https:\/\/aromasentia.com\/no\/wp-json\/wp\/v2\/types\/product"}],"replies":[{"embeddable":true,"href":"https:\/\/aromasentia.com\/no\/wp-json\/wp\/v2\/comments?post=209927"}],"version-history":[{"count":0,"href":"https:\/\/aromasentia.com\/no\/wp-json\/wp\/v2\/product\/209927\/revisions"}],"wp:featuredmedia":[{"embeddable":true,"href":"https:\/\/aromasentia.com\/no\/wp-json\/wp\/v2\/media\/264216"}],"wp:attachment":[{"href":"https:\/\/aromasentia.com\/no\/wp-json\/wp\/v2\/media?parent=209927"}],"wp:term":[{"taxonomy":"product_brand","embeddable":true,"href":"https:\/\/aromasentia.com\/no\/wp-json\/wp\/v2\/product_brand?post=209927"},{"taxonomy":"product_cat","embeddable":true,"href":"https:\/\/aromasentia.com\/no\/wp-json\/wp\/v2\/product_cat?post=209927"},{"taxonomy":"product_tag","embeddable":true,"href":"https:\/\/aromasentia.com\/no\/wp-json\/wp\/v2\/product_tag?post=209927"}],"curies":[{"name":"wp","href":"https:\/\/api.w.org\/{rel}","templated":true}]}}