{"id":209924,"date":"2025-03-20T14:58:02","date_gmt":"2025-03-20T14:58:02","guid":{"rendered":"https:\/\/aromasentia.com\/product\/10x-10ml-dill-seed-essential-oil-unlabelled\/"},"modified":"2025-05-31T06:48:11","modified_gmt":"2025-05-31T06:48:11","slug":"dillfro-eterisk-olje-uten-etikett-10ml-10stk","status":"publish","type":"product","link":"https:\/\/aromasentia.com\/no\/dillfro-eterisk-olje-uten-etikett-10ml-10stk\/","title":{"rendered":"Dillfr\u00f8 Eterisk Olje Uten Etikett &#8211; 10ml \/ 10Stk."},"content":{"rendered":"<p>Berolig og stabiliser med denne umerkede 10-pakningen med 10 ml eterisk olje av dillfr\u00f8. Denne oljen har en utpreget urteaktig, lett krydret og s\u00f8tlig aroma som minner om fersk dill. Tradisjonelt er dillfr\u00f8olje kjent for sine karminative egenskaper, som bidrar til \u00e5 lindre ubehag i ford\u00f8yelsen, oppbl\u00e5sthet og luft i magen. Den beroligende duften kan ogs\u00e5 virke overraskende avslappende og bidra til \u00e5 dempe nerv\u00f8s anspenthet. En unik og sk\u00e5nsom olje for \u00e5 fremme ford\u00f8yelsesvelv\u00e6re og en f\u00f8lelse av ro, klar for din individuelle merking.<\/p>\n","protected":false},"excerpt":{"rendered":"<p>Berolig og stabiliser med denne umerkede 10-pakningen med 10 ml eterisk olje av dillfr\u00f8. Denne oljen har en utpreget urteaktig, lett krydret og s\u00f8tlig aroma som minner om fersk dill. Tradisjonelt er dillfr\u00f8olje kjent for sine karminative egenskaper, som bidrar til \u00e5 lindre ubehag i ford\u00f8yelsen, oppbl\u00e5sthet og luft i magen. Den beroligende duften kan [&hellip;]<\/p>\n","protected":false},"featured_media":264189,"comment_status":"closed","ping_status":"open","template":"","meta":{"_angie_page":false},"product_brand":[27096],"product_cat":[9065,26172,25843,10236,26862],"product_tag":[],"class_list":{"0":"post-209924","1":"product","2":"type-product","3":"status-publish","4":"has-post-thumbnail","6":"product_brand-ancient-wisdom","7":"product_cat-aromaterapi-og-romduft","8":"product_cat-dillfro","9":"product_cat-dufter-aromaer","10":"product_cat-eteriske-oljer","11":"product_cat-urte-aromatisk","12":"pa_collection-gifts-unbranded-essential-oils-no","13":"pa_made-in-ungarn","14":"pa_size-10ml","16":"first","17":"instock","18":"purchasable","19":"product-type-simple"},"supplier_id":null,"supplier_sku":"EOUL-58","barcode":null,"atum_controlled":true,"out_stock_date":null,"out_stock_threshold":null,"inheritable":false,"inbound_stock":null,"stock_on_hold":0,"sold_today":0,"sales_last_days":0,"reserved_stock":null,"customer_returns":null,"warehouse_damage":null,"lost_in_post":null,"other_logs":null,"out_stock_days":0,"lost_sales":0,"has_location":null,"update_date":"2026-04-27T07:01:53","atum_locations":[],"atum_stock_status":"instock","restock_status":false,"low_stock_amount":"","sales_update_date":"2025-09-05T00:16:42","calc_backorders":null,"_links":{"self":[{"href":"https:\/\/aromasentia.com\/no\/wp-json\/wp\/v2\/product\/209924","targetHints":{"allow":["GET"]}}],"collection":[{"href":"https:\/\/aromasentia.com\/no\/wp-json\/wp\/v2\/product"}],"about":[{"href":"https:\/\/aromasentia.com\/no\/wp-json\/wp\/v2\/types\/product"}],"replies":[{"embeddable":true,"href":"https:\/\/aromasentia.com\/no\/wp-json\/wp\/v2\/comments?post=209924"}],"version-history":[{"count":0,"href":"https:\/\/aromasentia.com\/no\/wp-json\/wp\/v2\/product\/209924\/revisions"}],"wp:featuredmedia":[{"embeddable":true,"href":"https:\/\/aromasentia.com\/no\/wp-json\/wp\/v2\/media\/264189"}],"wp:attachment":[{"href":"https:\/\/aromasentia.com\/no\/wp-json\/wp\/v2\/media?parent=209924"}],"wp:term":[{"taxonomy":"product_brand","embeddable":true,"href":"https:\/\/aromasentia.com\/no\/wp-json\/wp\/v2\/product_brand?post=209924"},{"taxonomy":"product_cat","embeddable":true,"href":"https:\/\/aromasentia.com\/no\/wp-json\/wp\/v2\/product_cat?post=209924"},{"taxonomy":"product_tag","embeddable":true,"href":"https:\/\/aromasentia.com\/no\/wp-json\/wp\/v2\/product_tag?post=209924"}],"curies":[{"name":"wp","href":"https:\/\/api.w.org\/{rel}","templated":true}]}}