{"id":209923,"date":"2025-03-20T14:58:02","date_gmt":"2025-03-20T14:58:02","guid":{"rendered":"https:\/\/aromasentia.com\/product\/10x-10ml-white-camphor-essential-oil-unlabelled\/"},"modified":"2025-05-31T06:48:08","modified_gmt":"2025-05-31T06:48:08","slug":"hvit-kamfer-eterisk-olje-uten-etikett-10ml-10stk","status":"publish","type":"product","link":"https:\/\/aromasentia.com\/no\/hvit-kamfer-eterisk-olje-uten-etikett-10ml-10stk\/","title":{"rendered":"Hvit Kamfer Eterisk Olje Uten Etikett &#8211; 10ml \/ 10Stk."},"content":{"rendered":"<p>Opplev den kraftige, klargj\u00f8rende duften av denne umerkede 10-pakningen med 10 ml White Camphor Essential Oil. Med sin sterke, gjennomtrengende og medisinske duft brukes hvit kamferolje tradisjonelt for sine stimulerende, avsvellende og smertestillende effekter. Den kan v\u00e6re spesielt gunstig i blandinger som har til hensikt \u00e5 st\u00f8tte luftveiene, lindre muskelsmerter eller fungere som et naturlig insektmiddel. Den skarpe, energigivende duften bidrar ogs\u00e5 til \u00e5 klarne tankene og fremme mental \u00e5rv\u00e5kenhet. En klassisk terapeutisk olje.<\/p>\n","protected":false},"excerpt":{"rendered":"<p>Opplev den kraftige, klargj\u00f8rende duften av denne umerkede 10-pakningen med 10 ml White Camphor Essential Oil. Med sin sterke, gjennomtrengende og medisinske duft brukes hvit kamferolje tradisjonelt for sine stimulerende, avsvellende og smertestillende effekter. Den kan v\u00e6re spesielt gunstig i blandinger som har til hensikt \u00e5 st\u00f8tte luftveiene, lindre muskelsmerter eller fungere som et naturlig [&hellip;]<\/p>\n","protected":false},"featured_media":264180,"comment_status":"closed","ping_status":"open","template":"","meta":{"_angie_page":false},"product_brand":[27096],"product_cat":[9065,25843,10236,26434,26869],"product_tag":[],"class_list":{"0":"post-209923","1":"product","2":"type-product","3":"status-publish","4":"has-post-thumbnail","6":"product_brand-ancient-wisdom","7":"product_cat-aromaterapi-og-romduft","8":"product_cat-dufter-aromaer","9":"product_cat-eteriske-oljer","10":"product_cat-hvit-kamfer","11":"product_cat-medisinsk-kamferaktig","12":"pa_collection-gifts-unbranded-essential-oils-no","13":"pa_made-in-kina","14":"pa_size-10ml","16":"first","17":"instock","18":"purchasable","19":"product-type-simple"},"supplier_id":null,"supplier_sku":"EOUL-57","barcode":null,"atum_controlled":true,"out_stock_date":null,"out_stock_threshold":null,"inheritable":false,"inbound_stock":null,"stock_on_hold":0,"sold_today":0,"sales_last_days":0,"reserved_stock":null,"customer_returns":null,"warehouse_damage":null,"lost_in_post":null,"other_logs":null,"out_stock_days":0,"lost_sales":0,"has_location":null,"update_date":"2026-05-08T05:08:28","atum_locations":[],"atum_stock_status":"instock","restock_status":false,"low_stock_amount":"","sales_update_date":"2026-01-30T01:25:52","calc_backorders":null,"_links":{"self":[{"href":"https:\/\/aromasentia.com\/no\/wp-json\/wp\/v2\/product\/209923","targetHints":{"allow":["GET"]}}],"collection":[{"href":"https:\/\/aromasentia.com\/no\/wp-json\/wp\/v2\/product"}],"about":[{"href":"https:\/\/aromasentia.com\/no\/wp-json\/wp\/v2\/types\/product"}],"replies":[{"embeddable":true,"href":"https:\/\/aromasentia.com\/no\/wp-json\/wp\/v2\/comments?post=209923"}],"version-history":[{"count":0,"href":"https:\/\/aromasentia.com\/no\/wp-json\/wp\/v2\/product\/209923\/revisions"}],"wp:featuredmedia":[{"embeddable":true,"href":"https:\/\/aromasentia.com\/no\/wp-json\/wp\/v2\/media\/264180"}],"wp:attachment":[{"href":"https:\/\/aromasentia.com\/no\/wp-json\/wp\/v2\/media?parent=209923"}],"wp:term":[{"taxonomy":"product_brand","embeddable":true,"href":"https:\/\/aromasentia.com\/no\/wp-json\/wp\/v2\/product_brand?post=209923"},{"taxonomy":"product_cat","embeddable":true,"href":"https:\/\/aromasentia.com\/no\/wp-json\/wp\/v2\/product_cat?post=209923"},{"taxonomy":"product_tag","embeddable":true,"href":"https:\/\/aromasentia.com\/no\/wp-json\/wp\/v2\/product_tag?post=209923"}],"curies":[{"name":"wp","href":"https:\/\/api.w.org\/{rel}","templated":true}]}}