{"id":209921,"date":"2025-03-20T14:58:02","date_gmt":"2025-03-20T14:58:02","guid":{"rendered":"https:\/\/aromasentia.com\/product\/10x-10ml-carrot-seed-essential-oil-unlabelled\/"},"modified":"2025-05-31T06:48:00","modified_gmt":"2025-05-31T06:48:00","slug":"gulrotfro-eterisk-olje-uten-etikett-10ml-10stk","status":"publish","type":"product","link":"https:\/\/aromasentia.com\/no\/gulrotfro-eterisk-olje-uten-etikett-10ml-10stk\/","title":{"rendered":"Gulrotfr\u00f8 Eterisk Olje Uten Etikett &#8211; 10ml \/ 10Stk."},"content":{"rendered":"<p>Forynge og reparere med denne umerkede 10-pakningen med 10 ml eterisk olje av gulrotfr\u00f8. Denne oljen har en unik t\u00f8rr, jordaktig, treaktig og litt s\u00f8tlig aroma. Gulrotfr\u00f8 er h\u00f8yt verdsatt i hudpleie for sine kraftige foryngende, tonende og antioksidantegenskaper. Den bidrar til \u00e5 revitalisere matt hud, forbedre elastisiteten og st\u00f8tte helingen av skadet hud. Den er utmerket for moden eller milj\u00f8belastet hud, og gir en sunn og levende gl\u00f8d. En spesialolje for avanserte hudpleieformuleringer, klar for merkevarebygging.<\/p>\n","protected":false},"excerpt":{"rendered":"<p>Forynge og reparere med denne umerkede 10-pakningen med 10 ml eterisk olje av gulrotfr\u00f8. Denne oljen har en unik t\u00f8rr, jordaktig, treaktig og litt s\u00f8tlig aroma. Gulrotfr\u00f8 er h\u00f8yt verdsatt i hudpleie for sine kraftige foryngende, tonende og antioksidantegenskaper. Den bidrar til \u00e5 revitalisere matt hud, forbedre elastisiteten og st\u00f8tte helingen av skadet hud. Den [&hellip;]<\/p>\n","protected":false},"featured_media":264162,"comment_status":"closed","ping_status":"open","template":"","meta":{"_angie_page":false},"product_brand":[27096],"product_cat":[9065,25843,10236,26118,26827],"product_tag":[],"class_list":{"0":"post-209921","1":"product","2":"type-product","3":"status-publish","4":"has-post-thumbnail","6":"product_brand-ancient-wisdom","7":"product_cat-aromaterapi-og-romduft","8":"product_cat-dufter-aromaer","9":"product_cat-eteriske-oljer","10":"product_cat-gulrotfro","11":"product_cat-jordlig-gronn","12":"pa_collection-gifts-unbranded-essential-oils-no","13":"pa_made-in-india","14":"pa_size-10ml","16":"first","17":"outofstock","18":"purchasable","19":"product-type-simple"},"supplier_id":null,"supplier_sku":"EOUL-55","barcode":null,"atum_controlled":true,"out_stock_date":"2025-09-04 23:09:46","out_stock_threshold":null,"inheritable":false,"inbound_stock":null,"stock_on_hold":0,"sold_today":0,"sales_last_days":0,"reserved_stock":null,"customer_returns":null,"warehouse_damage":null,"lost_in_post":null,"other_logs":null,"out_stock_days":0,"lost_sales":0,"has_location":null,"update_date":"2026-04-27T07:01:53","atum_locations":[],"atum_stock_status":"outofstock","restock_status":false,"low_stock_amount":"","sales_update_date":"2025-09-02T00:11:52","calc_backorders":null,"_links":{"self":[{"href":"https:\/\/aromasentia.com\/no\/wp-json\/wp\/v2\/product\/209921","targetHints":{"allow":["GET"]}}],"collection":[{"href":"https:\/\/aromasentia.com\/no\/wp-json\/wp\/v2\/product"}],"about":[{"href":"https:\/\/aromasentia.com\/no\/wp-json\/wp\/v2\/types\/product"}],"replies":[{"embeddable":true,"href":"https:\/\/aromasentia.com\/no\/wp-json\/wp\/v2\/comments?post=209921"}],"version-history":[{"count":0,"href":"https:\/\/aromasentia.com\/no\/wp-json\/wp\/v2\/product\/209921\/revisions"}],"wp:featuredmedia":[{"embeddable":true,"href":"https:\/\/aromasentia.com\/no\/wp-json\/wp\/v2\/media\/264162"}],"wp:attachment":[{"href":"https:\/\/aromasentia.com\/no\/wp-json\/wp\/v2\/media?parent=209921"}],"wp:term":[{"taxonomy":"product_brand","embeddable":true,"href":"https:\/\/aromasentia.com\/no\/wp-json\/wp\/v2\/product_brand?post=209921"},{"taxonomy":"product_cat","embeddable":true,"href":"https:\/\/aromasentia.com\/no\/wp-json\/wp\/v2\/product_cat?post=209921"},{"taxonomy":"product_tag","embeddable":true,"href":"https:\/\/aromasentia.com\/no\/wp-json\/wp\/v2\/product_tag?post=209921"}],"curies":[{"name":"wp","href":"https:\/\/api.w.org\/{rel}","templated":true}]}}