{"id":209919,"date":"2025-03-20T14:58:02","date_gmt":"2025-03-20T14:58:02","guid":{"rendered":"https:\/\/aromasentia.com\/product\/10x-10ml-may-chang-essential-oil-unlabelled\/"},"modified":"2025-05-31T06:47:53","modified_gmt":"2025-05-31T06:47:53","slug":"may-chang-eterisk-olje-uten-etikett-10ml-10stk","status":"publish","type":"product","link":"https:\/\/aromasentia.com\/no\/may-chang-eterisk-olje-uten-etikett-10ml-10stk\/","title":{"rendered":"May Chang Eterisk Olje Uten Etikett &#8211; 10ml \/ 10Stk."},"content":{"rendered":"<p>Bli i bedre hum\u00f8r med denne umerkede 10-pakningen med 10 ml May Chang Essential Oil. Denne oljen, ogs\u00e5 kjent som Litsea Cubeba, har en intens frisk, sitronaktig, fruktig og s\u00f8t sitrusaroma som ofte beskrives som &laquo;gladere enn sitron&raquo;. May Chang er fantastisk oppl\u00f8ftende og bidrar til \u00e5 bekjempe tretthet, redusere angst og fremme f\u00f8lelser av glede og optimisme. Dens rensende egenskaper gj\u00f8r den ogs\u00e5 perfekt til \u00e5 friske opp luften og fet hud. En virkelig munter og oppkvikkende olje for diffusjon og livlige blandinger.<\/p>\n","protected":false},"excerpt":{"rendered":"<p>Bli i bedre hum\u00f8r med denne umerkede 10-pakningen med 10 ml May Chang Essential Oil. Denne oljen, ogs\u00e5 kjent som Litsea Cubeba, har en intens frisk, sitronaktig, fruktig og s\u00f8t sitrusaroma som ofte beskrives som &laquo;gladere enn sitron&raquo;. May Chang er fantastisk oppl\u00f8ftende og bidrar til \u00e5 bekjempe tretthet, redusere angst og fremme f\u00f8lelser av [&hellip;]<\/p>\n","protected":false},"featured_media":264144,"comment_status":"closed","ping_status":"open","template":"","meta":{"_angie_page":false},"product_brand":[27096],"product_cat":[9065,25843,10236,26271],"product_tag":[],"class_list":{"0":"post-209919","1":"product","2":"type-product","3":"status-publish","4":"has-post-thumbnail","6":"product_brand-ancient-wisdom","7":"product_cat-aromaterapi-og-romduft","8":"product_cat-dufter-aromaer","9":"product_cat-eteriske-oljer","10":"product_cat-may-chang-litsea-cubeba","11":"pa_collection-gifts-unbranded-essential-oils-no","12":"pa_made-in-kina","13":"pa_size-10ml","15":"first","16":"instock","17":"purchasable","18":"product-type-simple"},"supplier_id":null,"supplier_sku":"EOUL-52","barcode":null,"atum_controlled":true,"out_stock_date":null,"out_stock_threshold":null,"inheritable":false,"inbound_stock":null,"stock_on_hold":0,"sold_today":0,"sales_last_days":0,"reserved_stock":null,"customer_returns":null,"warehouse_damage":null,"lost_in_post":null,"other_logs":null,"out_stock_days":0,"lost_sales":0,"has_location":null,"update_date":"2026-04-27T07:01:53","atum_locations":[],"atum_stock_status":"instock","restock_status":false,"low_stock_amount":"","sales_update_date":"2026-02-06T00:02:35","calc_backorders":null,"_links":{"self":[{"href":"https:\/\/aromasentia.com\/no\/wp-json\/wp\/v2\/product\/209919","targetHints":{"allow":["GET"]}}],"collection":[{"href":"https:\/\/aromasentia.com\/no\/wp-json\/wp\/v2\/product"}],"about":[{"href":"https:\/\/aromasentia.com\/no\/wp-json\/wp\/v2\/types\/product"}],"replies":[{"embeddable":true,"href":"https:\/\/aromasentia.com\/no\/wp-json\/wp\/v2\/comments?post=209919"}],"version-history":[{"count":0,"href":"https:\/\/aromasentia.com\/no\/wp-json\/wp\/v2\/product\/209919\/revisions"}],"wp:featuredmedia":[{"embeddable":true,"href":"https:\/\/aromasentia.com\/no\/wp-json\/wp\/v2\/media\/264144"}],"wp:attachment":[{"href":"https:\/\/aromasentia.com\/no\/wp-json\/wp\/v2\/media?parent=209919"}],"wp:term":[{"taxonomy":"product_brand","embeddable":true,"href":"https:\/\/aromasentia.com\/no\/wp-json\/wp\/v2\/product_brand?post=209919"},{"taxonomy":"product_cat","embeddable":true,"href":"https:\/\/aromasentia.com\/no\/wp-json\/wp\/v2\/product_cat?post=209919"},{"taxonomy":"product_tag","embeddable":true,"href":"https:\/\/aromasentia.com\/no\/wp-json\/wp\/v2\/product_tag?post=209919"}],"curies":[{"name":"wp","href":"https:\/\/api.w.org\/{rel}","templated":true}]}}