{"id":209918,"date":"2025-03-20T14:58:02","date_gmt":"2025-03-20T14:58:02","guid":{"rendered":"https:\/\/aromasentia.com\/product\/10x-10ml-hyssop-essential-oil-unlabelled\/"},"modified":"2025-05-31T06:47:49","modified_gmt":"2025-05-31T06:47:49","slug":"isop-eterisk-olje-uten-etikett-10ml-10stk","status":"publish","type":"product","link":"https:\/\/aromasentia.com\/no\/isop-eterisk-olje-uten-etikett-10ml-10stk\/","title":{"rendered":"Isop Eterisk Olje Uten Etikett &#8211; 10ml \/ 10Stk."},"content":{"rendered":"<p>Rens og l\u00f8ft opp med denne umerkede 10-pakningen med 10 ml eterisk olje av isop. Isop har en frisk, kamferaktig, urteaktig og litt s\u00f8tlig aroma. Tradisjonelt har den blitt brukt for sine sliml\u00f8sende og antivirale egenskaper, noe som bidrar til \u00e5 st\u00f8tte luftveiene og rense systemet. Duften kan virke klargj\u00f8rende og oppl\u00f8ftende p\u00e5 sinnet. Det er en potent olje som skal brukes med bevissthet, og den er verdsatt for sin evne til \u00e5 fremme klar pust og en f\u00f8lelse av \u00e5ndelig renselse, i p\u00e5vente av din egendefinerte etikett.<\/p>\n","protected":false},"excerpt":{"rendered":"<p>Rens og l\u00f8ft opp med denne umerkede 10-pakningen med 10 ml eterisk olje av isop. Isop har en frisk, kamferaktig, urteaktig og litt s\u00f8tlig aroma. Tradisjonelt har den blitt brukt for sine sliml\u00f8sende og antivirale egenskaper, noe som bidrar til \u00e5 st\u00f8tte luftveiene og rense systemet. Duften kan virke klargj\u00f8rende og oppl\u00f8ftende p\u00e5 sinnet. Det [&hellip;]<\/p>\n","protected":false},"featured_media":264135,"comment_status":"closed","ping_status":"open","template":"","meta":{"_angie_page":false},"product_brand":[27096],"product_cat":[9065,25843,10236,26220,26862],"product_tag":[],"class_list":{"0":"post-209918","1":"product","2":"type-product","3":"status-publish","4":"has-post-thumbnail","6":"product_brand-ancient-wisdom","7":"product_cat-aromaterapi-og-romduft","8":"product_cat-dufter-aromaer","9":"product_cat-eteriske-oljer","10":"product_cat-isop","11":"product_cat-urte-aromatisk","12":"pa_collection-gifts-unbranded-essential-oils-no","13":"pa_made-in-kroatia","14":"pa_size-10ml","16":"first","17":"instock","18":"purchasable","19":"product-type-simple"},"supplier_id":null,"supplier_sku":"EOUL-51","barcode":null,"atum_controlled":true,"out_stock_date":null,"out_stock_threshold":null,"inheritable":false,"inbound_stock":null,"stock_on_hold":0,"sold_today":0,"sales_last_days":0,"reserved_stock":null,"customer_returns":null,"warehouse_damage":null,"lost_in_post":null,"other_logs":null,"out_stock_days":0,"lost_sales":0,"has_location":null,"update_date":"2026-05-08T05:08:28","atum_locations":[],"atum_stock_status":"instock","restock_status":false,"low_stock_amount":"","sales_update_date":"2026-01-30T01:25:28","calc_backorders":null,"_links":{"self":[{"href":"https:\/\/aromasentia.com\/no\/wp-json\/wp\/v2\/product\/209918","targetHints":{"allow":["GET"]}}],"collection":[{"href":"https:\/\/aromasentia.com\/no\/wp-json\/wp\/v2\/product"}],"about":[{"href":"https:\/\/aromasentia.com\/no\/wp-json\/wp\/v2\/types\/product"}],"replies":[{"embeddable":true,"href":"https:\/\/aromasentia.com\/no\/wp-json\/wp\/v2\/comments?post=209918"}],"version-history":[{"count":0,"href":"https:\/\/aromasentia.com\/no\/wp-json\/wp\/v2\/product\/209918\/revisions"}],"wp:featuredmedia":[{"embeddable":true,"href":"https:\/\/aromasentia.com\/no\/wp-json\/wp\/v2\/media\/264135"}],"wp:attachment":[{"href":"https:\/\/aromasentia.com\/no\/wp-json\/wp\/v2\/media?parent=209918"}],"wp:term":[{"taxonomy":"product_brand","embeddable":true,"href":"https:\/\/aromasentia.com\/no\/wp-json\/wp\/v2\/product_brand?post=209918"},{"taxonomy":"product_cat","embeddable":true,"href":"https:\/\/aromasentia.com\/no\/wp-json\/wp\/v2\/product_cat?post=209918"},{"taxonomy":"product_tag","embeddable":true,"href":"https:\/\/aromasentia.com\/no\/wp-json\/wp\/v2\/product_tag?post=209918"}],"curies":[{"name":"wp","href":"https:\/\/api.w.org\/{rel}","templated":true}]}}