{"id":209914,"date":"2025-03-20T14:58:30","date_gmt":"2025-03-20T14:58:30","guid":{"rendered":"https:\/\/aromasentia.com\/product\/10x-10ml-ylang-ylang-iii-essential-oil-unlabelled\/"},"modified":"2025-05-31T06:47:28","modified_gmt":"2025-05-31T06:47:28","slug":"ylang-ylang-iii-eterisk-olje-uten-etikett-10ml-10stk","status":"publish","type":"product","link":"https:\/\/aromasentia.com\/no\/ylang-ylang-iii-eterisk-olje-uten-etikett-10ml-10stk\/","title":{"rendered":"Ylang Ylang Iii Eterisk Olje Uten Etikett &#8211; 10ml \/ 10Stk."},"content":{"rendered":"<p>Unn deg de dypt blomstrende og eksotiske tonene i denne umerkede 10-pakningen med 10 ml Ylang Ylang III eterisk olje. Ylang Ylang I regnes ofte som den beste parfymekvaliteten, men Ylang Ylang III har fortsatt en vakker, s\u00f8t og utholdende blomsteraroma, som ofte er mer balsamisk og mindre intens og skarp. Den beholder Ylang Ylangs klassiske avslappende, stemningsskapende og afrodisiakumaktige egenskaper, noe som gj\u00f8r den ypperlig til \u00e5 lindre stress og skape en sensuell atmosf\u00e6re. Et nydelig og rimelig alternativ for \u00e5 nyte denne tropiske skatten.<\/p>\n","protected":false},"excerpt":{"rendered":"<p>Unn deg de dypt blomstrende og eksotiske tonene i denne umerkede 10-pakningen med 10 ml Ylang Ylang III eterisk olje. Ylang Ylang I regnes ofte som den beste parfymekvaliteten, men Ylang Ylang III har fortsatt en vakker, s\u00f8t og utholdende blomsteraroma, som ofte er mer balsamisk og mindre intens og skarp. Den beholder Ylang Ylangs [&hellip;]<\/p>\n","protected":false},"featured_media":264333,"comment_status":"closed","ping_status":"open","template":"","meta":{"_angie_page":false},"product_brand":[27096],"product_cat":[9065,26834,25843,10236,26445],"product_tag":[],"class_list":{"0":"post-209914","1":"product","2":"type-product","3":"status-publish","4":"has-post-thumbnail","6":"product_brand-ancient-wisdom","7":"product_cat-aromaterapi-og-romduft","8":"product_cat-blomster","9":"product_cat-dufter-aromaer","10":"product_cat-eteriske-oljer","11":"product_cat-ylang-ylang","12":"pa_collection-gifts-unbranded-essential-oils-no","13":"pa_made-in-komorene","14":"pa_size-10ml","16":"first","17":"instock","18":"purchasable","19":"product-type-simple"},"supplier_id":null,"supplier_sku":"EOUL-82","barcode":null,"atum_controlled":true,"out_stock_date":null,"out_stock_threshold":null,"inheritable":false,"inbound_stock":null,"stock_on_hold":0,"sold_today":0,"sales_last_days":0,"reserved_stock":null,"customer_returns":null,"warehouse_damage":null,"lost_in_post":null,"other_logs":null,"out_stock_days":0,"lost_sales":0,"has_location":null,"update_date":"2026-05-08T05:08:29","atum_locations":[],"atum_stock_status":"instock","restock_status":false,"low_stock_amount":"","sales_update_date":"2026-01-30T01:26:17","calc_backorders":null,"_links":{"self":[{"href":"https:\/\/aromasentia.com\/no\/wp-json\/wp\/v2\/product\/209914","targetHints":{"allow":["GET"]}}],"collection":[{"href":"https:\/\/aromasentia.com\/no\/wp-json\/wp\/v2\/product"}],"about":[{"href":"https:\/\/aromasentia.com\/no\/wp-json\/wp\/v2\/types\/product"}],"replies":[{"embeddable":true,"href":"https:\/\/aromasentia.com\/no\/wp-json\/wp\/v2\/comments?post=209914"}],"version-history":[{"count":0,"href":"https:\/\/aromasentia.com\/no\/wp-json\/wp\/v2\/product\/209914\/revisions"}],"wp:featuredmedia":[{"embeddable":true,"href":"https:\/\/aromasentia.com\/no\/wp-json\/wp\/v2\/media\/264333"}],"wp:attachment":[{"href":"https:\/\/aromasentia.com\/no\/wp-json\/wp\/v2\/media?parent=209914"}],"wp:term":[{"taxonomy":"product_brand","embeddable":true,"href":"https:\/\/aromasentia.com\/no\/wp-json\/wp\/v2\/product_brand?post=209914"},{"taxonomy":"product_cat","embeddable":true,"href":"https:\/\/aromasentia.com\/no\/wp-json\/wp\/v2\/product_cat?post=209914"},{"taxonomy":"product_tag","embeddable":true,"href":"https:\/\/aromasentia.com\/no\/wp-json\/wp\/v2\/product_tag?post=209914"}],"curies":[{"name":"wp","href":"https:\/\/api.w.org\/{rel}","templated":true}]}}