{"id":209912,"date":"2025-03-20T14:58:30","date_gmt":"2025-03-20T14:58:30","guid":{"rendered":"https:\/\/aromasentia.com\/product\/10x-10ml-rose-geranium-essential-oil-unlabelled\/"},"modified":"2025-05-31T06:47:18","modified_gmt":"2025-05-31T06:47:18","slug":"rosengeranium-eterisk-olje-uten-etikett-10ml-10stk","status":"publish","type":"product","link":"https:\/\/aromasentia.com\/no\/rosengeranium-eterisk-olje-uten-etikett-10ml-10stk\/","title":{"rendered":"Rosengeranium Eterisk Olje Uten Etikett &#8211; 10ml \/ 10Stk."},"content":{"rendered":"<p>Nyt de harmoniske blomstertonene i denne umerkede 10-pakningen med 10 ml eterisk olje av rosegeranium. Denne vakre oljen kombinerer de rosenr\u00f8de tonene fra geranium med en tydelig likhet med ekte rose, og gir en s\u00f8t, oppl\u00f8ftende og balanserende blomsterduft. Den er verdsatt for sin evne til \u00e5 harmonisere f\u00f8lelser, berolige angst og st\u00f8tte kvinners velv\u00e6re. I hudpleie bidrar den til \u00e5 balansere talg og fremme en sunn hudfarge. En virkelig herlig og allsidig blomsterolje for parfymer, hudpleie og emosjonell balanse.<\/p>\n","protected":false},"excerpt":{"rendered":"<p>Nyt de harmoniske blomstertonene i denne umerkede 10-pakningen med 10 ml eterisk olje av rosegeranium. Denne vakre oljen kombinerer de rosenr\u00f8de tonene fra geranium med en tydelig likhet med ekte rose, og gir en s\u00f8t, oppl\u00f8ftende og balanserende blomsterduft. Den er verdsatt for sin evne til \u00e5 harmonisere f\u00f8lelser, berolige angst og st\u00f8tte kvinners velv\u00e6re. [&hellip;]<\/p>\n","protected":false},"featured_media":264315,"comment_status":"closed","ping_status":"open","template":"","meta":{"_angie_page":false},"product_brand":[27096],"product_cat":[9065,26834,25843,10236,26187,26366],"product_tag":[],"class_list":{"0":"post-209912","1":"product","2":"type-product","3":"status-publish","4":"has-post-thumbnail","6":"product_brand-ancient-wisdom","7":"product_cat-aromaterapi-og-romduft","8":"product_cat-blomster","9":"product_cat-dufter-aromaer","10":"product_cat-eteriske-oljer","11":"product_cat-geranium","12":"product_cat-rose","13":"pa_collection-gifts-unbranded-essential-oils-no","14":"pa_made-in-egypt","15":"pa_size-10ml","17":"first","18":"instock","19":"purchasable","20":"product-type-simple"},"supplier_id":null,"supplier_sku":"EOUL-75","barcode":null,"atum_controlled":true,"out_stock_date":null,"out_stock_threshold":null,"inheritable":false,"inbound_stock":null,"stock_on_hold":0,"sold_today":0,"sales_last_days":0,"reserved_stock":null,"customer_returns":null,"warehouse_damage":null,"lost_in_post":null,"other_logs":null,"out_stock_days":0,"lost_sales":0,"has_location":null,"update_date":"2026-04-27T07:02:01","atum_locations":[],"atum_stock_status":"instock","restock_status":false,"low_stock_amount":"","sales_update_date":"2026-01-30T01:26:02","calc_backorders":null,"_links":{"self":[{"href":"https:\/\/aromasentia.com\/no\/wp-json\/wp\/v2\/product\/209912","targetHints":{"allow":["GET"]}}],"collection":[{"href":"https:\/\/aromasentia.com\/no\/wp-json\/wp\/v2\/product"}],"about":[{"href":"https:\/\/aromasentia.com\/no\/wp-json\/wp\/v2\/types\/product"}],"replies":[{"embeddable":true,"href":"https:\/\/aromasentia.com\/no\/wp-json\/wp\/v2\/comments?post=209912"}],"version-history":[{"count":0,"href":"https:\/\/aromasentia.com\/no\/wp-json\/wp\/v2\/product\/209912\/revisions"}],"wp:featuredmedia":[{"embeddable":true,"href":"https:\/\/aromasentia.com\/no\/wp-json\/wp\/v2\/media\/264315"}],"wp:attachment":[{"href":"https:\/\/aromasentia.com\/no\/wp-json\/wp\/v2\/media?parent=209912"}],"wp:term":[{"taxonomy":"product_brand","embeddable":true,"href":"https:\/\/aromasentia.com\/no\/wp-json\/wp\/v2\/product_brand?post=209912"},{"taxonomy":"product_cat","embeddable":true,"href":"https:\/\/aromasentia.com\/no\/wp-json\/wp\/v2\/product_cat?post=209912"},{"taxonomy":"product_tag","embeddable":true,"href":"https:\/\/aromasentia.com\/no\/wp-json\/wp\/v2\/product_tag?post=209912"}],"curies":[{"name":"wp","href":"https:\/\/api.w.org\/{rel}","templated":true}]}}