{"id":209909,"date":"2025-03-20T14:58:30","date_gmt":"2025-03-20T14:58:30","guid":{"rendered":"https:\/\/aromasentia.com\/product\/10x-10ml-lemon-tea-tree-unlabelled\/"},"modified":"2025-05-31T06:47:05","modified_gmt":"2025-05-31T06:47:05","slug":"10x-10ml-lemon-tea-tree-uten-etikett","status":"publish","type":"product","link":"https:\/\/aromasentia.com\/no\/10x-10ml-lemon-tea-tree-uten-etikett\/","title":{"rendered":"10x 10ml Lemon Tea Tree Uten Etikett"},"content":{"rendered":"<p>Rens og styrk med denne umerkede 10-pakningen med 10 ml Lemon Tea Tree Essential Oil. Denne livlige oljen, ogs\u00e5 kjent som Lemon-Scented Tea Tree, kombinerer de kraftige antiseptiske egenskapene til tradisjonell Tea Tree med en lys, oppl\u00f8ftende sitronaroma. Den er utmerket til \u00e5 rense luften, avvise insekter og brukes i naturlige rengj\u00f8ringsl\u00f8sninger. Den muntre, friske duften er mindre medisinsk enn vanlig Tea Tree, noe som gj\u00f8r den til et behagelig valg for diffusjon, samtidig som den har sterke rensende egenskaper for hjem og hud.<\/p>\n","protected":false},"excerpt":{"rendered":"<p>Rens og styrk med denne umerkede 10-pakningen med 10 ml Lemon Tea Tree Essential Oil. Denne livlige oljen, ogs\u00e5 kjent som Lemon-Scented Tea Tree, kombinerer de kraftige antiseptiske egenskapene til tradisjonell Tea Tree med en lys, oppl\u00f8ftende sitronaroma. Den er utmerket til \u00e5 rense luften, avvise insekter og brukes i naturlige rengj\u00f8ringsl\u00f8sninger. Den muntre, friske [&hellip;]<\/p>\n","protected":false},"featured_media":264288,"comment_status":"closed","ping_status":"open","template":"","meta":{"_angie_page":false},"product_brand":[27096],"product_cat":[9065,25843,26242],"product_tag":[],"class_list":{"0":"post-209909","1":"product","2":"type-product","3":"status-publish","4":"has-post-thumbnail","6":"product_brand-ancient-wisdom","7":"product_cat-aromaterapi-og-romduft","8":"product_cat-dufter-aromaer","9":"product_cat-sitron-tea-tree","10":"pa_collection-gifts-unbranded-essential-oils-no","11":"pa_made-in-australia","12":"pa_size-10ml","14":"first","15":"instock","16":"purchasable","17":"product-type-simple"},"supplier_id":null,"supplier_sku":"EOUL-72","barcode":null,"atum_controlled":true,"out_stock_date":null,"out_stock_threshold":null,"inheritable":false,"inbound_stock":null,"stock_on_hold":0,"sold_today":0,"sales_last_days":0,"reserved_stock":null,"customer_returns":null,"warehouse_damage":null,"lost_in_post":null,"other_logs":null,"out_stock_days":0,"lost_sales":0,"has_location":null,"update_date":"2026-04-27T07:02:01","atum_locations":[],"atum_stock_status":"instock","restock_status":false,"low_stock_amount":"","sales_update_date":"2026-02-06T00:01:31","calc_backorders":null,"_links":{"self":[{"href":"https:\/\/aromasentia.com\/no\/wp-json\/wp\/v2\/product\/209909","targetHints":{"allow":["GET"]}}],"collection":[{"href":"https:\/\/aromasentia.com\/no\/wp-json\/wp\/v2\/product"}],"about":[{"href":"https:\/\/aromasentia.com\/no\/wp-json\/wp\/v2\/types\/product"}],"replies":[{"embeddable":true,"href":"https:\/\/aromasentia.com\/no\/wp-json\/wp\/v2\/comments?post=209909"}],"version-history":[{"count":0,"href":"https:\/\/aromasentia.com\/no\/wp-json\/wp\/v2\/product\/209909\/revisions"}],"wp:featuredmedia":[{"embeddable":true,"href":"https:\/\/aromasentia.com\/no\/wp-json\/wp\/v2\/media\/264288"}],"wp:attachment":[{"href":"https:\/\/aromasentia.com\/no\/wp-json\/wp\/v2\/media?parent=209909"}],"wp:term":[{"taxonomy":"product_brand","embeddable":true,"href":"https:\/\/aromasentia.com\/no\/wp-json\/wp\/v2\/product_brand?post=209909"},{"taxonomy":"product_cat","embeddable":true,"href":"https:\/\/aromasentia.com\/no\/wp-json\/wp\/v2\/product_cat?post=209909"},{"taxonomy":"product_tag","embeddable":true,"href":"https:\/\/aromasentia.com\/no\/wp-json\/wp\/v2\/product_tag?post=209909"}],"curies":[{"name":"wp","href":"https:\/\/api.w.org\/{rel}","templated":true}]}}