{"id":209908,"date":"2025-03-20T14:58:30","date_gmt":"2025-03-20T14:58:30","guid":{"rendered":"https:\/\/aromasentia.com\/product\/10x-10ml-ho-wood-essential-oil-unlabelled\/"},"modified":"2025-05-31T06:47:02","modified_gmt":"2025-05-31T06:47:02","slug":"ho-wood-eterisk-olje-uten-etikett-10ml-10stk","status":"publish","type":"product","link":"https:\/\/aromasentia.com\/no\/ho-wood-eterisk-olje-uten-etikett-10ml-10stk\/","title":{"rendered":"Ho Wood Eterisk Olje Uten Etikett &#8211; 10ml \/ 10Stk."},"content":{"rendered":"<p>Opplev den milde styrken i denne umerkede 10-pakningen med 10 ml Ho Wood Essential Oil. Ho Wood har en nydelig s\u00f8t, treaktig og litt blomsteraktig aroma, og brukes ofte som et b\u00e6rekraftig alternativ til rosentre p\u00e5 grunn av sitt h\u00f8ye innhold av linalool. Den er fantastisk beroligende, avslappende og oppl\u00f8ftende, noe som bidrar til \u00e5 lette stress og fremme f\u00f8lelsesmessig balanse. Den er sk\u00e5nsom mot huden og er ogs\u00e5 verdsatt i hudpleie for sine beroligende og foryngende egenskaper. En virkelig fredfull og allsidig olje for daglig velv\u00e6re.<\/p>\n","protected":false},"excerpt":{"rendered":"<p>Opplev den milde styrken i denne umerkede 10-pakningen med 10 ml Ho Wood Essential Oil. Ho Wood har en nydelig s\u00f8t, treaktig og litt blomsteraktig aroma, og brukes ofte som et b\u00e6rekraftig alternativ til rosentre p\u00e5 grunn av sitt h\u00f8ye innhold av linalool. Den er fantastisk beroligende, avslappende og oppl\u00f8ftende, noe som bidrar til \u00e5 [&hellip;]<\/p>\n","protected":false},"featured_media":264279,"comment_status":"closed","ping_status":"open","template":"","meta":{"_angie_page":false},"product_brand":[27096],"product_cat":[9065,25843,10236,26211,26897],"product_tag":[],"class_list":{"0":"post-209908","1":"product","2":"type-product","3":"status-publish","4":"has-post-thumbnail","6":"product_brand-ancient-wisdom","7":"product_cat-aromaterapi-og-romduft","8":"product_cat-dufter-aromaer","9":"product_cat-eteriske-oljer","10":"product_cat-ho-tre","11":"product_cat-treaktig","12":"pa_collection-gifts-unbranded-essential-oils-no","13":"pa_made-in-kina","14":"pa_size-10ml","16":"first","17":"instock","18":"purchasable","19":"product-type-simple"},"supplier_id":null,"supplier_sku":"EOUL-71","barcode":null,"atum_controlled":true,"out_stock_date":null,"out_stock_threshold":null,"inheritable":false,"inbound_stock":null,"stock_on_hold":0,"sold_today":0,"sales_last_days":0,"reserved_stock":null,"customer_returns":null,"warehouse_damage":null,"lost_in_post":null,"other_logs":null,"out_stock_days":0,"lost_sales":0,"has_location":null,"update_date":"2026-04-27T07:02:01","atum_locations":[],"atum_stock_status":"instock","restock_status":false,"low_stock_amount":"","sales_update_date":"2026-01-30T01:26:38","calc_backorders":null,"_links":{"self":[{"href":"https:\/\/aromasentia.com\/no\/wp-json\/wp\/v2\/product\/209908","targetHints":{"allow":["GET"]}}],"collection":[{"href":"https:\/\/aromasentia.com\/no\/wp-json\/wp\/v2\/product"}],"about":[{"href":"https:\/\/aromasentia.com\/no\/wp-json\/wp\/v2\/types\/product"}],"replies":[{"embeddable":true,"href":"https:\/\/aromasentia.com\/no\/wp-json\/wp\/v2\/comments?post=209908"}],"version-history":[{"count":0,"href":"https:\/\/aromasentia.com\/no\/wp-json\/wp\/v2\/product\/209908\/revisions"}],"wp:featuredmedia":[{"embeddable":true,"href":"https:\/\/aromasentia.com\/no\/wp-json\/wp\/v2\/media\/264279"}],"wp:attachment":[{"href":"https:\/\/aromasentia.com\/no\/wp-json\/wp\/v2\/media?parent=209908"}],"wp:term":[{"taxonomy":"product_brand","embeddable":true,"href":"https:\/\/aromasentia.com\/no\/wp-json\/wp\/v2\/product_brand?post=209908"},{"taxonomy":"product_cat","embeddable":true,"href":"https:\/\/aromasentia.com\/no\/wp-json\/wp\/v2\/product_cat?post=209908"},{"taxonomy":"product_tag","embeddable":true,"href":"https:\/\/aromasentia.com\/no\/wp-json\/wp\/v2\/product_tag?post=209908"}],"curies":[{"name":"wp","href":"https:\/\/api.w.org\/{rel}","templated":true}]}}