{"id":209903,"date":"2025-03-20T14:58:59","date_gmt":"2025-03-20T14:58:59","guid":{"rendered":"https:\/\/aromasentia.com\/product\/lrg-home-oil-burner-blue-stone-love-home-sweet-home\/"},"modified":"2025-05-31T06:46:40","modified_gmt":"2025-05-31T06:46:40","slug":"home-oljebrenner-blue-stone-love-home-sweet-home-stor","status":"publish","type":"product","link":"https:\/\/aromasentia.com\/no\/home-oljebrenner-blue-stone-love-home-sweet-home-stor\/","title":{"rendered":"Home Oljebrenner &#8211; Blue Stone &#8211; Love Home Sweet Home Stor"},"content":{"rendered":"<p>Keramiske hjemmeoljebrennere er flotte for bruk med duftoljer og smeltevoks.<\/p>\n<p>Den er ogs\u00e5 en veldig attraktiv dekorasjon i ethvert rom, p\u00e5 grunn av den vakre fargerike keramikken.<\/p>\n<p>Finnes i tre forskjellige farger og to st\u00f8rrelser<\/p>\n","protected":false},"excerpt":{"rendered":"<p>Keramiske hjemmeoljebrennere er flotte for bruk med duftoljer og smeltevoks. Den er ogs\u00e5 en veldig attraktiv dekorasjon i ethvert rom, p\u00e5 grunn av den vakre fargerike keramikken. Finnes i tre forskjellige farger og to st\u00f8rrelser<\/p>\n","protected":false},"featured_media":264636,"comment_status":"closed","ping_status":"open","template":"","meta":{"_angie_page":false},"product_brand":[],"product_cat":[9081,10241],"product_tag":[],"class_list":{"0":"post-209903","1":"product","2":"type-product","3":"status-publish","4":"has-post-thumbnail","6":"product_cat-aroma-diffuser-aromalamper-og-duftpinner","7":"product_cat-aromalamper-og-oljebrennere","8":"pa_collection-home-oil-burner-no","9":"pa_made-in-kina","11":"first","12":"instock","13":"purchasable","14":"product-type-simple"},"supplier_id":null,"supplier_sku":"HomeOB-02","barcode":null,"atum_controlled":true,"out_stock_date":null,"out_stock_threshold":null,"inheritable":false,"inbound_stock":null,"stock_on_hold":0,"sold_today":0,"sales_last_days":0,"reserved_stock":null,"customer_returns":null,"warehouse_damage":null,"lost_in_post":null,"other_logs":null,"out_stock_days":0,"lost_sales":0,"has_location":null,"update_date":"2026-04-27T07:07:50","atum_locations":[],"atum_stock_status":"instock","restock_status":false,"low_stock_amount":"","sales_update_date":"2026-02-06T00:01:59","calc_backorders":null,"_links":{"self":[{"href":"https:\/\/aromasentia.com\/no\/wp-json\/wp\/v2\/product\/209903","targetHints":{"allow":["GET"]}}],"collection":[{"href":"https:\/\/aromasentia.com\/no\/wp-json\/wp\/v2\/product"}],"about":[{"href":"https:\/\/aromasentia.com\/no\/wp-json\/wp\/v2\/types\/product"}],"replies":[{"embeddable":true,"href":"https:\/\/aromasentia.com\/no\/wp-json\/wp\/v2\/comments?post=209903"}],"version-history":[{"count":0,"href":"https:\/\/aromasentia.com\/no\/wp-json\/wp\/v2\/product\/209903\/revisions"}],"wp:featuredmedia":[{"embeddable":true,"href":"https:\/\/aromasentia.com\/no\/wp-json\/wp\/v2\/media\/264636"}],"wp:attachment":[{"href":"https:\/\/aromasentia.com\/no\/wp-json\/wp\/v2\/media?parent=209903"}],"wp:term":[{"taxonomy":"product_brand","embeddable":true,"href":"https:\/\/aromasentia.com\/no\/wp-json\/wp\/v2\/product_brand?post=209903"},{"taxonomy":"product_cat","embeddable":true,"href":"https:\/\/aromasentia.com\/no\/wp-json\/wp\/v2\/product_cat?post=209903"},{"taxonomy":"product_tag","embeddable":true,"href":"https:\/\/aromasentia.com\/no\/wp-json\/wp\/v2\/product_tag?post=209903"}],"curies":[{"name":"wp","href":"https:\/\/api.w.org\/{rel}","templated":true}]}}