{"id":209901,"date":"2025-03-20T14:58:59","date_gmt":"2025-03-20T14:58:59","guid":{"rendered":"https:\/\/aromasentia.com\/product\/hh-tarot-roll-on-the-lovers\/"},"modified":"2025-05-31T06:46:32","modified_gmt":"2025-05-31T06:46:32","slug":"hh-tarot-roll-on-de-elskende","status":"publish","type":"product","link":"https:\/\/aromasentia.com\/no\/hh-tarot-roll-on-de-elskende\/","title":{"rendered":"Hh Tarot Roll On &#8211; De Elskende"},"content":{"rendered":"<p><span style=\"color: rgb(75, 80, 88);\"><strong>&laquo;The Lovers&raquo; av Hop Hare, en fengslende roll-on med essensielle oljer<\/strong> designet for \u00e5 tenne kj\u00e6rlighet og lidenskap. Tilsatt naturens mest fengslende dufter og den pleiende essensen av rosenkvarts-edelstener, er hver flaske en harmonisk blanding av kj\u00e6rlighet og tiltrekning.<\/span><\/p>\n<p><span style=\"color: rgb(75, 80, 88);\"><strong>Kraften i rosenkvarts<\/strong><\/span><\/p>\n<p><span style=\"color: rgb(75, 80, 88);\">I hver roll-on ligger en rosenkvarts-edelsten, kjent som kj\u00e6rlighetens ambassad\u00f8r. Rosenkvarts er anerkjent for sin evne til \u00e5 tiltrekke og gi n\u00e6ring til kj\u00e6rlighet, og fremmer emosjonell helbredelse, lindrer stress og fremmer kj\u00e6rlighet i dens forskjellige former.<\/span><\/p>\n<p><span style=\"color: rgb(75, 80, 88);\"><strong>Bruksanvisning<\/strong><\/span><\/p>\n<p><span style=\"color: rgb(75, 80, 88);\">Stryk forsiktig \u00abThe Lovers\u00bb roll-on over hjertet, h\u00e5ndleddene eller nakken. Opplev den \u00f8mme ber\u00f8ringen av rosenkvarts mot huden din. Pust inn de fortryllende aromaene og forestill deg dine dypeste \u00f8nsker. G\u00e5 selvsikkert frem, innhyllet i en glorie av kj\u00e6rlighet.<\/span><\/p>\n<p><span style=\"color: rgb(75, 80, 88);\"><em>La \u00abThe Lovers\u00bb fra Hop Hare v\u00e6re din aromatiske f\u00f8lgesvenn i kj\u00e6rlighetens dans, og lede deg n\u00e6rmere kj\u00e6rligheten du s\u00f8ker og virkelig fortjener med hver p\u00e5f\u00f8ring.<\/em><\/span><\/p>\n","protected":false},"excerpt":{"rendered":"<p>&laquo;The Lovers&raquo; av Hop Hare, en fengslende roll-on med essensielle oljer designet for \u00e5 tenne kj\u00e6rlighet og lidenskap. Tilsatt naturens mest fengslende dufter og den pleiende essensen av rosenkvarts-edelstener, er hver flaske en harmonisk blanding av kj\u00e6rlighet og tiltrekning. Kraften i rosenkvarts I hver roll-on ligger en rosenkvarts-edelsten, kjent som kj\u00e6rlighetens ambassad\u00f8r. Rosenkvarts er anerkjent [&hellip;]<\/p>\n","protected":false},"featured_media":264562,"comment_status":"closed","ping_status":"open","template":"","meta":[],"product_brand":[27114],"product_cat":[9065],"product_tag":[],"class_list":{"0":"post-209901","1":"product","2":"type-product","3":"status-publish","4":"has-post-thumbnail","6":"product_brand-hop-hare","7":"product_cat-aromaterapi-og-romduft","8":"pa_collection-hop-hare-essential-oil-gemstone-roll-ons-10ml-no","9":"pa_made-in-storbritannia","11":"first","12":"instock","13":"purchasable","14":"product-type-simple"},"supplier_id":null,"supplier_sku":"HHGR-01","barcode":null,"atum_controlled":true,"out_stock_date":null,"out_stock_threshold":null,"inheritable":false,"inbound_stock":null,"stock_on_hold":0,"sold_today":0,"sales_last_days":0,"reserved_stock":null,"customer_returns":null,"warehouse_damage":null,"lost_in_post":null,"other_logs":null,"out_stock_days":0,"lost_sales":0,"has_location":null,"update_date":"2026-02-10T10:29:44","atum_locations":[],"atum_stock_status":"instock","restock_status":false,"low_stock_amount":"","sales_update_date":"2025-09-05T00:16:52","calc_backorders":null,"_links":{"self":[{"href":"https:\/\/aromasentia.com\/no\/wp-json\/wp\/v2\/product\/209901","targetHints":{"allow":["GET"]}}],"collection":[{"href":"https:\/\/aromasentia.com\/no\/wp-json\/wp\/v2\/product"}],"about":[{"href":"https:\/\/aromasentia.com\/no\/wp-json\/wp\/v2\/types\/product"}],"replies":[{"embeddable":true,"href":"https:\/\/aromasentia.com\/no\/wp-json\/wp\/v2\/comments?post=209901"}],"version-history":[{"count":0,"href":"https:\/\/aromasentia.com\/no\/wp-json\/wp\/v2\/product\/209901\/revisions"}],"wp:featuredmedia":[{"embeddable":true,"href":"https:\/\/aromasentia.com\/no\/wp-json\/wp\/v2\/media\/264562"}],"wp:attachment":[{"href":"https:\/\/aromasentia.com\/no\/wp-json\/wp\/v2\/media?parent=209901"}],"wp:term":[{"taxonomy":"product_brand","embeddable":true,"href":"https:\/\/aromasentia.com\/no\/wp-json\/wp\/v2\/product_brand?post=209901"},{"taxonomy":"product_cat","embeddable":true,"href":"https:\/\/aromasentia.com\/no\/wp-json\/wp\/v2\/product_cat?post=209901"},{"taxonomy":"product_tag","embeddable":true,"href":"https:\/\/aromasentia.com\/no\/wp-json\/wp\/v2\/product_tag?post=209901"}],"curies":[{"name":"wp","href":"https:\/\/api.w.org\/{rel}","templated":true}]}}