{"id":209900,"date":"2025-03-20T14:58:59","date_gmt":"2025-03-20T14:58:59","guid":{"rendered":"https:\/\/aromasentia.com\/product\/hh-tarot-roll-on-the-magician\/"},"modified":"2025-05-31T06:46:29","modified_gmt":"2025-05-31T06:46:29","slug":"hh-tarot-roll-on-trollmannen","status":"publish","type":"product","link":"https:\/\/aromasentia.com\/no\/hh-tarot-roll-on-trollmannen\/","title":{"rendered":"Hh Tarot Roll On &#8211; Trollmannen"},"content":{"rendered":"<p><span style=\"color: rgb(75, 80, 88);\"><strong>Magien&raquo; fra Hop Hare, en roll-on med essensielle oljer og edelstener<\/strong>, gjennomsyret av mystikk og skreddersydd for \u00e5 forynge auraen din. Hver roll-on er en dyktig blanding av energigivende dufter, forsterket av den transformerende essensen av gr\u00f8nn aventurin.<\/span><\/p>\n<p><span style=\"color: rgb(75, 80, 88);\"><strong>Magien med gr\u00f8nn aventurin<\/strong><\/span><\/p>\n<p><span style=\"color: rgb(75, 80, 88);\">I hjertet av hver roll-on ligger gr\u00f8nn aventurin, kjent for sin evne til \u00e5 fordrive negativitet og fremme emosjonell motstandskraft. Dens inkludering i &laquo;Magien&raquo; har som m\u00e5l \u00e5 fremme velstand og mental klarhet, og muliggj\u00f8re et liv fylt med mening og mindre p\u00e5virket av emosjonell uro.<\/span><\/p>\n<p><span style=\"color: rgb(75, 80, 88);\"><strong>Hvordan omfavne <\/strong><\/span><\/p>\n<p><span style=\"color: rgb(75, 80, 88);\">P\u00e5f\u00f8r \u00abMagikeren\u00bb p\u00e5 pulspunkter for \u00e5 vekke din indre alkymi. Opplev den jordnende ber\u00f8ringen av gr\u00f8nn aventurin p\u00e5 huden din. <\/span><\/p>\n<p><span style=\"color: rgb(75, 80, 88);\"><strong>P\u00e5kalle kraften til Magikeren <\/strong><\/span><\/p>\n<p><span style=\"color: rgb(75, 80, 88);\">Innlemme i morgenrutinen din for \u00e5 sette en revitalisert tone for dagen. B\u00e6r den som en personlig talisman for mental skarphet og positive vibber. Bruk f\u00f8r oppgaver for \u00e5 kanalisere konsentrasjon og kreativitet. Del med andre reisende p\u00e5 reisen mot kollektiv opplysning.<\/span><\/p>\n<p><span style=\"color: rgb(75, 80, 88);\"><em>La \u00abThe Magician\u00bb av Hop Hare slippe l\u00f8s sansenes magi og lede deg mot et rike der energien flyter fritt og sinnet er frigjort.<\/em><\/span><\/p>\n","protected":false},"excerpt":{"rendered":"<p>Magien&raquo; fra Hop Hare, en roll-on med essensielle oljer og edelstener, gjennomsyret av mystikk og skreddersydd for \u00e5 forynge auraen din. Hver roll-on er en dyktig blanding av energigivende dufter, forsterket av den transformerende essensen av gr\u00f8nn aventurin. Magien med gr\u00f8nn aventurin I hjertet av hver roll-on ligger gr\u00f8nn aventurin, kjent for sin evne til [&hellip;]<\/p>\n","protected":false},"featured_media":264521,"comment_status":"closed","ping_status":"open","template":"","meta":[],"product_brand":[27114],"product_cat":[9065],"product_tag":[],"class_list":{"0":"post-209900","1":"product","2":"type-product","3":"status-publish","4":"has-post-thumbnail","6":"product_brand-hop-hare","7":"product_cat-aromaterapi-og-romduft","8":"pa_collection-hop-hare-essential-oil-gemstone-roll-ons-10ml-no","9":"pa_made-in-storbritannia","11":"first","12":"instock","13":"purchasable","14":"product-type-simple"},"supplier_id":null,"supplier_sku":"HHGR-02","barcode":null,"atum_controlled":true,"out_stock_date":null,"out_stock_threshold":null,"inheritable":false,"inbound_stock":0,"stock_on_hold":0,"sold_today":0,"sales_last_days":0,"reserved_stock":0,"customer_returns":0,"warehouse_damage":0,"lost_in_post":0,"other_logs":0,"out_stock_days":0,"lost_sales":0,"has_location":false,"update_date":"2026-02-11T08:27:28","atum_locations":[],"atum_stock_status":"instock","restock_status":false,"low_stock_amount":"","sales_update_date":"2025-09-05T00:16:52","calc_backorders":null,"_links":{"self":[{"href":"https:\/\/aromasentia.com\/no\/wp-json\/wp\/v2\/product\/209900","targetHints":{"allow":["GET"]}}],"collection":[{"href":"https:\/\/aromasentia.com\/no\/wp-json\/wp\/v2\/product"}],"about":[{"href":"https:\/\/aromasentia.com\/no\/wp-json\/wp\/v2\/types\/product"}],"replies":[{"embeddable":true,"href":"https:\/\/aromasentia.com\/no\/wp-json\/wp\/v2\/comments?post=209900"}],"version-history":[{"count":0,"href":"https:\/\/aromasentia.com\/no\/wp-json\/wp\/v2\/product\/209900\/revisions"}],"wp:featuredmedia":[{"embeddable":true,"href":"https:\/\/aromasentia.com\/no\/wp-json\/wp\/v2\/media\/264521"}],"wp:attachment":[{"href":"https:\/\/aromasentia.com\/no\/wp-json\/wp\/v2\/media?parent=209900"}],"wp:term":[{"taxonomy":"product_brand","embeddable":true,"href":"https:\/\/aromasentia.com\/no\/wp-json\/wp\/v2\/product_brand?post=209900"},{"taxonomy":"product_cat","embeddable":true,"href":"https:\/\/aromasentia.com\/no\/wp-json\/wp\/v2\/product_cat?post=209900"},{"taxonomy":"product_tag","embeddable":true,"href":"https:\/\/aromasentia.com\/no\/wp-json\/wp\/v2\/product_tag?post=209900"}],"curies":[{"name":"wp","href":"https:\/\/api.w.org\/{rel}","templated":true}]}}