{"id":209899,"date":"2025-03-20T14:58:59","date_gmt":"2025-03-20T14:58:59","guid":{"rendered":"https:\/\/aromasentia.com\/product\/hh-tarot-roll-on-the-moon\/"},"modified":"2025-05-31T06:46:26","modified_gmt":"2025-05-31T06:46:26","slug":"hh-tarot-roll-on-manen","status":"publish","type":"product","link":"https:\/\/aromasentia.com\/no\/hh-tarot-roll-on-manen\/","title":{"rendered":"Hh Tarot Roll On &#8211; M\u00e5nen"},"content":{"rendered":"<p><span style=\"color: rgb(75, 80, 88);\"><strong>&laquo;The Moon&raquo; fra Hop Hare, hver roll-on<\/strong> innkapsler en blanding av beroligende aromaer laget for \u00e5 berolige sinnet, supplert av den rolige energien fra ametyst-edelstener.<\/span><\/p>\n<p><span style=\"color: rgb(75, 80, 88);\"><strong>Ametyst: Nattens vokter<\/strong><\/span><\/p>\n<p><span style=\"color: rgb(75, 80, 88);\">Innebygd i kjernen av hver roll-on ligger en ametyst-edelsten, kjent for sin evne til \u00e5 stilne urolige tanker og heve bevisstheten til et h\u00f8yere plan. I &laquo;The Moon&raquo;, Ametyst fungerer som et skjold mot nattlig usikkerhet, og skaper et fristed for fred og ro.<\/span><\/p>\n<p><span style=\"color: rgb(75, 80, 88);\"><strong>Inviter M\u00e5nen<\/strong><\/span><\/p>\n<p><span style=\"color: rgb(75, 80, 88);\">Innlemme den i din nattlige rutine for \u00e5 slappe av og forberede deg p\u00e5 hvile. Bruk den som en personlig duft for \u00e5 ta med deg nattens ro uansett hvor du g\u00e5r. Forsterk meditasjon eller b\u00f8nnestunder med en f\u00f8lelse av ro og introspeksjon. En omtenksom gave til kj\u00e6re som s\u00f8ker tr\u00f8st og avslapning.<\/span><\/p>\n<p><span style=\"color: rgb(75, 80, 88);\"><em>Med \u00abM\u00e5nen\u00bb fra Hop Hare, la nattetimene omslutte deg av ro, mens den milde innflytelsen fra Ametyst leder deg mot en fredelig og dr\u00f8mmefylt s\u00f8vn.<\/em><\/span><\/p>\n","protected":false},"excerpt":{"rendered":"<p>&laquo;The Moon&raquo; fra Hop Hare, hver roll-on innkapsler en blanding av beroligende aromaer laget for \u00e5 berolige sinnet, supplert av den rolige energien fra ametyst-edelstener. Ametyst: Nattens vokter Innebygd i kjernen av hver roll-on ligger en ametyst-edelsten, kjent for sin evne til \u00e5 stilne urolige tanker og heve bevisstheten til et h\u00f8yere plan. I &laquo;The [&hellip;]<\/p>\n","protected":false},"featured_media":264496,"comment_status":"closed","ping_status":"open","template":"","meta":[],"product_brand":[27114],"product_cat":[9065],"product_tag":[],"class_list":{"0":"post-209899","1":"product","2":"type-product","3":"status-publish","4":"has-post-thumbnail","6":"product_brand-hop-hare","7":"product_cat-aromaterapi-og-romduft","8":"pa_collection-hop-hare-essential-oil-gemstone-roll-ons-10ml-no","9":"pa_made-in-storbritannia","11":"first","12":"instock","13":"purchasable","14":"product-type-simple"},"supplier_id":null,"supplier_sku":"HHGR-03","barcode":null,"atum_controlled":true,"out_stock_date":null,"out_stock_threshold":null,"inheritable":false,"inbound_stock":null,"stock_on_hold":0,"sold_today":0,"sales_last_days":0,"reserved_stock":null,"customer_returns":null,"warehouse_damage":null,"lost_in_post":null,"other_logs":null,"out_stock_days":0,"lost_sales":0,"has_location":null,"update_date":"2026-02-12T03:51:19","atum_locations":[],"atum_stock_status":"instock","restock_status":false,"low_stock_amount":"","sales_update_date":"2025-09-05T00:16:51","calc_backorders":null,"_links":{"self":[{"href":"https:\/\/aromasentia.com\/no\/wp-json\/wp\/v2\/product\/209899","targetHints":{"allow":["GET"]}}],"collection":[{"href":"https:\/\/aromasentia.com\/no\/wp-json\/wp\/v2\/product"}],"about":[{"href":"https:\/\/aromasentia.com\/no\/wp-json\/wp\/v2\/types\/product"}],"replies":[{"embeddable":true,"href":"https:\/\/aromasentia.com\/no\/wp-json\/wp\/v2\/comments?post=209899"}],"version-history":[{"count":0,"href":"https:\/\/aromasentia.com\/no\/wp-json\/wp\/v2\/product\/209899\/revisions"}],"wp:featuredmedia":[{"embeddable":true,"href":"https:\/\/aromasentia.com\/no\/wp-json\/wp\/v2\/media\/264496"}],"wp:attachment":[{"href":"https:\/\/aromasentia.com\/no\/wp-json\/wp\/v2\/media?parent=209899"}],"wp:term":[{"taxonomy":"product_brand","embeddable":true,"href":"https:\/\/aromasentia.com\/no\/wp-json\/wp\/v2\/product_brand?post=209899"},{"taxonomy":"product_cat","embeddable":true,"href":"https:\/\/aromasentia.com\/no\/wp-json\/wp\/v2\/product_cat?post=209899"},{"taxonomy":"product_tag","embeddable":true,"href":"https:\/\/aromasentia.com\/no\/wp-json\/wp\/v2\/product_tag?post=209899"}],"curies":[{"name":"wp","href":"https:\/\/api.w.org\/{rel}","templated":true}]}}