{"id":209898,"date":"2025-03-20T14:58:59","date_gmt":"2025-03-20T14:58:59","guid":{"rendered":"https:\/\/aromasentia.com\/product\/hh-tarot-roll-on-the-devil\/"},"modified":"2025-05-31T06:46:22","modified_gmt":"2025-05-31T06:46:22","slug":"hh-tarot-roll-on-djevelen","status":"publish","type":"product","link":"https:\/\/aromasentia.com\/no\/hh-tarot-roll-on-djevelen\/","title":{"rendered":"Hh Tarot Roll On &#8211; Djevelen"},"content":{"rendered":"<p><span style=\"color: rgb(75, 80, 88);\">&nbsp;<strong>&laquo;The Devil&raquo; av Hop Hare, en roll-on med essensielle oljer<\/strong> tilsatt edelstener for \u00e5 harmonisere din livlige energi med den stabiliserende innflytelsen fra r\u00f8d jaspis. Hver roll-on er en potent blanding av dristige dufter, garantert \u00e5 vekke din indre dynamikk.&nbsp;<\/span><\/p>\n<p><span style=\"color: rgb(75, 80, 88);\"><strong>Den balanserende edelstenen:<\/strong><\/span><\/p>\n<p><span style=\"color: rgb(75, 80, 88);\">R\u00f8d jaspis I kjernen av hver roll-on ligger en r\u00f8d jaspis-edelsten, kjent for sin evne til \u00e5 bringe likevekt. Den antas \u00e5 dempe ytterpunkter, og s\u00f8rge for at dine dynamiske energier flyter synkront med verden rundt deg.<\/span><\/p>\n<p><span style=\"color: rgb(75, 80, 88);\"><strong>Omfavn Djevelens Innflytelse<\/strong><\/span><\/p>\n<p><span style=\"color: rgb(75, 80, 88);\">Innlemme den i morgenrutinen din for \u00e5 gi dagen vitalitet. Bruk den som en personlig duft for \u00e5 utstr\u00e5le dristighet og ynde. P\u00e5f\u00f8r den p\u00e5 nytt f\u00f8r sosiale anledninger for \u00e5 utstr\u00e5le karisma og selvtillit. Gave til de som omfavner sin styrke og nyter livets glede. &nbsp;<\/span><\/p>\n<p><span style=\"color: rgb(75, 80, 88);\"><em>Med \u00abThe Devil\u00bb av Hop Hare, stig frimodig inn i livets dans, og la Red Jasper veilede deg gjennom hver rytme med lidenskap og kraft.<\/em><\/span><\/p>\n","protected":false},"excerpt":{"rendered":"<p>&nbsp;&laquo;The Devil&raquo; av Hop Hare, en roll-on med essensielle oljer tilsatt edelstener for \u00e5 harmonisere din livlige energi med den stabiliserende innflytelsen fra r\u00f8d jaspis. Hver roll-on er en potent blanding av dristige dufter, garantert \u00e5 vekke din indre dynamikk.&nbsp; Den balanserende edelstenen: R\u00f8d jaspis I kjernen av hver roll-on ligger en r\u00f8d jaspis-edelsten, kjent [&hellip;]<\/p>\n","protected":false},"featured_media":264471,"comment_status":"closed","ping_status":"open","template":"","meta":[],"product_brand":[27114],"product_cat":[9065],"product_tag":[],"class_list":{"0":"post-209898","1":"product","2":"type-product","3":"status-publish","4":"has-post-thumbnail","6":"product_brand-hop-hare","7":"product_cat-aromaterapi-og-romduft","8":"pa_collection-hop-hare-essential-oil-gemstone-roll-ons-10ml-no","9":"pa_made-in-storbritannia","11":"first","12":"instock","13":"purchasable","14":"product-type-simple"},"supplier_id":null,"supplier_sku":"HHGR-04","barcode":null,"atum_controlled":true,"out_stock_date":null,"out_stock_threshold":null,"inheritable":false,"inbound_stock":null,"stock_on_hold":0,"sold_today":0,"sales_last_days":0,"reserved_stock":null,"customer_returns":null,"warehouse_damage":null,"lost_in_post":null,"other_logs":null,"out_stock_days":0,"lost_sales":0,"has_location":null,"update_date":"2026-02-11T08:28:41","atum_locations":[],"atum_stock_status":"instock","restock_status":false,"low_stock_amount":"","sales_update_date":"2025-10-09T03:21:16","calc_backorders":null,"_links":{"self":[{"href":"https:\/\/aromasentia.com\/no\/wp-json\/wp\/v2\/product\/209898","targetHints":{"allow":["GET"]}}],"collection":[{"href":"https:\/\/aromasentia.com\/no\/wp-json\/wp\/v2\/product"}],"about":[{"href":"https:\/\/aromasentia.com\/no\/wp-json\/wp\/v2\/types\/product"}],"replies":[{"embeddable":true,"href":"https:\/\/aromasentia.com\/no\/wp-json\/wp\/v2\/comments?post=209898"}],"version-history":[{"count":0,"href":"https:\/\/aromasentia.com\/no\/wp-json\/wp\/v2\/product\/209898\/revisions"}],"wp:featuredmedia":[{"embeddable":true,"href":"https:\/\/aromasentia.com\/no\/wp-json\/wp\/v2\/media\/264471"}],"wp:attachment":[{"href":"https:\/\/aromasentia.com\/no\/wp-json\/wp\/v2\/media?parent=209898"}],"wp:term":[{"taxonomy":"product_brand","embeddable":true,"href":"https:\/\/aromasentia.com\/no\/wp-json\/wp\/v2\/product_brand?post=209898"},{"taxonomy":"product_cat","embeddable":true,"href":"https:\/\/aromasentia.com\/no\/wp-json\/wp\/v2\/product_cat?post=209898"},{"taxonomy":"product_tag","embeddable":true,"href":"https:\/\/aromasentia.com\/no\/wp-json\/wp\/v2\/product_tag?post=209898"}],"curies":[{"name":"wp","href":"https:\/\/api.w.org\/{rel}","templated":true}]}}