{"id":209897,"date":"2025-03-20T14:58:59","date_gmt":"2025-03-20T14:58:59","guid":{"rendered":"https:\/\/aromasentia.com\/product\/hh-tarot-roll-on-the-sun\/"},"modified":"2025-05-31T06:46:19","modified_gmt":"2025-05-31T06:46:19","slug":"hh-tarot-roll-on-solen","status":"publish","type":"product","link":"https:\/\/aromasentia.com\/no\/hh-tarot-roll-on-solen\/","title":{"rendered":"Hh Tarot Roll On &#8211; Solen"},"content":{"rendered":"<p><span style=\"color: rgb(75, 80, 88);\"><strong>&laquo;The Sun&raquo; av Hop Hare, en roll-on med eteriske oljer tilsatt edelstener<\/strong> som formidler den styrkende essensen av en solfylt dag. Beriket med den klargj\u00f8rende energien fra sodalitt-edelstener, er denne blandingen din f\u00f8lgesvenn i et liv med dristighet og glans.<\/span><\/p>\n<p><span style=\"color: rgb(75, 80, 88);\"><strong>Den solfylte edelstenen: Sodalitt<\/strong><\/span><\/p>\n<p><span style=\"color: rgb(75, 80, 88);\">I hjertet av hver roll-on ligger en sodalitt-edelsten, valgt for sin evne til \u00e5 \u00f8ke selvtilliten og fremme emosjonell likevekt. Sodalittens tilstedev\u00e6relse i &laquo;The Sun&raquo; har som m\u00e5l \u00e5 forst\u00f8rre dine indre overbevisninger og fremme en resolutt selvtillit som harmonerer med roll-onens livlige aura. <\/span><\/p>\n<p><span style=\"color: rgb(75, 80, 88);\"><strong>Klem solen<\/strong><\/span><\/p>\n<p><span style=\"color: rgb(75, 80, 88);\">Innlemme i dine daglige affirmasjoner for \u00e5 forsterke et positivt selvbilde. Bruk som en velduftende p\u00e5minnelse i \u00f8yeblikk som krever mot og ro. P\u00e5f\u00f8r som en personlig duft for \u00e5 naturlig forsterke din magnetiske tilstedev\u00e6relse. Tilby som en kj\u00e6r gave for \u00e5 inspirere varme og trygghet hos dine kj\u00e6re.<\/span><\/p>\n<p><span style=\"color: rgb(75, 80, 88);\"><em>La \u00abThe Sun\u00bb fra Hop Hare lyse opp din vei til ubegrenset potensial, veiledet av blandingens str\u00e5lende egenskaper og de selvtillitsfremmende egenskapene til sodalitt.<\/em><\/span><\/p>\n","protected":false},"excerpt":{"rendered":"<p>&laquo;The Sun&raquo; av Hop Hare, en roll-on med eteriske oljer tilsatt edelstener som formidler den styrkende essensen av en solfylt dag. Beriket med den klargj\u00f8rende energien fra sodalitt-edelstener, er denne blandingen din f\u00f8lgesvenn i et liv med dristighet og glans. Den solfylte edelstenen: Sodalitt I hjertet av hver roll-on ligger en sodalitt-edelsten, valgt for sin [&hellip;]<\/p>\n","protected":false},"featured_media":264446,"comment_status":"closed","ping_status":"open","template":"","meta":[],"product_brand":[27114],"product_cat":[9065],"product_tag":[],"class_list":{"0":"post-209897","1":"product","2":"type-product","3":"status-publish","4":"has-post-thumbnail","6":"product_brand-hop-hare","7":"product_cat-aromaterapi-og-romduft","8":"pa_collection-hop-hare-essential-oil-gemstone-roll-ons-10ml-no","9":"pa_made-in-storbritannia","11":"first","12":"instock","13":"purchasable","14":"product-type-simple"},"supplier_id":null,"supplier_sku":"HHGR-05","barcode":null,"atum_controlled":true,"out_stock_date":null,"out_stock_threshold":null,"inheritable":false,"inbound_stock":null,"stock_on_hold":0,"sold_today":0,"sales_last_days":0,"reserved_stock":null,"customer_returns":null,"warehouse_damage":null,"lost_in_post":null,"other_logs":null,"out_stock_days":0,"lost_sales":0,"has_location":null,"update_date":"2026-02-11T08:30:40","atum_locations":[],"atum_stock_status":"instock","restock_status":false,"low_stock_amount":"","sales_update_date":"2025-09-05T00:16:51","calc_backorders":null,"_links":{"self":[{"href":"https:\/\/aromasentia.com\/no\/wp-json\/wp\/v2\/product\/209897","targetHints":{"allow":["GET"]}}],"collection":[{"href":"https:\/\/aromasentia.com\/no\/wp-json\/wp\/v2\/product"}],"about":[{"href":"https:\/\/aromasentia.com\/no\/wp-json\/wp\/v2\/types\/product"}],"replies":[{"embeddable":true,"href":"https:\/\/aromasentia.com\/no\/wp-json\/wp\/v2\/comments?post=209897"}],"version-history":[{"count":0,"href":"https:\/\/aromasentia.com\/no\/wp-json\/wp\/v2\/product\/209897\/revisions"}],"wp:featuredmedia":[{"embeddable":true,"href":"https:\/\/aromasentia.com\/no\/wp-json\/wp\/v2\/media\/264446"}],"wp:attachment":[{"href":"https:\/\/aromasentia.com\/no\/wp-json\/wp\/v2\/media?parent=209897"}],"wp:term":[{"taxonomy":"product_brand","embeddable":true,"href":"https:\/\/aromasentia.com\/no\/wp-json\/wp\/v2\/product_brand?post=209897"},{"taxonomy":"product_cat","embeddable":true,"href":"https:\/\/aromasentia.com\/no\/wp-json\/wp\/v2\/product_cat?post=209897"},{"taxonomy":"product_tag","embeddable":true,"href":"https:\/\/aromasentia.com\/no\/wp-json\/wp\/v2\/product_tag?post=209897"}],"curies":[{"name":"wp","href":"https:\/\/api.w.org\/{rel}","templated":true}]}}