{"id":209896,"date":"2025-03-20T14:58:59","date_gmt":"2025-03-20T14:58:59","guid":{"rendered":"https:\/\/aromasentia.com\/product\/hh-tarot-roll-on-the-lion\/"},"modified":"2025-05-31T06:46:16","modified_gmt":"2025-05-31T06:46:16","slug":"hh-tarot-roll-on-loven","status":"publish","type":"product","link":"https:\/\/aromasentia.com\/no\/hh-tarot-roll-on-loven\/","title":{"rendered":"Hh Tarot Roll On &#8211; L\u00f8ven"},"content":{"rendered":"<p><span style=\"color: rgb(75, 80, 88);\"><strong>&laquo;L\u00f8ven&raquo; fra Hop Hare, en roll-on med essensielle oljer<\/strong> som innkapsler den kongelige essensen av jungelens konge \u2013 kraftig, men likevel avslappet. Denne blandingen er fylt med den harmoniserende energien fra steinkvarts, og er omhyggelig laget for \u00e5 frigj\u00f8re energi i sin reneste form og gjenopprette likevekt i ditt domene.<\/span><\/p>\n<p><span style=\"color: rgb(75, 80, 88);\"><strong>L\u00f8vens krystallhjerte: Steinkvarts<\/strong><\/span><\/p>\n<p><span style=\"color: rgb(75, 80, 88);\">I kjernen av hver roll-on ligger en steinkvarts-edelsten, \u00e6ret for sin evne til \u00e5 rense auraen og forbedre energiflyten. Krystallens iboende renhet og motstandskraft speiler den til et l\u00f8vehjerte \u2013 standhaftig og balansert. &nbsp;<\/span><\/p>\n<p><span style=\"color: rgb(75, 80, 88);\"><strong>Omfavn L\u00f8vens \u00c5nd<\/strong><\/span><\/p>\n<p><span style=\"color: rgb(75, 80, 88);\">P\u00e5f\u00f8r om morgenen for \u00e5 tenne en dag med lederskap og selvsikkerhet. Integrer i meditasjon for \u00e5 utdype din forbindelse med indre styrke. Bruk som en personlig duft for \u00e5 naturlig vekke respekt og beundring. Gave til de som legemliggj\u00f8r \u00e5nden til \u00abL\u00f8ven\u00bb, eller streber etter \u00e5 gj\u00f8re det.<\/span><\/p>\n<p><span style=\"color: rgb(75, 80, 88);\"><em>La \u00abL\u00f8ven\u00bb av Hop Hare resonere som det mektige br\u00f8let som veileder dagen din, med Rock Quartz som leder veien mot \u00e5 oppn\u00e5 en suveren balanse og majestetisk ro. &nbsp;<\/em><\/span><\/p>\n","protected":false},"excerpt":{"rendered":"<p>&laquo;L\u00f8ven&raquo; fra Hop Hare, en roll-on med essensielle oljer som innkapsler den kongelige essensen av jungelens konge \u2013 kraftig, men likevel avslappet. Denne blandingen er fylt med den harmoniserende energien fra steinkvarts, og er omhyggelig laget for \u00e5 frigj\u00f8re energi i sin reneste form og gjenopprette likevekt i ditt domene. L\u00f8vens krystallhjerte: Steinkvarts I kjernen [&hellip;]<\/p>\n","protected":false},"featured_media":264421,"comment_status":"closed","ping_status":"open","template":"","meta":[],"product_brand":[27114],"product_cat":[9065],"product_tag":[],"class_list":{"0":"post-209896","1":"product","2":"type-product","3":"status-publish","4":"has-post-thumbnail","6":"product_brand-hop-hare","7":"product_cat-aromaterapi-og-romduft","8":"pa_collection-hop-hare-essential-oil-gemstone-roll-ons-10ml-no","9":"pa_made-in-storbritannia","11":"first","12":"instock","13":"purchasable","14":"product-type-simple"},"supplier_id":null,"supplier_sku":"HHGR-06","barcode":null,"atum_controlled":true,"out_stock_date":null,"out_stock_threshold":null,"inheritable":false,"inbound_stock":null,"stock_on_hold":0,"sold_today":0,"sales_last_days":0,"reserved_stock":null,"customer_returns":null,"warehouse_damage":null,"lost_in_post":null,"other_logs":null,"out_stock_days":0,"lost_sales":0,"has_location":null,"update_date":"2026-02-11T08:30:45","atum_locations":[],"atum_stock_status":"instock","restock_status":false,"low_stock_amount":"","sales_update_date":"2025-09-05T00:16:50","calc_backorders":null,"_links":{"self":[{"href":"https:\/\/aromasentia.com\/no\/wp-json\/wp\/v2\/product\/209896","targetHints":{"allow":["GET"]}}],"collection":[{"href":"https:\/\/aromasentia.com\/no\/wp-json\/wp\/v2\/product"}],"about":[{"href":"https:\/\/aromasentia.com\/no\/wp-json\/wp\/v2\/types\/product"}],"replies":[{"embeddable":true,"href":"https:\/\/aromasentia.com\/no\/wp-json\/wp\/v2\/comments?post=209896"}],"version-history":[{"count":0,"href":"https:\/\/aromasentia.com\/no\/wp-json\/wp\/v2\/product\/209896\/revisions"}],"wp:featuredmedia":[{"embeddable":true,"href":"https:\/\/aromasentia.com\/no\/wp-json\/wp\/v2\/media\/264421"}],"wp:attachment":[{"href":"https:\/\/aromasentia.com\/no\/wp-json\/wp\/v2\/media?parent=209896"}],"wp:term":[{"taxonomy":"product_brand","embeddable":true,"href":"https:\/\/aromasentia.com\/no\/wp-json\/wp\/v2\/product_brand?post=209896"},{"taxonomy":"product_cat","embeddable":true,"href":"https:\/\/aromasentia.com\/no\/wp-json\/wp\/v2\/product_cat?post=209896"},{"taxonomy":"product_tag","embeddable":true,"href":"https:\/\/aromasentia.com\/no\/wp-json\/wp\/v2\/product_tag?post=209896"}],"curies":[{"name":"wp","href":"https:\/\/api.w.org\/{rel}","templated":true}]}}