{"id":209895,"date":"2025-03-20T14:58:59","date_gmt":"2025-03-20T14:58:59","guid":{"rendered":"https:\/\/aromasentia.com\/product\/hh-tarot-roll-on-the-knight\/"},"modified":"2025-05-31T06:46:13","modified_gmt":"2025-05-31T06:46:13","slug":"hh-tarot-roll-on-ridderen","status":"publish","type":"product","link":"https:\/\/aromasentia.com\/no\/hh-tarot-roll-on-ridderen\/","title":{"rendered":"Hh Tarot Roll On &#8211; Ridderen"},"content":{"rendered":"<p><span style=\"color: rgb(75, 80, 88);\"><strong>&laquo;The Knight of Swords&raquo; av Hop Hare, en roll-on med essensielle oljer<\/strong> skreddersydd for den moderne livets kriger. Denne blandingen er tilsatt den beskyttende auraen til svart turmalin, og er omhyggelig laget for \u00e5 tiltrekke seg velstand og fremme kameratskapsb\u00e5nd.<\/span><\/p>\n<p><span style=\"color: rgb(75, 80, 88);\"><strong>Ridderens vokterstein: Svart turmalin<\/strong><\/span><\/p>\n<p><span style=\"color: rgb(75, 80, 88);\">I hver roll-on finnes en svart turmalin-edelsten, \u00e6ret for sin evne til \u00e5 avvise negativitet og tiltrekke seg rikdom og selskap. Dens tilstedev\u00e6relse i &laquo;The Knight of Swords&raquo; fungerer som et fyrt\u00e5rn for de som navigerer livets utfordringer med mot og eleganse. &nbsp;<\/span><\/p>\n<p><span style=\"color: rgb(75, 80, 88);\"><strong>Hvordan utnytte dens kraft<\/strong><\/span><\/p>\n<p><span style=\"color: rgb(75, 80, 88);\">P\u00e5f\u00f8r \u00abThe Knight of Swords\u00bb roll-on p\u00e5 pulspunktene med presisjonen til en erfaren sverdmann. Pust inn blandingen av treaktige og blomsteraktige dufter, og forbered deg p\u00e5 dagens eventyr. G\u00e5 fremover med selvtilliten og karismaen til en ridder i skinnende rustning.<\/span><\/p>\n<p><span style=\"color: rgb(75, 80, 88);\"><em>Med \u00abThe Knight of Swords\u00bb av Hop Hare, omfavn velstandens og vennskapets kappe, veiledet av den tapre blandingen og den styrkende svarte turmalinen mot triumf. &nbsp;<\/em><\/span><\/p>\n","protected":false},"excerpt":{"rendered":"<p>&laquo;The Knight of Swords&raquo; av Hop Hare, en roll-on med essensielle oljer skreddersydd for den moderne livets kriger. Denne blandingen er tilsatt den beskyttende auraen til svart turmalin, og er omhyggelig laget for \u00e5 tiltrekke seg velstand og fremme kameratskapsb\u00e5nd. Ridderens vokterstein: Svart turmalin I hver roll-on finnes en svart turmalin-edelsten, \u00e6ret for sin evne [&hellip;]<\/p>\n","protected":false},"featured_media":264396,"comment_status":"closed","ping_status":"open","template":"","meta":[],"product_brand":[27114],"product_cat":[9065],"product_tag":[],"class_list":{"0":"post-209895","1":"product","2":"type-product","3":"status-publish","4":"has-post-thumbnail","6":"product_brand-hop-hare","7":"product_cat-aromaterapi-og-romduft","8":"pa_collection-hop-hare-essential-oil-gemstone-roll-ons-10ml-no","9":"pa_made-in-storbritannia","11":"first","12":"instock","13":"purchasable","14":"product-type-simple"},"supplier_id":null,"supplier_sku":"HHGR-07","barcode":null,"atum_controlled":true,"out_stock_date":null,"out_stock_threshold":null,"inheritable":false,"inbound_stock":null,"stock_on_hold":0,"sold_today":0,"sales_last_days":0,"reserved_stock":null,"customer_returns":null,"warehouse_damage":null,"lost_in_post":null,"other_logs":null,"out_stock_days":0,"lost_sales":0,"has_location":null,"update_date":"2026-02-11T08:29:39","atum_locations":[],"atum_stock_status":"instock","restock_status":false,"low_stock_amount":"","sales_update_date":"2025-09-05T00:16:50","calc_backorders":null,"_links":{"self":[{"href":"https:\/\/aromasentia.com\/no\/wp-json\/wp\/v2\/product\/209895","targetHints":{"allow":["GET"]}}],"collection":[{"href":"https:\/\/aromasentia.com\/no\/wp-json\/wp\/v2\/product"}],"about":[{"href":"https:\/\/aromasentia.com\/no\/wp-json\/wp\/v2\/types\/product"}],"replies":[{"embeddable":true,"href":"https:\/\/aromasentia.com\/no\/wp-json\/wp\/v2\/comments?post=209895"}],"version-history":[{"count":0,"href":"https:\/\/aromasentia.com\/no\/wp-json\/wp\/v2\/product\/209895\/revisions"}],"wp:featuredmedia":[{"embeddable":true,"href":"https:\/\/aromasentia.com\/no\/wp-json\/wp\/v2\/media\/264396"}],"wp:attachment":[{"href":"https:\/\/aromasentia.com\/no\/wp-json\/wp\/v2\/media?parent=209895"}],"wp:term":[{"taxonomy":"product_brand","embeddable":true,"href":"https:\/\/aromasentia.com\/no\/wp-json\/wp\/v2\/product_brand?post=209895"},{"taxonomy":"product_cat","embeddable":true,"href":"https:\/\/aromasentia.com\/no\/wp-json\/wp\/v2\/product_cat?post=209895"},{"taxonomy":"product_tag","embeddable":true,"href":"https:\/\/aromasentia.com\/no\/wp-json\/wp\/v2\/product_tag?post=209895"}],"curies":[{"name":"wp","href":"https:\/\/api.w.org\/{rel}","templated":true}]}}