{"id":209877,"date":"2025-03-20T15:00:45","date_gmt":"2025-03-20T15:00:45","guid":{"rendered":"https:\/\/aromasentia.com\/product\/joints-ease-1kg-massage-oil\/"},"modified":"2025-05-31T06:44:56","modified_gmt":"2025-05-31T06:44:56","slug":"joints-ease-1kg-massasjeolje","status":"publish","type":"product","link":"https:\/\/aromasentia.com\/no\/joints-ease-1kg-massasjeolje\/","title":{"rendered":"Joints Ease 1Kg Massasjeolje"},"content":{"rendered":"<p>Finn komfort for \u00f8mme ledd med v\u00e5r Joints Ease 1 kg massasjeolje. Denne terapeutiske blandingen er n\u00f8ye sammensatt av naturlige oljer som er kjent for sine betennelsesdempende og beroligende egenskaper for \u00e5 lindre ubehag i leddene og forbedre fleksibiliteten. Den n\u00e6rende baseoljen gir en sk\u00e5nsom, men effektiv massasje som bidrar til \u00e5 varme opp omr\u00e5det og levere de velgj\u00f8rende botaniske stoffene dypt inn i vevet. Perfekt for de som opplever stivhet eller smerter, og gir en f\u00f8lelse av lindring og st\u00f8rre bevegelsesfrihet ved regelmessig bruk.<\/p>\n","protected":false},"excerpt":{"rendered":"<p>Finn komfort for \u00f8mme ledd med v\u00e5r Joints Ease 1 kg massasjeolje. Denne terapeutiske blandingen er n\u00f8ye sammensatt av naturlige oljer som er kjent for sine betennelsesdempende og beroligende egenskaper for \u00e5 lindre ubehag i leddene og forbedre fleksibiliteten. Den n\u00e6rende baseoljen gir en sk\u00e5nsom, men effektiv massasje som bidrar til \u00e5 varme opp omr\u00e5det [&hellip;]<\/p>\n","protected":false},"featured_media":265014,"comment_status":"closed","ping_status":"open","template":"","meta":{"_angie_page":false},"product_brand":[],"product_cat":[9413,10343],"product_tag":[],"class_list":{"0":"post-209877","1":"product","2":"type-product","3":"status-publish","4":"has-post-thumbnail","6":"product_cat-bad-spa-og-personlig-pleie","7":"product_cat-massasjeoljer","8":"pa_collection-massage-and-bath-oils-1kg-no","9":"pa_made-in-storbritannia","11":"first","12":"instock","13":"purchasable","14":"product-type-simple"},"supplier_id":null,"supplier_sku":"MOB-05","barcode":null,"atum_controlled":true,"out_stock_date":null,"out_stock_threshold":null,"inheritable":false,"inbound_stock":null,"stock_on_hold":0,"sold_today":0,"sales_last_days":0,"reserved_stock":null,"customer_returns":null,"warehouse_damage":null,"lost_in_post":null,"other_logs":null,"out_stock_days":0,"lost_sales":0,"has_location":null,"update_date":"2026-04-27T07:13:22","atum_locations":[],"atum_stock_status":"instock","restock_status":false,"low_stock_amount":"","sales_update_date":"2026-02-06T00:02:05","calc_backorders":null,"_links":{"self":[{"href":"https:\/\/aromasentia.com\/no\/wp-json\/wp\/v2\/product\/209877","targetHints":{"allow":["GET"]}}],"collection":[{"href":"https:\/\/aromasentia.com\/no\/wp-json\/wp\/v2\/product"}],"about":[{"href":"https:\/\/aromasentia.com\/no\/wp-json\/wp\/v2\/types\/product"}],"replies":[{"embeddable":true,"href":"https:\/\/aromasentia.com\/no\/wp-json\/wp\/v2\/comments?post=209877"}],"version-history":[{"count":0,"href":"https:\/\/aromasentia.com\/no\/wp-json\/wp\/v2\/product\/209877\/revisions"}],"wp:featuredmedia":[{"embeddable":true,"href":"https:\/\/aromasentia.com\/no\/wp-json\/wp\/v2\/media\/265014"}],"wp:attachment":[{"href":"https:\/\/aromasentia.com\/no\/wp-json\/wp\/v2\/media?parent=209877"}],"wp:term":[{"taxonomy":"product_brand","embeddable":true,"href":"https:\/\/aromasentia.com\/no\/wp-json\/wp\/v2\/product_brand?post=209877"},{"taxonomy":"product_cat","embeddable":true,"href":"https:\/\/aromasentia.com\/no\/wp-json\/wp\/v2\/product_cat?post=209877"},{"taxonomy":"product_tag","embeddable":true,"href":"https:\/\/aromasentia.com\/no\/wp-json\/wp\/v2\/product_tag?post=209877"}],"curies":[{"name":"wp","href":"https:\/\/api.w.org\/{rel}","templated":true}]}}