{"id":209875,"date":"2025-03-20T15:00:45","date_gmt":"2025-03-20T15:00:45","guid":{"rendered":"https:\/\/aromasentia.com\/product\/sandalwood-glow-1kg-massage-oil\/"},"modified":"2025-05-31T06:44:50","modified_gmt":"2025-05-31T06:44:50","slug":"sandeltre-glow-1kg-massasjeolje","status":"publish","type":"product","link":"https:\/\/aromasentia.com\/no\/sandeltre-glow-1kg-massasjeolje\/","title":{"rendered":"Sandeltre Glow 1Kg Massasjeolje"},"content":{"rendered":"<p>Lys opp huden din med v\u00e5r Sandalwood Glow Massage Oil 1 kg. Denne luksuri\u00f8se massasjeoljen inneholder den rike, kremete og jordn\u00e6re essensen av sandeltre, som er kjent for sine hudpleiende og beroligende egenskaper. Den er blandet med n\u00e6rende b\u00e6reoljer og gir en jevn, langvarig glidning som etterlater huden eksepsjonelt myk, hydrert og med en subtil, str\u00e5lende gl\u00f8d. Den rolige aromaen beroliger sinnet, noe som gj\u00f8r den perfekt for en dypt avslappende og velv\u00e6regivende massasjeopplevelse som pleier b\u00e5de hud og sjel.<\/p>\n","protected":false},"excerpt":{"rendered":"<p>Lys opp huden din med v\u00e5r Sandalwood Glow Massage Oil 1 kg. Denne luksuri\u00f8se massasjeoljen inneholder den rike, kremete og jordn\u00e6re essensen av sandeltre, som er kjent for sine hudpleiende og beroligende egenskaper. Den er blandet med n\u00e6rende b\u00e6reoljer og gir en jevn, langvarig glidning som etterlater huden eksepsjonelt myk, hydrert og med en subtil, [&hellip;]<\/p>\n","protected":false},"featured_media":264980,"comment_status":"closed","ping_status":"open","template":"","meta":{"_angie_page":false},"product_brand":[],"product_cat":[9413,25843,10343,26386,26897],"product_tag":[],"class_list":{"0":"post-209875","1":"product","2":"type-product","3":"status-publish","4":"has-post-thumbnail","6":"product_cat-bad-spa-og-personlig-pleie","7":"product_cat-dufter-aromaer","8":"product_cat-massasjeoljer","9":"product_cat-sandelte","10":"product_cat-treaktig","11":"pa_collection-massage-and-bath-oils-1kg-no","12":"pa_made-in-storbritannia","14":"first","15":"instock","16":"purchasable","17":"product-type-simple"},"supplier_id":null,"supplier_sku":"MOB-03","barcode":null,"atum_controlled":true,"out_stock_date":null,"out_stock_threshold":null,"inheritable":false,"inbound_stock":null,"stock_on_hold":0,"sold_today":0,"sales_last_days":0,"reserved_stock":null,"customer_returns":null,"warehouse_damage":null,"lost_in_post":null,"other_logs":null,"out_stock_days":0,"lost_sales":0,"has_location":null,"update_date":"2026-04-27T07:13:22","atum_locations":[],"atum_stock_status":"instock","restock_status":false,"low_stock_amount":"","sales_update_date":"2026-02-06T00:02:10","calc_backorders":null,"_links":{"self":[{"href":"https:\/\/aromasentia.com\/no\/wp-json\/wp\/v2\/product\/209875","targetHints":{"allow":["GET"]}}],"collection":[{"href":"https:\/\/aromasentia.com\/no\/wp-json\/wp\/v2\/product"}],"about":[{"href":"https:\/\/aromasentia.com\/no\/wp-json\/wp\/v2\/types\/product"}],"replies":[{"embeddable":true,"href":"https:\/\/aromasentia.com\/no\/wp-json\/wp\/v2\/comments?post=209875"}],"version-history":[{"count":0,"href":"https:\/\/aromasentia.com\/no\/wp-json\/wp\/v2\/product\/209875\/revisions"}],"wp:featuredmedia":[{"embeddable":true,"href":"https:\/\/aromasentia.com\/no\/wp-json\/wp\/v2\/media\/264980"}],"wp:attachment":[{"href":"https:\/\/aromasentia.com\/no\/wp-json\/wp\/v2\/media?parent=209875"}],"wp:term":[{"taxonomy":"product_brand","embeddable":true,"href":"https:\/\/aromasentia.com\/no\/wp-json\/wp\/v2\/product_brand?post=209875"},{"taxonomy":"product_cat","embeddable":true,"href":"https:\/\/aromasentia.com\/no\/wp-json\/wp\/v2\/product_cat?post=209875"},{"taxonomy":"product_tag","embeddable":true,"href":"https:\/\/aromasentia.com\/no\/wp-json\/wp\/v2\/product_tag?post=209875"}],"curies":[{"name":"wp","href":"https:\/\/api.w.org\/{rel}","templated":true}]}}