{"id":209873,"date":"2025-03-20T15:00:45","date_gmt":"2025-03-20T15:00:45","guid":{"rendered":"https:\/\/aromasentia.com\/product\/relaxing-1kg-massage-oil\/"},"modified":"2025-05-31T06:44:38","modified_gmt":"2025-05-31T06:44:38","slug":"avslappende-massasjeolje-1kg","status":"publish","type":"product","link":"https:\/\/aromasentia.com\/no\/avslappende-massasjeolje-1kg\/","title":{"rendered":"Avslappende Massasjeolje 1Kg"},"content":{"rendered":"<p>Slapp av og stress ned med v\u00e5r avslappende massasjeolje p\u00e5 1 kg. Denne sjener\u00f8se massasjeoljen er fagmessig blandet for \u00e5 fremme dyp avslapning og berolige slitne muskler. De n\u00f8ye utvalgte naturlige oljene gir en jevn, luksuri\u00f8s glidning, mens den beroligende aromatiske blandingen bidrar til \u00e5 roe sinnet og frigj\u00f8re spenninger fra kroppen. Perfekt for profesjonelle terapeuter eller til hjemmebruk, og forvandler enhver massasje til en virkelig fredfylt opplevelse som etterlater huden velpleiet og sjelen i dyp ro.<\/p>\n","protected":false},"excerpt":{"rendered":"<p>Slapp av og stress ned med v\u00e5r avslappende massasjeolje p\u00e5 1 kg. Denne sjener\u00f8se massasjeoljen er fagmessig blandet for \u00e5 fremme dyp avslapning og berolige slitne muskler. De n\u00f8ye utvalgte naturlige oljene gir en jevn, luksuri\u00f8s glidning, mens den beroligende aromatiske blandingen bidrar til \u00e5 roe sinnet og frigj\u00f8re spenninger fra kroppen. Perfekt for profesjonelle [&hellip;]<\/p>\n","protected":false},"featured_media":264954,"comment_status":"closed","ping_status":"open","template":"","meta":[],"product_brand":[],"product_cat":[9413,10343],"product_tag":[],"class_list":{"0":"post-209873","1":"product","2":"type-product","3":"status-publish","4":"has-post-thumbnail","6":"product_cat-bad-spa-og-personlig-pleie","7":"product_cat-massasjeoljer","8":"pa_collection-massage-and-bath-oils-1kg-no","9":"pa_made-in-storbritannia","11":"first","12":"instock","13":"purchasable","14":"product-type-simple"},"supplier_id":null,"supplier_sku":"MOB-01","barcode":null,"atum_controlled":true,"out_stock_date":null,"out_stock_threshold":null,"inheritable":false,"inbound_stock":null,"stock_on_hold":0,"sold_today":0,"sales_last_days":0,"reserved_stock":null,"customer_returns":null,"warehouse_damage":null,"lost_in_post":null,"other_logs":null,"out_stock_days":0,"lost_sales":0,"has_location":null,"update_date":"2026-01-30T01:24:54","atum_locations":[],"atum_stock_status":"instock","restock_status":false,"low_stock_amount":"","sales_update_date":"2026-01-30T01:24:54","calc_backorders":null,"_links":{"self":[{"href":"https:\/\/aromasentia.com\/no\/wp-json\/wp\/v2\/product\/209873","targetHints":{"allow":["GET"]}}],"collection":[{"href":"https:\/\/aromasentia.com\/no\/wp-json\/wp\/v2\/product"}],"about":[{"href":"https:\/\/aromasentia.com\/no\/wp-json\/wp\/v2\/types\/product"}],"replies":[{"embeddable":true,"href":"https:\/\/aromasentia.com\/no\/wp-json\/wp\/v2\/comments?post=209873"}],"version-history":[{"count":0,"href":"https:\/\/aromasentia.com\/no\/wp-json\/wp\/v2\/product\/209873\/revisions"}],"wp:featuredmedia":[{"embeddable":true,"href":"https:\/\/aromasentia.com\/no\/wp-json\/wp\/v2\/media\/264954"}],"wp:attachment":[{"href":"https:\/\/aromasentia.com\/no\/wp-json\/wp\/v2\/media?parent=209873"}],"wp:term":[{"taxonomy":"product_brand","embeddable":true,"href":"https:\/\/aromasentia.com\/no\/wp-json\/wp\/v2\/product_brand?post=209873"},{"taxonomy":"product_cat","embeddable":true,"href":"https:\/\/aromasentia.com\/no\/wp-json\/wp\/v2\/product_cat?post=209873"},{"taxonomy":"product_tag","embeddable":true,"href":"https:\/\/aromasentia.com\/no\/wp-json\/wp\/v2\/product_tag?post=209873"}],"curies":[{"name":"wp","href":"https:\/\/api.w.org\/{rel}","templated":true}]}}