{"id":209862,"date":"2025-03-22T13:29:17","date_gmt":"2025-03-22T13:29:17","guid":{"rendered":"https:\/\/aromasentia.com\/product\/square-led-light-box-for-crystals\/"},"modified":"2025-05-31T06:43:39","modified_gmt":"2025-05-31T06:43:39","slug":"firkantet-led-lysboks-for-krystaller","status":"publish","type":"product","link":"https:\/\/aromasentia.com\/no\/firkantet-led-lysboks-for-krystaller\/","title":{"rendered":"Firkantet Led-Lysboks For Krystaller"},"content":{"rendered":"<p>LED-krystallstativ. F\u00e5 frem skj\u00f8nnheten til laserkrystallene dine med disse LED-stativene av TOP KVALITET.<\/p>\n<p>Plasser laserkrystallen din p\u00e5 toppen av stativet og se de fargede lysene skinne gjennom laserkrystallen og fremheve detaljene inni. Selg mange flere krystallblokker ved \u00e5 vise frem krystaller som dette, og selvf\u00f8lgelig kan du ogs\u00e5 selge stativene. Noen av v\u00e5re st\u00f8rre stativer roterer ogs\u00e5, noe som gj\u00f8r disse stativene til et flott salgsverkt\u00f8y. <\/p>\n<p><strong>Batteri er ikke inkludert.<\/strong><\/p>\n","protected":false},"excerpt":{"rendered":"<p>LED-krystallstativ. F\u00e5 frem skj\u00f8nnheten til laserkrystallene dine med disse LED-stativene av TOP KVALITET. Plasser laserkrystallen din p\u00e5 toppen av stativet og se de fargede lysene skinne gjennom laserkrystallen og fremheve detaljene inni. Selg mange flere krystallblokker ved \u00e5 vise frem krystaller som dette, og selvf\u00f8lgelig kan du ogs\u00e5 selge stativene. Noen av v\u00e5re st\u00f8rre stativer [&hellip;]<\/p>\n","protected":false},"featured_media":331646,"comment_status":"closed","ping_status":"open","template":"","meta":[],"product_brand":[],"product_cat":[9155],"product_tag":[],"class_list":{"0":"post-209862","1":"product","2":"type-product","3":"status-publish","4":"has-post-thumbnail","6":"product_cat-esoteriske-gaver","7":"pa_made-in-kina","9":"first","10":"instock","11":"purchasable","12":"product-type-simple"},"supplier_id":null,"supplier_sku":"TWSL-04","barcode":null,"atum_controlled":true,"out_stock_date":null,"out_stock_threshold":null,"inheritable":false,"inbound_stock":null,"stock_on_hold":0,"sold_today":0,"sales_last_days":0,"reserved_stock":null,"customer_returns":null,"warehouse_damage":null,"lost_in_post":null,"other_logs":null,"out_stock_days":0,"lost_sales":0,"has_location":null,"update_date":"2026-02-09T22:33:38","atum_locations":[],"atum_stock_status":"instock","restock_status":false,"low_stock_amount":"","sales_update_date":"2026-01-20T05:13:40","calc_backorders":null,"_links":{"self":[{"href":"https:\/\/aromasentia.com\/no\/wp-json\/wp\/v2\/product\/209862","targetHints":{"allow":["GET"]}}],"collection":[{"href":"https:\/\/aromasentia.com\/no\/wp-json\/wp\/v2\/product"}],"about":[{"href":"https:\/\/aromasentia.com\/no\/wp-json\/wp\/v2\/types\/product"}],"replies":[{"embeddable":true,"href":"https:\/\/aromasentia.com\/no\/wp-json\/wp\/v2\/comments?post=209862"}],"version-history":[{"count":0,"href":"https:\/\/aromasentia.com\/no\/wp-json\/wp\/v2\/product\/209862\/revisions"}],"wp:featuredmedia":[{"embeddable":true,"href":"https:\/\/aromasentia.com\/no\/wp-json\/wp\/v2\/media\/331646"}],"wp:attachment":[{"href":"https:\/\/aromasentia.com\/no\/wp-json\/wp\/v2\/media?parent=209862"}],"wp:term":[{"taxonomy":"product_brand","embeddable":true,"href":"https:\/\/aromasentia.com\/no\/wp-json\/wp\/v2\/product_brand?post=209862"},{"taxonomy":"product_cat","embeddable":true,"href":"https:\/\/aromasentia.com\/no\/wp-json\/wp\/v2\/product_cat?post=209862"},{"taxonomy":"product_tag","embeddable":true,"href":"https:\/\/aromasentia.com\/no\/wp-json\/wp\/v2\/product_tag?post=209862"}],"curies":[{"name":"wp","href":"https:\/\/api.w.org\/{rel}","templated":true}]}}