{"id":209857,"date":"2025-03-22T13:29:17","date_gmt":"2025-03-22T13:29:17","guid":{"rendered":"https:\/\/aromasentia.com\/product\/crystal-ball-on-stand-100mm\/"},"modified":"2025-05-31T06:43:18","modified_gmt":"2025-05-31T06:43:18","slug":"krystallkule-pa-stativ-100-mm","status":"publish","type":"product","link":"https:\/\/aromasentia.com\/no\/krystallkule-pa-stativ-100-mm\/","title":{"rendered":"Krystallkule P\u00e5 Stativ 100 mm"},"content":{"rendered":"<p>Ingenting f\u00e5r mer \u00e6ren for sp\u00e5domskraften enn den beskjedne krystallkulen. Bildet av den sp\u00e5ende sig\u00f8yneren som stirrer inn i kulen og forutsier fremtiden din, er bare ett aspekt av denne rene symbolske gjenstanden.<\/p>\n<p>Den er nevnt i Johannes&#8217; \u00e5penbaring og referert til i legenden om Kong Arthur, som s\u00f8kte r\u00e5d og profetier fra magikeren Merlin via krystallkulen sin&#8230;<\/p>\n<p>Sp\u00e5menn, som var fremtredende i middelalderen, \u00e6ret krystallkulene sine og ga dem ofte videre til l\u00e6rlingene sine. Krystaller, som var et verkt\u00f8y for \u00e5 n\u00e5 og kommunisere med det guddommelige, har faktisk alltid blitt brukt i kommunikasjon, akkurat som de blir i dag i radioer, telefoner og datamaskiner.<\/p>\n<p>Muligens er grunnen til at krystallkuler ble viktige verkt\u00f8y p\u00e5 grunn av deres iboende egenskaper med gjennomsiktighet og symmetri. I tillegg hevdes det at de energiske feltene til krystaller og edelstener p\u00e5virker det den som ser p\u00e5 et sv\u00e6rt subtilt og ofte esoterisk niv\u00e5.<\/p>\n<p>Advarsel!<br \/>Det kan virke selvinnlysende, men det er verdt \u00e5 merke seg at p\u00e5 grunn av krystallkulers optiske natur, er det en liten mulig brannfare hvis de blir st\u00e5ende i direkte sollys.<\/p>\n","protected":false},"excerpt":{"rendered":"<p>Ingenting f\u00e5r mer \u00e6ren for sp\u00e5domskraften enn den beskjedne krystallkulen. Bildet av den sp\u00e5ende sig\u00f8yneren som stirrer inn i kulen og forutsier fremtiden din, er bare ett aspekt av denne rene symbolske gjenstanden. Den er nevnt i Johannes&#8217; \u00e5penbaring og referert til i legenden om Kong Arthur, som s\u00f8kte r\u00e5d og profetier fra magikeren Merlin [&hellip;]<\/p>\n","protected":false},"featured_media":331401,"comment_status":"closed","ping_status":"open","template":"","meta":{"_angie_page":false},"product_brand":[],"product_cat":[8408,8374],"product_tag":[],"class_list":{"0":"post-209857","1":"product","2":"type-product","3":"status-publish","4":"has-post-thumbnail","6":"product_cat-krystallkuler","7":"product_cat-vintage-gaver-og-suvenirer","8":"pa_collection-ancient-wisdom-crystal-balls-no","9":"pa_made-in-kina","11":"first","12":"instock","13":"purchasable","14":"product-type-simple"},"supplier_id":null,"supplier_sku":"AWCball-06","barcode":null,"atum_controlled":true,"out_stock_date":null,"out_stock_threshold":null,"inheritable":false,"inbound_stock":null,"stock_on_hold":0,"sold_today":0,"sales_last_days":0,"reserved_stock":null,"customer_returns":null,"warehouse_damage":null,"lost_in_post":null,"other_logs":null,"out_stock_days":0,"lost_sales":0,"has_location":null,"update_date":"2026-04-27T06:51:44","atum_locations":[],"atum_stock_status":"instock","restock_status":false,"low_stock_amount":"","sales_update_date":"2025-10-09T03:24:08","calc_backorders":null,"_links":{"self":[{"href":"https:\/\/aromasentia.com\/no\/wp-json\/wp\/v2\/product\/209857","targetHints":{"allow":["GET"]}}],"collection":[{"href":"https:\/\/aromasentia.com\/no\/wp-json\/wp\/v2\/product"}],"about":[{"href":"https:\/\/aromasentia.com\/no\/wp-json\/wp\/v2\/types\/product"}],"replies":[{"embeddable":true,"href":"https:\/\/aromasentia.com\/no\/wp-json\/wp\/v2\/comments?post=209857"}],"version-history":[{"count":0,"href":"https:\/\/aromasentia.com\/no\/wp-json\/wp\/v2\/product\/209857\/revisions"}],"wp:featuredmedia":[{"embeddable":true,"href":"https:\/\/aromasentia.com\/no\/wp-json\/wp\/v2\/media\/331401"}],"wp:attachment":[{"href":"https:\/\/aromasentia.com\/no\/wp-json\/wp\/v2\/media?parent=209857"}],"wp:term":[{"taxonomy":"product_brand","embeddable":true,"href":"https:\/\/aromasentia.com\/no\/wp-json\/wp\/v2\/product_brand?post=209857"},{"taxonomy":"product_cat","embeddable":true,"href":"https:\/\/aromasentia.com\/no\/wp-json\/wp\/v2\/product_cat?post=209857"},{"taxonomy":"product_tag","embeddable":true,"href":"https:\/\/aromasentia.com\/no\/wp-json\/wp\/v2\/product_tag?post=209857"}],"curies":[{"name":"wp","href":"https:\/\/api.w.org\/{rel}","templated":true}]}}