{"id":209853,"date":"2025-03-22T13:29:24","date_gmt":"2025-03-22T13:29:24","guid":{"rendered":"https:\/\/aromasentia.com\/product\/black-obsidian-points-approx-60-70-gm-9cm-mystic-story-forest-green\/"},"modified":"2025-05-31T06:43:03","modified_gmt":"2025-05-31T06:43:03","slug":"svart-obsidian-spiss-ca-60-70-g-9-cm-mystic-story-forest-green","status":"publish","type":"product","link":"https:\/\/aromasentia.com\/no\/svart-obsidian-spiss-ca-60-70-g-9-cm-mystic-story-forest-green\/","title":{"rendered":"Svart Obsidian Spiss (Ca. 60-70 G 9 cm) &#8211; Mystic Story &#8211; Forest Green"},"content":{"rendered":"<p><span style=\"color: rgb(75, 80, 88);\"><strong>Omfavn den jordende energien til v\u00e5r gr\u00f8nne m\u00e5neobsidianobelisk.<\/strong><\/span><\/p>\n<p><span style=\"color: rgb(75, 80, 88);\">Dekorert med symboler for m\u00e5nen og stjernene, er dette smykket perfekt for \u00e5 absorbere negative energier og fremme helbredelse. Enten det brukes i meditasjon eller som et sl\u00e5ende dekorelement, tilbyr de beroligende gr\u00f8nne aksentene b\u00e5de skj\u00f8nnhet og beskyttelse, noe som gj\u00f8r den til et must for krystallentusiaster og spirituelle s\u00f8kere.<\/span><\/p>\n<p><span style=\"color: rgb(75, 80, 88);\"><strong>Kraften i deg:<\/strong><\/span><\/p>\n<p><span style=\"color: rgb(75, 80, 88);\"><strong>Svart obsidian er kjent for sin evne til \u00e5 beskytte og jorde, og bidrar til \u00e5 avverge negativitet og absorbere skadelige energier. <\/strong>De mystiske symbolene som er etset inn i hvert stykke antas \u00e5 forsterke disse effektene, noe som gj\u00f8r disse punktene til kraftige verkt\u00f8y for meditasjon, spirituell praksis eller krystallhealing. <\/span><\/p>\n<p><span style=\"color: rgb(75, 80, 88);\"><strong>Slik bruker du dem:<\/strong><\/span><\/p>\n<p><span style=\"color: rgb(75, 80, 88);\"><strong>Meditasjon:<\/strong> Hold en under meditasjon for \u00e5 utdype fokuset og den spirituelle forbindelsen.<\/span><\/p>\n<p><span style=\"color: rgb(75, 80, 88);\"><strong>Healing:<\/strong> Bruk den spisse tuppen til \u00e5 styre energi i healings\u00f8kter.<\/span><\/p>\n<p><span style=\"color: rgb(75, 80, 88);\"><strong>Dekor:<\/strong> Vis dem ut i hjemmet eller p\u00e5 arbeidsplassen din for \u00e5 invitere til positive vibber og et snev av kosmisk mystikk.<\/span><\/p>\n","protected":false},"excerpt":{"rendered":"<p>Omfavn den jordende energien til v\u00e5r gr\u00f8nne m\u00e5neobsidianobelisk. Dekorert med symboler for m\u00e5nen og stjernene, er dette smykket perfekt for \u00e5 absorbere negative energier og fremme helbredelse. Enten det brukes i meditasjon eller som et sl\u00e5ende dekorelement, tilbyr de beroligende gr\u00f8nne aksentene b\u00e5de skj\u00f8nnhet og beskyttelse, noe som gj\u00f8r den til et must for krystallentusiaster [&hellip;]<\/p>\n","protected":false},"featured_media":333686,"comment_status":"closed","ping_status":"open","template":"","meta":{"_angie_page":false},"product_brand":[],"product_cat":[9155,25221,25691,9161],"product_tag":[],"class_list":{"0":"post-209853","1":"product","2":"type-product","3":"status-publish","4":"has-post-thumbnail","6":"product_cat-esoteriske-gaver","7":"product_cat-krystaller-edelsteiner","8":"product_cat-obsidian","9":"product_cat-trommelsteiner","10":"pa_collection-black-obsidian-points-no","11":"pa_made-in-kina","13":"first","14":"instock","15":"purchasable","16":"product-type-simple"},"supplier_id":null,"supplier_sku":"CryPt-01","barcode":null,"atum_controlled":true,"out_stock_date":null,"out_stock_threshold":null,"inheritable":false,"inbound_stock":null,"stock_on_hold":0,"sold_today":0,"sales_last_days":0,"reserved_stock":null,"customer_returns":null,"warehouse_damage":null,"lost_in_post":null,"other_logs":null,"out_stock_days":0,"lost_sales":0,"has_location":null,"update_date":"2026-04-27T06:58:25","atum_locations":[],"atum_stock_status":"instock","restock_status":false,"low_stock_amount":"","sales_update_date":"2026-02-06T00:02:32","calc_backorders":null,"_links":{"self":[{"href":"https:\/\/aromasentia.com\/no\/wp-json\/wp\/v2\/product\/209853","targetHints":{"allow":["GET"]}}],"collection":[{"href":"https:\/\/aromasentia.com\/no\/wp-json\/wp\/v2\/product"}],"about":[{"href":"https:\/\/aromasentia.com\/no\/wp-json\/wp\/v2\/types\/product"}],"replies":[{"embeddable":true,"href":"https:\/\/aromasentia.com\/no\/wp-json\/wp\/v2\/comments?post=209853"}],"version-history":[{"count":0,"href":"https:\/\/aromasentia.com\/no\/wp-json\/wp\/v2\/product\/209853\/revisions"}],"wp:featuredmedia":[{"embeddable":true,"href":"https:\/\/aromasentia.com\/no\/wp-json\/wp\/v2\/media\/333686"}],"wp:attachment":[{"href":"https:\/\/aromasentia.com\/no\/wp-json\/wp\/v2\/media?parent=209853"}],"wp:term":[{"taxonomy":"product_brand","embeddable":true,"href":"https:\/\/aromasentia.com\/no\/wp-json\/wp\/v2\/product_brand?post=209853"},{"taxonomy":"product_cat","embeddable":true,"href":"https:\/\/aromasentia.com\/no\/wp-json\/wp\/v2\/product_cat?post=209853"},{"taxonomy":"product_tag","embeddable":true,"href":"https:\/\/aromasentia.com\/no\/wp-json\/wp\/v2\/product_tag?post=209853"}],"curies":[{"name":"wp","href":"https:\/\/api.w.org\/{rel}","templated":true}]}}