{"id":209852,"date":"2025-03-22T13:29:24","date_gmt":"2025-03-22T13:29:24","guid":{"rendered":"https:\/\/aromasentia.com\/product\/crystal-glass-tea-infuser-bottle-rose-gold-onyx\/"},"modified":"2025-05-31T06:42:59","modified_gmt":"2025-05-31T06:42:59","slug":"te-infuser-glassflaske-rosegull-onyx","status":"publish","type":"product","link":"https:\/\/aromasentia.com\/no\/te-infuser-glassflaske-rosegull-onyx\/","title":{"rendered":"Te Infuser Glassflaske -Rosegull &#8211; Onyx"},"content":{"rendered":"<p><a href=\"https:\/\/aromasentia.com\/crystal-glass-tea-infuser-bottles\"><strong><span style=\"color: rgb(75, 80, 88);\">Te-infuseren i krystallglass<\/span><\/strong><\/a><span style=\"color: rgb(75, 80, 88);\">er vakker og funksjonell. Den lar kundene dine nyte sin favoritt l\u00f8sbladste p\u00e5 farten. Flasken er laget av borosilikatglass av h\u00f8y kvalitet, som er slitesterkt og motstandsdyktig.<\/span><\/p>\n<p><span style=\"color: rgb(75, 80, 88);\">Te-infuseren i rustfritt st\u00e5l er avtakbar, noe som gj\u00f8r den enkel \u00e5 rengj\u00f8re og fylle p\u00e5 med favorittteen din.<\/span><\/p>\n<p><span style=\"color: rgb(75, 80, 88);\">Te-infuseren i krystallglass har en ros\u00e9gullkork som skrus godt p\u00e5 for \u00e5 forhindre lekkasjer og s\u00f8l. Settet inkluderer ogs\u00e5 neoprentrekk.<\/span><\/p>\n<p><span style=\"color: rgb(75, 80, 88);\">De svarte onykssteinene i flasken gir en vakker og beroligende estetikk. Svart onyks kalles en trollmannsstein. Den sikrer balanse mellom sjel og kropp. Steinene holdes sikkert p\u00e5 plass i bunnen av flasken og gir et fint preg til det generelle designet.<\/span><\/p>\n<p><span style=\"color: rgb(75, 80, 88);\"><strong>Enkel \u00e5 bruke, enkel \u00e5 rengj\u00f8re og gir et snev av eleganse til teopplevelsen.<\/strong><\/span><\/p>\n<p><span style=\"color: rgb(75, 80, 88);\">BPA-fri \u2013 Med et praktisk neoprentrekk \u2013 500 ml \u2013 Avtakbar teinfuser<\/span><\/p>\n<p><span style=\"color: rgb(184, 49, 47);\"><strong>FORSIKTIGHET: Flasken blir ganske varm etter at du har helt p\u00e5 den varmt vann. For sikkerhets skyld, bruk med lokk.<\/strong><\/span><\/p>\n<p><a href=\"https:\/\/aromasentia.com\/artisan-tea-blends-50g\"><span style=\"color: rgb(75, 80, 88);\"><strong>Kj\u00f8p v\u00e5re h\u00e5ndlagde teblandinger.<\/strong><\/span><\/a><\/p>\n","protected":false},"excerpt":{"rendered":"<p>Te-infuseren i krystallglasser vakker og funksjonell. Den lar kundene dine nyte sin favoritt l\u00f8sbladste p\u00e5 farten. Flasken er laget av borosilikatglass av h\u00f8y kvalitet, som er slitesterkt og motstandsdyktig. Te-infuseren i rustfritt st\u00e5l er avtakbar, noe som gj\u00f8r den enkel \u00e5 rengj\u00f8re og fylle p\u00e5 med favorittteen din. Te-infuseren i krystallglass har en ros\u00e9gullkork som [&hellip;]<\/p>\n","protected":false},"featured_media":333645,"comment_status":"closed","ping_status":"open","template":"","meta":{"_angie_page":false},"product_brand":[],"product_cat":[9166,9155,25221,25700,8541],"product_tag":[],"class_list":{"0":"post-209852","1":"product","2":"type-product","3":"status-publish","4":"has-post-thumbnail","6":"product_cat-dekorasjoner-med-edelstener","7":"product_cat-esoteriske-gaver","8":"product_cat-krystaller-edelsteiner","9":"product_cat-onyx","10":"product_cat-te-og-teutstyr","11":"pa_collection-crystal-glass-tea-infuser-bottles-no","12":"pa_made-in-kina","14":"first","15":"instock","16":"purchasable","17":"product-type-simple"},"supplier_id":null,"supplier_sku":"CGTIB-05","barcode":null,"atum_controlled":true,"out_stock_date":null,"out_stock_threshold":null,"inheritable":false,"inbound_stock":null,"stock_on_hold":0,"sold_today":0,"sales_last_days":0,"reserved_stock":null,"customer_returns":null,"warehouse_damage":null,"lost_in_post":null,"other_logs":null,"out_stock_days":0,"lost_sales":0,"has_location":null,"update_date":"2026-04-27T06:56:56","atum_locations":[],"atum_stock_status":"instock","restock_status":false,"low_stock_amount":"","sales_update_date":"2025-10-09T03:27:45","calc_backorders":null,"_links":{"self":[{"href":"https:\/\/aromasentia.com\/no\/wp-json\/wp\/v2\/product\/209852","targetHints":{"allow":["GET"]}}],"collection":[{"href":"https:\/\/aromasentia.com\/no\/wp-json\/wp\/v2\/product"}],"about":[{"href":"https:\/\/aromasentia.com\/no\/wp-json\/wp\/v2\/types\/product"}],"replies":[{"embeddable":true,"href":"https:\/\/aromasentia.com\/no\/wp-json\/wp\/v2\/comments?post=209852"}],"version-history":[{"count":0,"href":"https:\/\/aromasentia.com\/no\/wp-json\/wp\/v2\/product\/209852\/revisions"}],"wp:featuredmedia":[{"embeddable":true,"href":"https:\/\/aromasentia.com\/no\/wp-json\/wp\/v2\/media\/333645"}],"wp:attachment":[{"href":"https:\/\/aromasentia.com\/no\/wp-json\/wp\/v2\/media?parent=209852"}],"wp:term":[{"taxonomy":"product_brand","embeddable":true,"href":"https:\/\/aromasentia.com\/no\/wp-json\/wp\/v2\/product_brand?post=209852"},{"taxonomy":"product_cat","embeddable":true,"href":"https:\/\/aromasentia.com\/no\/wp-json\/wp\/v2\/product_cat?post=209852"},{"taxonomy":"product_tag","embeddable":true,"href":"https:\/\/aromasentia.com\/no\/wp-json\/wp\/v2\/product_tag?post=209852"}],"curies":[{"name":"wp","href":"https:\/\/api.w.org\/{rel}","templated":true}]}}