{"id":209844,"date":"2025-03-22T13:29:24","date_gmt":"2025-03-22T13:29:24","guid":{"rendered":"https:\/\/aromasentia.com\/product\/gemstone-essential-oil-roller-bottle-aventurine-silver-cap-gemstone-roller-tip-for-5ml-bottle-aventurine\/"},"modified":"2025-05-31T06:42:07","modified_gmt":"2025-05-31T06:42:07","slug":"eterisk-olje-roll-on-flaske-aventurin-5ml-2","status":"publish","type":"product","link":"https:\/\/aromasentia.com\/no\/eterisk-olje-roll-on-flaske-aventurin-5ml-2\/","title":{"rendered":"Eterisk Olje Roll-on Flaske &#8211; Aventurin &#8211; 5ml"},"content":{"rendered":"<p>Roll-on-flasken gj\u00f8r det mulig \u00e5 p\u00e5f\u00f8re oljene presist og enkelt p\u00e5 huden. Kulen er laget av glattpolert aventurin. Steinene som er plassert inni gir en unik visuell effekt, og det antas ogs\u00e5 at de forsterker effekten av den gitte blandingen. <\/p>\n<p><strong>Aventurin<\/strong> antas \u00e5 bringe lykke, velstand og suksess. Den sies ogs\u00e5 \u00e5 v\u00e6re nyttig for \u00e5 komme i kontakt med engler og \u00e5ndelige guider, noe som gj\u00f8r den til en nyttig stein for meditasjon og \u00e5ndelig arbeid.<\/p>\n<p>Fyll disse <strong>Gemstone Roller Bottles<\/strong> med noe du vet vil selge godt. De er perfekte for bruk av eteriske oljer, parfymeoljer, DIY-pr\u00f8veblandinger, essenser, aromaterapi og andre v\u00e6sker.<\/p>\n<p>\n","protected":false},"excerpt":{"rendered":"<p>Roll-on-flasken gj\u00f8r det mulig \u00e5 p\u00e5f\u00f8re oljene presist og enkelt p\u00e5 huden. Kulen er laget av glattpolert aventurin. Steinene som er plassert inni gir en unik visuell effekt, og det antas ogs\u00e5 at de forsterker effekten av den gitte blandingen. Aventurin antas \u00e5 bringe lykke, velstand og suksess. Den sies ogs\u00e5 \u00e5 v\u00e6re nyttig for [&hellip;]<\/p>\n","protected":false},"featured_media":333317,"comment_status":"closed","ping_status":"open","template":"","meta":{"_angie_page":false},"product_brand":[],"product_cat":[9088,25562,9166,9155,25221],"product_tag":[],"class_list":{"0":"post-209844","1":"product","2":"type-product","3":"status-publish","4":"has-post-thumbnail","6":"product_cat-aromaterapi-flasker-og-tilbehor","7":"product_cat-aventurin","8":"product_cat-dekorasjoner-med-edelstener","9":"product_cat-esoteriske-gaver","10":"product_cat-krystaller-edelsteiner","11":"pa_collection-gemstone-roller-bottles-and-balls-no","12":"pa_made-in-kina","14":"first","15":"outofstock","16":"purchasable","17":"product-type-simple"},"supplier_id":null,"supplier_sku":"CGRB-11","barcode":null,"atum_controlled":true,"out_stock_date":"2026-02-03 10:32:49","out_stock_threshold":null,"inheritable":false,"inbound_stock":null,"stock_on_hold":0,"sold_today":0,"sales_last_days":0,"reserved_stock":null,"customer_returns":null,"warehouse_damage":null,"lost_in_post":null,"other_logs":null,"out_stock_days":0,"lost_sales":0,"has_location":null,"update_date":"2026-04-27T06:56:56","atum_locations":[],"atum_stock_status":"outofstock","restock_status":false,"low_stock_amount":"","sales_update_date":"2026-01-20T05:13:42","calc_backorders":null,"_links":{"self":[{"href":"https:\/\/aromasentia.com\/no\/wp-json\/wp\/v2\/product\/209844","targetHints":{"allow":["GET"]}}],"collection":[{"href":"https:\/\/aromasentia.com\/no\/wp-json\/wp\/v2\/product"}],"about":[{"href":"https:\/\/aromasentia.com\/no\/wp-json\/wp\/v2\/types\/product"}],"replies":[{"embeddable":true,"href":"https:\/\/aromasentia.com\/no\/wp-json\/wp\/v2\/comments?post=209844"}],"version-history":[{"count":0,"href":"https:\/\/aromasentia.com\/no\/wp-json\/wp\/v2\/product\/209844\/revisions"}],"wp:featuredmedia":[{"embeddable":true,"href":"https:\/\/aromasentia.com\/no\/wp-json\/wp\/v2\/media\/333317"}],"wp:attachment":[{"href":"https:\/\/aromasentia.com\/no\/wp-json\/wp\/v2\/media?parent=209844"}],"wp:term":[{"taxonomy":"product_brand","embeddable":true,"href":"https:\/\/aromasentia.com\/no\/wp-json\/wp\/v2\/product_brand?post=209844"},{"taxonomy":"product_cat","embeddable":true,"href":"https:\/\/aromasentia.com\/no\/wp-json\/wp\/v2\/product_cat?post=209844"},{"taxonomy":"product_tag","embeddable":true,"href":"https:\/\/aromasentia.com\/no\/wp-json\/wp\/v2\/product_tag?post=209844"}],"curies":[{"name":"wp","href":"https:\/\/api.w.org\/{rel}","templated":true}]}}