{"id":209842,"date":"2025-03-22T13:29:24","date_gmt":"2025-03-22T13:29:24","guid":{"rendered":"https:\/\/aromasentia.com\/product\/gemstone-essential-oil-roller-bottle-sodalite-silver-cap-gemstone-roller-tip-for-5ml-bottle-sodalite\/"},"modified":"2025-05-31T06:41:58","modified_gmt":"2025-05-31T06:41:58","slug":"eterisk-olje-roll-on-flaske-sodalite-5ml-2","status":"publish","type":"product","link":"https:\/\/aromasentia.com\/no\/eterisk-olje-roll-on-flaske-sodalite-5ml-2\/","title":{"rendered":"Eterisk Olje Roll-on Flaske &#8211; Sodalite &#8211; 5ml"},"content":{"rendered":"<p>Roll-on-flasken gj\u00f8r det mulig \u00e5 p\u00e5f\u00f8re oljene presist og enkelt p\u00e5 huden. Kulen er laget av glattpolert sodalitt. Steinene som er plassert inni gir en unik visuell effekt, og det antas ogs\u00e5 at de forsterker effekten av den gitte blandingen.<\/p>\n<p><strong>Sodalitt<\/strong> sies \u00e5 v\u00e6re nyttig for immunforsvaret og for stoffskiftet, og det sies ogs\u00e5 at den balanserer kroppens mineralinnhold. Den antas ogs\u00e5 \u00e5 v\u00e6re en kraftfull stein for kommunikasjon og selvuttrykk, som bidrar til \u00e5 \u00f8ke kreativiteten, selvtilliten og gj\u00f8r det lettere \u00e5 uttrykke seg.<\/p>\n<p>Fyll disse <strong>Gemstone Roller Bottles<\/strong> med noe som du vet vil selge godt. De er perfekte for bruk av eteriske oljer, parfymeoljer, DIY-pr\u00f8veblandinger, essenser, aromaterapi og andre v\u00e6sker.<\/p>\n<p>\n","protected":false},"excerpt":{"rendered":"<p>Roll-on-flasken gj\u00f8r det mulig \u00e5 p\u00e5f\u00f8re oljene presist og enkelt p\u00e5 huden. Kulen er laget av glattpolert sodalitt. Steinene som er plassert inni gir en unik visuell effekt, og det antas ogs\u00e5 at de forsterker effekten av den gitte blandingen. Sodalitt sies \u00e5 v\u00e6re nyttig for immunforsvaret og for stoffskiftet, og det sies ogs\u00e5 at [&hellip;]<\/p>\n","protected":false},"featured_media":333235,"comment_status":"closed","ping_status":"open","template":"","meta":{"_angie_page":false},"product_brand":[],"product_cat":[9088,9166,9155,25221,25768],"product_tag":[],"class_list":{"0":"post-209842","1":"product","2":"type-product","3":"status-publish","4":"has-post-thumbnail","6":"product_cat-aromaterapi-flasker-og-tilbehor","7":"product_cat-dekorasjoner-med-edelstener","8":"product_cat-esoteriske-gaver","9":"product_cat-krystaller-edelsteiner","10":"product_cat-sodalitt","11":"pa_collection-gemstone-roller-bottles-and-balls-no","12":"pa_made-in-kina","14":"first","15":"instock","16":"purchasable","17":"product-type-simple"},"supplier_id":null,"supplier_sku":"CGRB-09","barcode":null,"atum_controlled":true,"out_stock_date":null,"out_stock_threshold":null,"inheritable":false,"inbound_stock":null,"stock_on_hold":0,"sold_today":0,"sales_last_days":0,"reserved_stock":null,"customer_returns":null,"warehouse_damage":null,"lost_in_post":null,"other_logs":null,"out_stock_days":0,"lost_sales":0,"has_location":null,"update_date":"2026-04-27T06:56:56","atum_locations":[],"atum_stock_status":"instock","restock_status":false,"low_stock_amount":"","sales_update_date":"2026-01-30T01:26:13","calc_backorders":null,"_links":{"self":[{"href":"https:\/\/aromasentia.com\/no\/wp-json\/wp\/v2\/product\/209842","targetHints":{"allow":["GET"]}}],"collection":[{"href":"https:\/\/aromasentia.com\/no\/wp-json\/wp\/v2\/product"}],"about":[{"href":"https:\/\/aromasentia.com\/no\/wp-json\/wp\/v2\/types\/product"}],"replies":[{"embeddable":true,"href":"https:\/\/aromasentia.com\/no\/wp-json\/wp\/v2\/comments?post=209842"}],"version-history":[{"count":0,"href":"https:\/\/aromasentia.com\/no\/wp-json\/wp\/v2\/product\/209842\/revisions"}],"wp:featuredmedia":[{"embeddable":true,"href":"https:\/\/aromasentia.com\/no\/wp-json\/wp\/v2\/media\/333235"}],"wp:attachment":[{"href":"https:\/\/aromasentia.com\/no\/wp-json\/wp\/v2\/media?parent=209842"}],"wp:term":[{"taxonomy":"product_brand","embeddable":true,"href":"https:\/\/aromasentia.com\/no\/wp-json\/wp\/v2\/product_brand?post=209842"},{"taxonomy":"product_cat","embeddable":true,"href":"https:\/\/aromasentia.com\/no\/wp-json\/wp\/v2\/product_cat?post=209842"},{"taxonomy":"product_tag","embeddable":true,"href":"https:\/\/aromasentia.com\/no\/wp-json\/wp\/v2\/product_tag?post=209842"}],"curies":[{"name":"wp","href":"https:\/\/api.w.org\/{rel}","templated":true}]}}