{"id":209840,"date":"2025-03-22T13:29:24","date_gmt":"2025-03-22T13:29:24","guid":{"rendered":"https:\/\/aromasentia.com\/product\/gemstone-essential-oil-roller-bottle-black-tourmaline-wooden-cap-gemstone-roller-tip-for-5ml-bottle-black-tourmaline\/"},"modified":"2025-05-31T06:41:49","modified_gmt":"2025-05-31T06:41:49","slug":"eterisk-olje-roll-on-flaske-svart-turmalin-5ml","status":"publish","type":"product","link":"https:\/\/aromasentia.com\/no\/eterisk-olje-roll-on-flaske-svart-turmalin-5ml\/","title":{"rendered":"Eterisk Olje Roll-on Flaske &#8211; Svart Turmalin &#8211; 5ml"},"content":{"rendered":"<p>Roll-on-flasken gj\u00f8r det mulig \u00e5 p\u00e5f\u00f8re oljene presist og enkelt p\u00e5 huden. Kulen er laget av glattpolert svart turmalin. Steinene som er plassert inni gir en unik visuell effekt, og det antas ogs\u00e5 at de forsterker effekten av den gitte blandingen.<\/p>\n<p><strong>Svart turmalin<\/strong> sies \u00e5 v\u00e6re en god stein for dem som er f\u00f8lsomme for elektromagnetisk str\u00e5ling og for dem som jobber med \u00e5ndelig utvikling. Den antas ogs\u00e5 \u00e5 hjelpe til med \u00e5 overvinne frykt og angst og styrke selvtilliten.&nbsp;<\/p>\n<p>Fyll disse <strong>Gemstone Roller Bottles<\/strong> med noe som du vet vil selge godt. De er perfekte for bruk av eteriske oljer, parfymeoljer, DIY-pr\u00f8veblandinger, essenser, aromaterapi og andre v\u00e6sker.<\/p>\n<p>\n","protected":false},"excerpt":{"rendered":"<p>Roll-on-flasken gj\u00f8r det mulig \u00e5 p\u00e5f\u00f8re oljene presist og enkelt p\u00e5 huden. Kulen er laget av glattpolert svart turmalin. Steinene som er plassert inni gir en unik visuell effekt, og det antas ogs\u00e5 at de forsterker effekten av den gitte blandingen. Svart turmalin sies \u00e5 v\u00e6re en god stein for dem som er f\u00f8lsomme for [&hellip;]<\/p>\n","protected":false},"featured_media":333145,"comment_status":"closed","ping_status":"open","template":"","meta":{"_angie_page":false},"product_brand":[],"product_cat":[9088,9166,9155],"product_tag":[],"class_list":{"0":"post-209840","1":"product","2":"type-product","3":"status-publish","4":"has-post-thumbnail","6":"product_cat-aromaterapi-flasker-og-tilbehor","7":"product_cat-dekorasjoner-med-edelstener","8":"product_cat-esoteriske-gaver","9":"pa_collection-gemstone-roller-bottles-and-balls-no","10":"pa_made-in-kina","12":"first","13":"instock","14":"purchasable","15":"product-type-simple"},"supplier_id":null,"supplier_sku":"CGRB-07","barcode":null,"atum_controlled":true,"out_stock_date":null,"out_stock_threshold":null,"inheritable":false,"inbound_stock":null,"stock_on_hold":0,"sold_today":0,"sales_last_days":0,"reserved_stock":null,"customer_returns":null,"warehouse_damage":null,"lost_in_post":null,"other_logs":null,"out_stock_days":0,"lost_sales":0,"has_location":null,"update_date":"2026-04-27T06:56:56","atum_locations":[],"atum_stock_status":"instock","restock_status":false,"low_stock_amount":"","sales_update_date":"2026-01-30T01:26:12","calc_backorders":null,"_links":{"self":[{"href":"https:\/\/aromasentia.com\/no\/wp-json\/wp\/v2\/product\/209840","targetHints":{"allow":["GET"]}}],"collection":[{"href":"https:\/\/aromasentia.com\/no\/wp-json\/wp\/v2\/product"}],"about":[{"href":"https:\/\/aromasentia.com\/no\/wp-json\/wp\/v2\/types\/product"}],"replies":[{"embeddable":true,"href":"https:\/\/aromasentia.com\/no\/wp-json\/wp\/v2\/comments?post=209840"}],"version-history":[{"count":0,"href":"https:\/\/aromasentia.com\/no\/wp-json\/wp\/v2\/product\/209840\/revisions"}],"wp:featuredmedia":[{"embeddable":true,"href":"https:\/\/aromasentia.com\/no\/wp-json\/wp\/v2\/media\/333145"}],"wp:attachment":[{"href":"https:\/\/aromasentia.com\/no\/wp-json\/wp\/v2\/media?parent=209840"}],"wp:term":[{"taxonomy":"product_brand","embeddable":true,"href":"https:\/\/aromasentia.com\/no\/wp-json\/wp\/v2\/product_brand?post=209840"},{"taxonomy":"product_cat","embeddable":true,"href":"https:\/\/aromasentia.com\/no\/wp-json\/wp\/v2\/product_cat?post=209840"},{"taxonomy":"product_tag","embeddable":true,"href":"https:\/\/aromasentia.com\/no\/wp-json\/wp\/v2\/product_tag?post=209840"}],"curies":[{"name":"wp","href":"https:\/\/api.w.org\/{rel}","templated":true}]}}