{"id":209833,"date":"2025-03-22T13:29:24","date_gmt":"2025-03-22T13:29:24","guid":{"rendered":"https:\/\/aromasentia.com\/product\/calsite-side-polished-tower-approx-9-11cm\/"},"modified":"2025-05-31T06:41:16","modified_gmt":"2025-05-31T06:41:16","slug":"kalsitisk-sidepolert-tarn-ca-9-11-cm","status":"publish","type":"product","link":"https:\/\/aromasentia.com\/no\/kalsitisk-sidepolert-tarn-ca-9-11-cm\/","title":{"rendered":"Kalsitisk Sidepolert T\u00e5rn (Ca. 9-11 cm)"},"content":{"rendered":"<p><span style=\"color: rgb(75, 80, 88);\">Disse fantastiske t\u00e5rnene er laget av naturlig kalsitt, med en unik sidepolering som fremhever steinens intrikate m\u00f8nstre og teksturer. Hvert t\u00e5rn presenterer en kombinasjon av r\u00e5 og polerte overflater, og tilbyr et visuelt sl\u00e5ende stykke som eksemplifiserer den naturlige sjarmen til kalsitt.<\/span><\/p>\n<p><span style=\"color: rgb(75, 80, 88);\"><strong>Naturlig skj\u00f8nnhet<\/strong>: Hvert t\u00e5rn er laget av ekte kalsitt, og hvert t\u00e5rn viser frem unike m\u00f8nstre og krystallformasjoner, noe som sikrer at hvert stykke er unikt.<\/span><\/p>\n<p><span style=\"color: rgb(75, 80, 88);\"><strong>Sidepolering<\/strong>: Denne siste finishen forsterker den estetiske appellen ved \u00e5 kontrastere steinens robuste naturlige overflate med elegante, polerte seksjoner, som trekker oppmerksomhet til de intrikate detaljene i kalsitten.<\/span><\/p>\n<p><span style=\"color: rgb(75, 80, 88);\">Perfekt for hjemmedekor, som et sl\u00e5ende midtpunkt, i meditasjonsrom eller som en omtenksom gave til krystallelskere.<\/span><\/p>\n<p><span style=\"color: rgb(75, 80, 88);\">Legg disse elegante <strong>kalsitt-sidepolerte t\u00e5rnene<\/strong> til inventaret eller den personlige samlingen din, ideelt for alle som verdsetter den uts\u00f8kte naturlige skj\u00f8nnheten til krystaller og mineraler.<\/span><\/p>\n<p><span style=\"color: rgb(75, 80, 88);\"><strong>M\u00e5l<\/strong>: Omtrent 9\u201311 cm<\/span><\/p>\n","protected":false},"excerpt":{"rendered":"<p>Disse fantastiske t\u00e5rnene er laget av naturlig kalsitt, med en unik sidepolering som fremhever steinens intrikate m\u00f8nstre og teksturer. Hvert t\u00e5rn presenterer en kombinasjon av r\u00e5 og polerte overflater, og tilbyr et visuelt sl\u00e5ende stykke som eksemplifiserer den naturlige sjarmen til kalsitt. Naturlig skj\u00f8nnhet: Hvert t\u00e5rn er laget av ekte kalsitt, og hvert t\u00e5rn viser [&hellip;]<\/p>\n","protected":false},"featured_media":332826,"comment_status":"closed","ping_status":"open","template":"","meta":{"_angie_page":false},"product_brand":[],"product_cat":[9155,9161],"product_tag":[],"class_list":{"0":"post-209833","1":"product","2":"type-product","3":"status-publish","4":"has-post-thumbnail","6":"product_cat-esoteriske-gaver","7":"product_cat-trommelsteiner","8":"pa_collection-calcite-geodes-no","9":"pa_made-in-kina","11":"first","12":"instock","13":"purchasable","14":"product-type-simple"},"supplier_id":null,"supplier_sku":"Cgeo-09","barcode":null,"atum_controlled":true,"out_stock_date":null,"out_stock_threshold":null,"inheritable":false,"inbound_stock":null,"stock_on_hold":0,"sold_today":0,"sales_last_days":0,"reserved_stock":null,"customer_returns":null,"warehouse_damage":null,"lost_in_post":null,"other_logs":null,"out_stock_days":0,"lost_sales":0,"has_location":null,"update_date":"2026-04-29T06:54:08","atum_locations":[],"atum_stock_status":"instock","restock_status":false,"low_stock_amount":"","sales_update_date":"2026-01-30T01:25:49","calc_backorders":null,"_links":{"self":[{"href":"https:\/\/aromasentia.com\/no\/wp-json\/wp\/v2\/product\/209833","targetHints":{"allow":["GET"]}}],"collection":[{"href":"https:\/\/aromasentia.com\/no\/wp-json\/wp\/v2\/product"}],"about":[{"href":"https:\/\/aromasentia.com\/no\/wp-json\/wp\/v2\/types\/product"}],"replies":[{"embeddable":true,"href":"https:\/\/aromasentia.com\/no\/wp-json\/wp\/v2\/comments?post=209833"}],"version-history":[{"count":0,"href":"https:\/\/aromasentia.com\/no\/wp-json\/wp\/v2\/product\/209833\/revisions"}],"wp:featuredmedia":[{"embeddable":true,"href":"https:\/\/aromasentia.com\/no\/wp-json\/wp\/v2\/media\/332826"}],"wp:attachment":[{"href":"https:\/\/aromasentia.com\/no\/wp-json\/wp\/v2\/media?parent=209833"}],"wp:term":[{"taxonomy":"product_brand","embeddable":true,"href":"https:\/\/aromasentia.com\/no\/wp-json\/wp\/v2\/product_brand?post=209833"},{"taxonomy":"product_cat","embeddable":true,"href":"https:\/\/aromasentia.com\/no\/wp-json\/wp\/v2\/product_cat?post=209833"},{"taxonomy":"product_tag","embeddable":true,"href":"https:\/\/aromasentia.com\/no\/wp-json\/wp\/v2\/product_tag?post=209833"}],"curies":[{"name":"wp","href":"https:\/\/api.w.org\/{rel}","templated":true}]}}