{"id":209828,"date":"2025-03-22T13:29:24","date_gmt":"2025-03-22T13:29:24","guid":{"rendered":"https:\/\/aromasentia.com\/product\/calcite-geodes-15-18-cm\/"},"modified":"2025-05-31T06:40:57","modified_gmt":"2025-05-31T06:40:57","slug":"kalsitt-geoder-15-18-cm","status":"publish","type":"product","link":"https:\/\/aromasentia.com\/no\/kalsitt-geoder-15-18-cm\/","title":{"rendered":"Kalsitt Geoder &#8211; 15-18 cm"},"content":{"rendered":"<p>En vakker geode fylt med kalsitt- og kvartskrystaller fra Marokko, rett fra moder jord. Geoder ser flott ut n\u00e5r de \u00e5pnes. Det er enkelt \u00e5 \u00e5pne dem, de er hulere enn andre geoder. &nbsp; &nbsp; &nbsp; &nbsp; &nbsp; &nbsp; &nbsp;De har ogs\u00e5 en tendens til \u00e5 produsere flere krystaller.<\/p>\n<p>En geode er en rund stein som inneholder et hulrom foret med krystaller. Steiner som er fullstendig fylt med sm\u00e5 kompakte krystaller. Kalsitt er et karbonatmineral og den mest stabile polymorfen av kalsiumkarbonat. Kalsitt antas \u00e5 forsterke tanker, forbedre hukommelse og intellektuell kapasitet; fremme mental vekst og utvikling.<\/p>\n<p>Sm\u00e5 geoder som (nummer 5) selges ofte i novelty- og vitenskapsbutikker til folk som \u00f8nsker \u00e5 f\u00e5 erfaring med \u00e5 \u00e5pne en geode selv. De \u00f8nsker \u00e5 v\u00e6re det f\u00f8rste mennesket som ser skatten inni. St\u00f8rrelsen, formen og fargen p\u00e5 produktet du mottar kan avvike noe fra produktet som vises p\u00e5 bildet.<\/p>\n","protected":false},"excerpt":{"rendered":"<p>En vakker geode fylt med kalsitt- og kvartskrystaller fra Marokko, rett fra moder jord. Geoder ser flott ut n\u00e5r de \u00e5pnes. Det er enkelt \u00e5 \u00e5pne dem, de er hulere enn andre geoder. &nbsp; &nbsp; &nbsp; &nbsp; &nbsp; &nbsp; &nbsp;De har ogs\u00e5 en tendens til \u00e5 produsere flere krystaller. En geode er en rund stein [&hellip;]<\/p>\n","protected":false},"featured_media":332733,"comment_status":"closed","ping_status":"open","template":"","meta":{"_angie_page":false},"product_brand":[],"product_cat":[25574,9155,25221,9161],"product_tag":[],"class_list":{"0":"post-209828","1":"product","2":"type-product","3":"status-publish","4":"has-post-thumbnail","6":"product_cat-calcitt","7":"product_cat-esoteriske-gaver","8":"product_cat-krystaller-edelsteiner","9":"product_cat-trommelsteiner","10":"pa_collection-calcite-geodes-no","11":"pa_made-in-marokko","13":"first","14":"instock","15":"purchasable","16":"product-type-simple"},"supplier_id":null,"supplier_sku":"CGeo-04","barcode":null,"atum_controlled":true,"out_stock_date":null,"out_stock_threshold":null,"inheritable":false,"inbound_stock":null,"stock_on_hold":0,"sold_today":0,"sales_last_days":0,"reserved_stock":null,"customer_returns":null,"warehouse_damage":null,"lost_in_post":null,"other_logs":null,"out_stock_days":0,"lost_sales":0,"has_location":null,"update_date":"2026-04-27T06:56:38","atum_locations":[],"atum_stock_status":"instock","restock_status":false,"low_stock_amount":"","sales_update_date":"2025-10-09T03:27:36","calc_backorders":null,"_links":{"self":[{"href":"https:\/\/aromasentia.com\/no\/wp-json\/wp\/v2\/product\/209828","targetHints":{"allow":["GET"]}}],"collection":[{"href":"https:\/\/aromasentia.com\/no\/wp-json\/wp\/v2\/product"}],"about":[{"href":"https:\/\/aromasentia.com\/no\/wp-json\/wp\/v2\/types\/product"}],"replies":[{"embeddable":true,"href":"https:\/\/aromasentia.com\/no\/wp-json\/wp\/v2\/comments?post=209828"}],"version-history":[{"count":0,"href":"https:\/\/aromasentia.com\/no\/wp-json\/wp\/v2\/product\/209828\/revisions"}],"wp:featuredmedia":[{"embeddable":true,"href":"https:\/\/aromasentia.com\/no\/wp-json\/wp\/v2\/media\/332733"}],"wp:attachment":[{"href":"https:\/\/aromasentia.com\/no\/wp-json\/wp\/v2\/media?parent=209828"}],"wp:term":[{"taxonomy":"product_brand","embeddable":true,"href":"https:\/\/aromasentia.com\/no\/wp-json\/wp\/v2\/product_brand?post=209828"},{"taxonomy":"product_cat","embeddable":true,"href":"https:\/\/aromasentia.com\/no\/wp-json\/wp\/v2\/product_cat?post=209828"},{"taxonomy":"product_tag","embeddable":true,"href":"https:\/\/aromasentia.com\/no\/wp-json\/wp\/v2\/product_tag?post=209828"}],"curies":[{"name":"wp","href":"https:\/\/api.w.org\/{rel}","templated":true}]}}