{"id":209813,"date":"2025-03-22T13:29:24","date_gmt":"2025-03-22T13:29:24","guid":{"rendered":"https:\/\/aromasentia.com\/product\/coloured-calsite-geodes-natural-rock-purple-gold\/"},"modified":"2025-05-31T06:39:44","modified_gmt":"2025-05-31T06:39:44","slug":"farget-kalsitt-geoder-naturstein-lilla-og-gull","status":"publish","type":"product","link":"https:\/\/aromasentia.com\/no\/farget-kalsitt-geoder-naturstein-lilla-og-gull\/","title":{"rendered":"Farget Kalsitt Geoder &#8211; Naturstein &#8211; Lilla Og Gull"},"content":{"rendered":"<p><span style=\"color: rgb(75, 80, 88);\">Denne vakre<strong>&nbsp;kalsittgeoden &#8211; naturlig stein &#8211; lilla og gull<\/strong> gir sin farge n\u00e5r den \u00e5pnes, og krystallene som dannes der er fantastiske.<\/span><\/p>\n<p><span style=\"color: rgb(75, 80, 88);\">Geoder er hule steiner som det har dannet seg krystaller inni. Hver geode er derfor helt unik, og resultatet av en veldig lang krystalliseringsprosess.<\/span><\/p>\n<p><span style=\"color: rgb(75, 80, 88);\">Geoder kan v\u00e6re vanskelige \u00e5 finne, da de er vanskelige \u00e5 gjenkjenne p\u00e5 utsiden og er lettere enn solide steiner.<\/span><\/p>\n<p><span style=\"color: rgb(75, 80, 88);\">De er perfekte som dekorative gjenstander, for eksempel for \u00e5 samle dem og vise dem frem \u00e5pne. Geoder er fortsatt trendy og superenkle \u00e5 selge.<\/span><\/p>\n<p><span style=\"color: rgb(75, 80, 88);\"><strong>Merk: Krystallene inni geoden er malt.<\/strong><\/span><\/p>\n<p><span style=\"color: rgb(141, 186, 216);\"><strong>Bestill n\u00e5 og se dem fly av hylla.<\/strong><\/span><\/p>\n","protected":false},"excerpt":{"rendered":"<p>Denne vakre&nbsp;kalsittgeoden &#8211; naturlig stein &#8211; lilla og gull gir sin farge n\u00e5r den \u00e5pnes, og krystallene som dannes der er fantastiske. Geoder er hule steiner som det har dannet seg krystaller inni. Hver geode er derfor helt unik, og resultatet av en veldig lang krystalliseringsprosess. Geoder kan v\u00e6re vanskelige \u00e5 finne, da de er [&hellip;]<\/p>\n","protected":false},"featured_media":332302,"comment_status":"closed","ping_status":"open","template":"","meta":{"_angie_page":false},"product_brand":[],"product_cat":[9155,9161],"product_tag":[],"class_list":{"0":"post-209813","1":"product","2":"type-product","3":"status-publish","4":"has-post-thumbnail","6":"product_cat-esoteriske-gaver","7":"product_cat-trommelsteiner","8":"pa_collection-coloured-calcite-geodes-no","9":"pa_made-in-marokko","11":"first","12":"instock","13":"purchasable","14":"product-type-simple"},"supplier_id":null,"supplier_sku":"CCGeo-06","barcode":null,"atum_controlled":true,"out_stock_date":null,"out_stock_threshold":null,"inheritable":false,"inbound_stock":null,"stock_on_hold":0,"sold_today":0,"sales_last_days":0,"reserved_stock":null,"customer_returns":null,"warehouse_damage":null,"lost_in_post":null,"other_logs":null,"out_stock_days":0,"lost_sales":0,"has_location":null,"update_date":"2026-05-08T05:06:08","atum_locations":[],"atum_stock_status":"instock","restock_status":false,"low_stock_amount":"","sales_update_date":"2025-10-09T03:27:23","calc_backorders":null,"_links":{"self":[{"href":"https:\/\/aromasentia.com\/no\/wp-json\/wp\/v2\/product\/209813","targetHints":{"allow":["GET"]}}],"collection":[{"href":"https:\/\/aromasentia.com\/no\/wp-json\/wp\/v2\/product"}],"about":[{"href":"https:\/\/aromasentia.com\/no\/wp-json\/wp\/v2\/types\/product"}],"replies":[{"embeddable":true,"href":"https:\/\/aromasentia.com\/no\/wp-json\/wp\/v2\/comments?post=209813"}],"version-history":[{"count":0,"href":"https:\/\/aromasentia.com\/no\/wp-json\/wp\/v2\/product\/209813\/revisions"}],"wp:featuredmedia":[{"embeddable":true,"href":"https:\/\/aromasentia.com\/no\/wp-json\/wp\/v2\/media\/332302"}],"wp:attachment":[{"href":"https:\/\/aromasentia.com\/no\/wp-json\/wp\/v2\/media?parent=209813"}],"wp:term":[{"taxonomy":"product_brand","embeddable":true,"href":"https:\/\/aromasentia.com\/no\/wp-json\/wp\/v2\/product_brand?post=209813"},{"taxonomy":"product_cat","embeddable":true,"href":"https:\/\/aromasentia.com\/no\/wp-json\/wp\/v2\/product_cat?post=209813"},{"taxonomy":"product_tag","embeddable":true,"href":"https:\/\/aromasentia.com\/no\/wp-json\/wp\/v2\/product_tag?post=209813"}],"curies":[{"name":"wp","href":"https:\/\/api.w.org\/{rel}","templated":true}]}}