{"id":209809,"date":"2025-03-22T13:29:24","date_gmt":"2025-03-22T13:29:24","guid":{"rendered":"https:\/\/aromasentia.com\/product\/coloured-calsite-geodes-black-rock-purple\/"},"modified":"2025-05-31T06:39:19","modified_gmt":"2025-05-31T06:39:19","slug":"farget-kalsitt-geoder-svart-stein-lilla","status":"publish","type":"product","link":"https:\/\/aromasentia.com\/no\/farget-kalsitt-geoder-svart-stein-lilla\/","title":{"rendered":"Farget Kalsitt Geoder &#8211; Svart Stein &#8211; Lilla"},"content":{"rendered":"<p><span style=\"color: rgb(75, 80, 88);\">Denne vakre kunstig fargede <strong>kalsittgeoden &#8211; svart stein &#8211; lilla<\/strong> gir fargen sin n\u00e5r den \u00e5pnes, og krystallene som dannes der er fantastiske.<\/span><\/p>\n<p><span style=\"color: rgb(75, 80, 88);\">Geoder er hule steiner som det har dannet seg krystaller inni. Hver geode er derfor helt unik, og resultatet av en veldig lang krystalliseringsprosess.<\/span><\/p>\n<p><span style=\"color: rgb(75, 80, 88);\">Geoder kan v\u00e6re vanskelige \u00e5 finne, da de er vanskelige \u00e5 gjenkjenne p\u00e5 utsiden og er lettere enn solide steiner.<\/span><\/p>\n<p><span style=\"color: rgb(75, 80, 88);\">De er perfekte som dekorative gjenstander, for eksempel for \u00e5 samle dem og vise dem frem \u00e5pne. Geoder er fortsatt trendy og superenkle \u00e5 selge.<\/span><\/p>\n<p><span style=\"color: rgb(75, 80, 88);\"><strong>Merk: Geoder og krystaller inni dem er malt.<\/strong><\/span><\/p>\n<p><span style=\"color: rgb(141, 186, 216);\"><strong>Bestill n\u00e5 og se dem fly av hylla.<\/strong><\/span><\/p>\n","protected":false},"excerpt":{"rendered":"<p>Denne vakre kunstig fargede kalsittgeoden &#8211; svart stein &#8211; lilla gir fargen sin n\u00e5r den \u00e5pnes, og krystallene som dannes der er fantastiske. Geoder er hule steiner som det har dannet seg krystaller inni. Hver geode er derfor helt unik, og resultatet av en veldig lang krystalliseringsprosess. Geoder kan v\u00e6re vanskelige \u00e5 finne, da de [&hellip;]<\/p>\n","protected":false},"featured_media":332098,"comment_status":"closed","ping_status":"open","template":"","meta":{"_angie_page":false},"product_brand":[],"product_cat":[9155,9161],"product_tag":[],"class_list":{"0":"post-209809","1":"product","2":"type-product","3":"status-publish","4":"has-post-thumbnail","6":"product_cat-esoteriske-gaver","7":"product_cat-trommelsteiner","8":"pa_collection-coloured-calcite-geodes-no","9":"pa_made-in-marokko","11":"first","12":"instock","13":"purchasable","14":"product-type-simple"},"supplier_id":null,"supplier_sku":"CCGeo-02","barcode":null,"atum_controlled":true,"out_stock_date":null,"out_stock_threshold":null,"inheritable":false,"inbound_stock":null,"stock_on_hold":0,"sold_today":0,"sales_last_days":0,"reserved_stock":null,"customer_returns":null,"warehouse_damage":null,"lost_in_post":null,"other_logs":null,"out_stock_days":0,"lost_sales":0,"has_location":null,"update_date":"2026-04-27T06:56:10","atum_locations":[],"atum_stock_status":"instock","restock_status":false,"low_stock_amount":"","sales_update_date":"2025-10-09T03:27:22","calc_backorders":null,"_links":{"self":[{"href":"https:\/\/aromasentia.com\/no\/wp-json\/wp\/v2\/product\/209809","targetHints":{"allow":["GET"]}}],"collection":[{"href":"https:\/\/aromasentia.com\/no\/wp-json\/wp\/v2\/product"}],"about":[{"href":"https:\/\/aromasentia.com\/no\/wp-json\/wp\/v2\/types\/product"}],"replies":[{"embeddable":true,"href":"https:\/\/aromasentia.com\/no\/wp-json\/wp\/v2\/comments?post=209809"}],"version-history":[{"count":0,"href":"https:\/\/aromasentia.com\/no\/wp-json\/wp\/v2\/product\/209809\/revisions"}],"wp:featuredmedia":[{"embeddable":true,"href":"https:\/\/aromasentia.com\/no\/wp-json\/wp\/v2\/media\/332098"}],"wp:attachment":[{"href":"https:\/\/aromasentia.com\/no\/wp-json\/wp\/v2\/media?parent=209809"}],"wp:term":[{"taxonomy":"product_brand","embeddable":true,"href":"https:\/\/aromasentia.com\/no\/wp-json\/wp\/v2\/product_brand?post=209809"},{"taxonomy":"product_cat","embeddable":true,"href":"https:\/\/aromasentia.com\/no\/wp-json\/wp\/v2\/product_cat?post=209809"},{"taxonomy":"product_tag","embeddable":true,"href":"https:\/\/aromasentia.com\/no\/wp-json\/wp\/v2\/product_tag?post=209809"}],"curies":[{"name":"wp","href":"https:\/\/api.w.org\/{rel}","templated":true}]}}