{"id":209806,"date":"2025-03-22T13:29:24","date_gmt":"2025-03-22T13:29:24","guid":{"rendered":"https:\/\/aromasentia.com\/product\/chakra-eggs-40-60mm\/"},"modified":"2025-05-31T06:38:38","modified_gmt":"2025-05-31T06:38:38","slug":"chakraegg-40-60-mm","status":"publish","type":"product","link":"https:\/\/aromasentia.com\/no\/chakraegg-40-60-mm\/","title":{"rendered":"Chakraegg 40-60 mm"},"content":{"rendered":"<p><span style=\"color: rgb(75, 80, 88);\"><strong>Hver stein er laget med omhu og h\u00e5ndlaget av de fineste edelstenene, med syv forskjellige farger som representerer de individuelle chakraene.<\/strong> Disse bundne chakrasteinene stammer fra det mystiske landet India, og legemliggj\u00f8r \u00e5rhundregamle tradisjoner for edelstensheling.<\/span><\/p>\n<p><span style=\"color: rgb(75, 80, 88);\">Bundne chakrasteiner er mer enn bare vakre dekorasjoner; de er dyptgripende verkt\u00f8y for \u00e5 forbedre velv\u00e6re og \u00e5ndelig harmoni. Disse esoteriske edelstenene er forutbestemt til \u00e5 fengsle b\u00e5de dine edelstenselskende kunder og samlere.<\/span><\/p>\n<p><span style=\"color: rgb(75, 80, 88);\"><strong>Chakraegg symboliserer fornyelse og transformasjon.<\/strong> Disse edelsteneggene, n\u00f8ye utvalgt for sine chakra-justerende egenskaper, er perfekte for de som s\u00f8ker personlig vekst og utvikling. \u00c5 holde et chakra-egg under meditasjon kan hjelpe til med \u00e5 bryte l\u00f8s blokkeringer, fremme helbredelse og fornyelse.<\/span><\/p>\n<p><span style=\"color: rgb(75, 80, 88);\"><em>V\u00e6r oppmerksom p\u00e5 at siden disse bundne chakra-steinene er h\u00e5ndlagde, kan sm\u00e5 variasjoner i st\u00f8rrelse og vekt forekomme p\u00e5 grunn av deres h\u00e5ndlagde natur.<\/em><\/span><\/p>\n","protected":false},"excerpt":{"rendered":"<p>Hver stein er laget med omhu og h\u00e5ndlaget av de fineste edelstenene, med syv forskjellige farger som representerer de individuelle chakraene. Disse bundne chakrasteinene stammer fra det mystiske landet India, og legemliggj\u00f8r \u00e5rhundregamle tradisjoner for edelstensheling. Bundne chakrasteiner er mer enn bare vakre dekorasjoner; de er dyptgripende verkt\u00f8y for \u00e5 forbedre velv\u00e6re og \u00e5ndelig harmoni. [&hellip;]<\/p>\n","protected":false},"featured_media":332007,"comment_status":"closed","ping_status":"open","template":"","meta":[],"product_brand":[],"product_cat":[9155,9158],"product_tag":[],"class_list":{"0":"post-209806","1":"product","2":"type-product","3":"status-publish","4":"has-post-thumbnail","6":"product_cat-esoteriske-gaver","7":"product_cat-pendler-og-runesett","8":"pa_collection-bonded-chakra-stones-no","9":"pa_made-in-india","11":"first","12":"instock","13":"purchasable","14":"product-type-simple"},"supplier_id":null,"supplier_sku":"BBCs-02","barcode":null,"atum_controlled":true,"out_stock_date":null,"out_stock_threshold":null,"inheritable":false,"inbound_stock":null,"stock_on_hold":0,"sold_today":0,"sales_last_days":0,"reserved_stock":null,"customer_returns":null,"warehouse_damage":null,"lost_in_post":null,"other_logs":null,"out_stock_days":0,"lost_sales":0,"has_location":null,"update_date":"2026-01-30T01:24:52","atum_locations":[],"atum_stock_status":"instock","restock_status":false,"low_stock_amount":"","sales_update_date":"2026-01-30T01:24:52","calc_backorders":null,"_links":{"self":[{"href":"https:\/\/aromasentia.com\/no\/wp-json\/wp\/v2\/product\/209806","targetHints":{"allow":["GET"]}}],"collection":[{"href":"https:\/\/aromasentia.com\/no\/wp-json\/wp\/v2\/product"}],"about":[{"href":"https:\/\/aromasentia.com\/no\/wp-json\/wp\/v2\/types\/product"}],"replies":[{"embeddable":true,"href":"https:\/\/aromasentia.com\/no\/wp-json\/wp\/v2\/comments?post=209806"}],"version-history":[{"count":0,"href":"https:\/\/aromasentia.com\/no\/wp-json\/wp\/v2\/product\/209806\/revisions"}],"wp:featuredmedia":[{"embeddable":true,"href":"https:\/\/aromasentia.com\/no\/wp-json\/wp\/v2\/media\/332007"}],"wp:attachment":[{"href":"https:\/\/aromasentia.com\/no\/wp-json\/wp\/v2\/media?parent=209806"}],"wp:term":[{"taxonomy":"product_brand","embeddable":true,"href":"https:\/\/aromasentia.com\/no\/wp-json\/wp\/v2\/product_brand?post=209806"},{"taxonomy":"product_cat","embeddable":true,"href":"https:\/\/aromasentia.com\/no\/wp-json\/wp\/v2\/product_cat?post=209806"},{"taxonomy":"product_tag","embeddable":true,"href":"https:\/\/aromasentia.com\/no\/wp-json\/wp\/v2\/product_tag?post=209806"}],"curies":[{"name":"wp","href":"https:\/\/api.w.org\/{rel}","templated":true}]}}