{"id":209802,"date":"2025-03-22T13:29:32","date_gmt":"2025-03-22T13:29:32","guid":{"rendered":"https:\/\/aromasentia.com\/product\/gemstone-lucky-elephant-crazy-lace-agate-50x35x25mm\/"},"modified":"2025-05-31T06:38:08","modified_gmt":"2025-05-31T06:38:08","slug":"edelsten-lucky-elephant-crazy-lace-agate-50x35x25mm","status":"publish","type":"product","link":"https:\/\/aromasentia.com\/no\/edelsten-lucky-elephant-crazy-lace-agate-50x35x25mm\/","title":{"rendered":"Edelsten Lucky Elephant &#8211; Crazy Lace Agate 50x35x25mm"},"content":{"rendered":"<p>Omfavn gledelig stabilitet med denne Gemstone Lucky Elephant &#8211; Crazy Lace Agate. Denne unike elefantfiguren, som m\u00e5ler ca. 50x35x25 mm, er sk\u00e5ret ut av den livlige Crazy Lace Agate, kjent som &laquo;lattersteinen&raquo; eller &laquo;Happy Lace&raquo;. Elefanter symboliserer flaks og visdom, mens Crazy Lace Agate fremmer glede, optimisme og mental smidighet. En herlig munter og jordn\u00e6r stein som er perfekt til \u00e5 l\u00f8fte hum\u00f8ret, oppmuntre til positive tankem\u00f8nstre og tilf\u00f8re et snev av leken energi.<\/p>\n","protected":false},"excerpt":{"rendered":"<p>Omfavn gledelig stabilitet med denne Gemstone Lucky Elephant &#8211; Crazy Lace Agate. Denne unike elefantfiguren, som m\u00e5ler ca. 50x35x25 mm, er sk\u00e5ret ut av den livlige Crazy Lace Agate, kjent som &laquo;lattersteinen&raquo; eller &laquo;Happy Lace&raquo;. Elefanter symboliserer flaks og visdom, mens Crazy Lace Agate fremmer glede, optimisme og mental smidighet. En herlig munter og jordn\u00e6r [&hellip;]<\/p>\n","protected":false},"featured_media":335557,"comment_status":"closed","ping_status":"open","template":"","meta":{"_angie_page":false},"product_brand":[],"product_cat":[25539,9166,9155,25221],"product_tag":[],"class_list":{"0":"post-209802","1":"product","2":"type-product","3":"status-publish","4":"has-post-thumbnail","6":"product_cat-agat","7":"product_cat-dekorasjoner-med-edelstener","8":"product_cat-esoteriske-gaver","9":"product_cat-krystaller-edelsteiner","10":"pa_collection-gemstone-figures-no","11":"pa_made-in-kina","13":"first","14":"instock","15":"purchasable","16":"product-type-simple"},"supplier_id":null,"supplier_sku":"GemF-57","barcode":null,"atum_controlled":true,"out_stock_date":null,"out_stock_threshold":null,"inheritable":false,"inbound_stock":null,"stock_on_hold":0,"sold_today":0,"sales_last_days":0,"reserved_stock":null,"customer_returns":null,"warehouse_damage":null,"lost_in_post":null,"other_logs":null,"out_stock_days":0,"lost_sales":0,"has_location":null,"update_date":"2026-04-28T18:50:19","atum_locations":[],"atum_stock_status":"instock","restock_status":false,"low_stock_amount":"","sales_update_date":"2026-02-06T00:00:45","calc_backorders":null,"_links":{"self":[{"href":"https:\/\/aromasentia.com\/no\/wp-json\/wp\/v2\/product\/209802","targetHints":{"allow":["GET"]}}],"collection":[{"href":"https:\/\/aromasentia.com\/no\/wp-json\/wp\/v2\/product"}],"about":[{"href":"https:\/\/aromasentia.com\/no\/wp-json\/wp\/v2\/types\/product"}],"replies":[{"embeddable":true,"href":"https:\/\/aromasentia.com\/no\/wp-json\/wp\/v2\/comments?post=209802"}],"version-history":[{"count":0,"href":"https:\/\/aromasentia.com\/no\/wp-json\/wp\/v2\/product\/209802\/revisions"}],"wp:featuredmedia":[{"embeddable":true,"href":"https:\/\/aromasentia.com\/no\/wp-json\/wp\/v2\/media\/335557"}],"wp:attachment":[{"href":"https:\/\/aromasentia.com\/no\/wp-json\/wp\/v2\/media?parent=209802"}],"wp:term":[{"taxonomy":"product_brand","embeddable":true,"href":"https:\/\/aromasentia.com\/no\/wp-json\/wp\/v2\/product_brand?post=209802"},{"taxonomy":"product_cat","embeddable":true,"href":"https:\/\/aromasentia.com\/no\/wp-json\/wp\/v2\/product_cat?post=209802"},{"taxonomy":"product_tag","embeddable":true,"href":"https:\/\/aromasentia.com\/no\/wp-json\/wp\/v2\/product_tag?post=209802"}],"curies":[{"name":"wp","href":"https:\/\/api.w.org\/{rel}","templated":true}]}}