{"id":209800,"date":"2025-03-22T13:29:32","date_gmt":"2025-03-22T13:29:32","guid":{"rendered":"https:\/\/aromasentia.com\/product\/gemstone-lucky-cat-gold-tiger-eye-50x35x25mm\/"},"modified":"2025-05-31T06:37:58","modified_gmt":"2025-05-31T06:37:58","slug":"edelsten-lucky-cat-tigeroye-i-gull-50x35x25mm","status":"publish","type":"product","link":"https:\/\/aromasentia.com\/no\/edelsten-lucky-cat-tigeroye-i-gull-50x35x25mm\/","title":{"rendered":"Edelsten Lucky Cat &#8211; Tiger\u00f8ye I Gull 50x35x25mm"},"content":{"rendered":"<p>\u00d8k selvtillit og velstand med denne Lucky Cat &#8211; Tiger\u00f8ye i gull. Denne fengslende Lucky Cat-utskj\u00e6ringen, ca. 50x35x25 mm, er laget av glitrende Gold Tiger Eye. Maneki-neko tiltrekker lykke og rikdom, mens Gold Tiger Eye forsterker mot, klar tenkning og personlig kraft, som ogs\u00e5 er kjent for \u00e5 tiltrekke seg velstand. En dynamisk og lykkebringende figur som passer perfekt p\u00e5 arbeidsplassen eller i hjemmet for \u00e5 innby til suksess, selvtillit og en jevn str\u00f8m av lykke.<\/p>\n","protected":false},"excerpt":{"rendered":"<p>\u00d8k selvtillit og velstand med denne Lucky Cat &#8211; Tiger\u00f8ye i gull. Denne fengslende Lucky Cat-utskj\u00e6ringen, ca. 50x35x25 mm, er laget av glitrende Gold Tiger Eye. Maneki-neko tiltrekker lykke og rikdom, mens Gold Tiger Eye forsterker mot, klar tenkning og personlig kraft, som ogs\u00e5 er kjent for \u00e5 tiltrekke seg velstand. En dynamisk og lykkebringende [&hellip;]<\/p>\n","protected":false},"featured_media":335523,"comment_status":"closed","ping_status":"open","template":"","meta":{"_angie_page":false},"product_brand":[],"product_cat":[9166,9155,25221,25783],"product_tag":[],"class_list":{"0":"post-209800","1":"product","2":"type-product","3":"status-publish","4":"has-post-thumbnail","6":"product_cat-dekorasjoner-med-edelstener","7":"product_cat-esoteriske-gaver","8":"product_cat-krystaller-edelsteiner","9":"product_cat-tigeroye","10":"pa_collection-gemstone-figures-no","11":"pa_made-in-kina","13":"first","14":"instock","15":"purchasable","16":"product-type-simple"},"supplier_id":null,"supplier_sku":"GemF-54","barcode":null,"atum_controlled":true,"out_stock_date":null,"out_stock_threshold":null,"inheritable":false,"inbound_stock":null,"stock_on_hold":0,"sold_today":0,"sales_last_days":0,"reserved_stock":null,"customer_returns":null,"warehouse_damage":null,"lost_in_post":null,"other_logs":null,"out_stock_days":0,"lost_sales":0,"has_location":null,"update_date":"2026-05-04T00:03:55","atum_locations":[],"atum_stock_status":"instock","restock_status":false,"low_stock_amount":"","sales_update_date":"2026-01-30T01:24:29","calc_backorders":null,"_links":{"self":[{"href":"https:\/\/aromasentia.com\/no\/wp-json\/wp\/v2\/product\/209800","targetHints":{"allow":["GET"]}}],"collection":[{"href":"https:\/\/aromasentia.com\/no\/wp-json\/wp\/v2\/product"}],"about":[{"href":"https:\/\/aromasentia.com\/no\/wp-json\/wp\/v2\/types\/product"}],"replies":[{"embeddable":true,"href":"https:\/\/aromasentia.com\/no\/wp-json\/wp\/v2\/comments?post=209800"}],"version-history":[{"count":0,"href":"https:\/\/aromasentia.com\/no\/wp-json\/wp\/v2\/product\/209800\/revisions"}],"wp:featuredmedia":[{"embeddable":true,"href":"https:\/\/aromasentia.com\/no\/wp-json\/wp\/v2\/media\/335523"}],"wp:attachment":[{"href":"https:\/\/aromasentia.com\/no\/wp-json\/wp\/v2\/media?parent=209800"}],"wp:term":[{"taxonomy":"product_brand","embeddable":true,"href":"https:\/\/aromasentia.com\/no\/wp-json\/wp\/v2\/product_brand?post=209800"},{"taxonomy":"product_cat","embeddable":true,"href":"https:\/\/aromasentia.com\/no\/wp-json\/wp\/v2\/product_cat?post=209800"},{"taxonomy":"product_tag","embeddable":true,"href":"https:\/\/aromasentia.com\/no\/wp-json\/wp\/v2\/product_tag?post=209800"}],"curies":[{"name":"wp","href":"https:\/\/api.w.org\/{rel}","templated":true}]}}