{"id":209790,"date":"2025-03-22T13:29:32","date_gmt":"2025-03-22T13:29:32","guid":{"rendered":"https:\/\/aromasentia.com\/product\/gemstone-lrg-skull-opalite-50x40x30mm\/"},"modified":"2025-05-31T06:37:27","modified_gmt":"2025-05-31T06:37:27","slug":"edelsten-skull-opalitt-50x40x30mm-stor","status":"publish","type":"product","link":"https:\/\/aromasentia.com\/no\/edelsten-skull-opalitt-50x40x30mm-stor\/","title":{"rendered":"Edelsten Skull &#8211; Opalitt- 50x40x30mm Stor"},"content":{"rendered":"<p>Slipp l\u00f8s den g\u00e5tefulle tiltrekningen til v\u00e5r Opalite Gemstone Large Skull for dine kresne kunder. Denne fengslende <strong>50x40x30mm<\/strong> hodeskallen er en perfekt blanding av symbolikk og \u00e5ndelig energi, noe som gj\u00f8r den til et enest\u00e5ende produkt for forhandlere som \u00f8nsker \u00e5 tilby unike og fengslende produkter.<\/p>\n<p>Fusjonen av hodeskallens mystikk med opalittens eteriske gl\u00f8d skaper et produkt som <strong>resonnerer med kunder som er interessert i alternativ healing og \u00e5ndelig praksis<\/strong>. Som et symbol p\u00e5 b\u00e5de d\u00f8delighet og introspeksjon inviterer hodeskallen til kontemplasjon, mens opalitten antas \u00e5 styrke intuisjon, emosjonelt velv\u00e6re og mental klarhet.<\/p>\n<p><strong>Kapitaliser p\u00e5 den voksende trenden med krystallinfunderte produkter<\/strong> ved \u00e5 tilby denne s\u00e6regne edelsteinsskallen. Den store st\u00f8rrelsen og det elegante designet gj\u00f8r den til et fokuspunkt for ethvert rom, enten det er et hjem, kontor eller meditasjonsrom. Tiltrekk kunder som \u00f8nsker \u00e5 l\u00f8fte innredningen og skape en rolig atmosf\u00e6re med dette fengslende tilskuddet.<\/p>\n","protected":false},"excerpt":{"rendered":"<p>Slipp l\u00f8s den g\u00e5tefulle tiltrekningen til v\u00e5r Opalite Gemstone Large Skull for dine kresne kunder. Denne fengslende 50x40x30mm hodeskallen er en perfekt blanding av symbolikk og \u00e5ndelig energi, noe som gj\u00f8r den til et enest\u00e5ende produkt for forhandlere som \u00f8nsker \u00e5 tilby unike og fengslende produkter. Fusjonen av hodeskallens mystikk med opalittens eteriske gl\u00f8d skaper [&hellip;]<\/p>\n","protected":false},"featured_media":335353,"comment_status":"closed","ping_status":"open","template":"","meta":{"_angie_page":false},"product_brand":[],"product_cat":[9166,9155,25221,25709],"product_tag":[],"class_list":{"0":"post-209790","1":"product","2":"type-product","3":"status-publish","4":"has-post-thumbnail","6":"product_cat-dekorasjoner-med-edelstener","7":"product_cat-esoteriske-gaver","8":"product_cat-krystaller-edelsteiner","9":"product_cat-opalitt","10":"pa_collection-gemstone-figures-no","11":"pa_made-in-kina","13":"first","14":"instock","15":"purchasable","16":"product-type-simple"},"supplier_id":null,"supplier_sku":"GemF-42","barcode":null,"atum_controlled":true,"out_stock_date":null,"out_stock_threshold":null,"inheritable":false,"inbound_stock":null,"stock_on_hold":0,"sold_today":0,"sales_last_days":0,"reserved_stock":null,"customer_returns":null,"warehouse_damage":null,"lost_in_post":null,"other_logs":null,"out_stock_days":0,"lost_sales":0,"has_location":null,"update_date":"2026-04-27T07:04:45","atum_locations":[],"atum_stock_status":"instock","restock_status":false,"low_stock_amount":"","sales_update_date":"2026-01-30T01:24:58","calc_backorders":null,"_links":{"self":[{"href":"https:\/\/aromasentia.com\/no\/wp-json\/wp\/v2\/product\/209790","targetHints":{"allow":["GET"]}}],"collection":[{"href":"https:\/\/aromasentia.com\/no\/wp-json\/wp\/v2\/product"}],"about":[{"href":"https:\/\/aromasentia.com\/no\/wp-json\/wp\/v2\/types\/product"}],"replies":[{"embeddable":true,"href":"https:\/\/aromasentia.com\/no\/wp-json\/wp\/v2\/comments?post=209790"}],"version-history":[{"count":0,"href":"https:\/\/aromasentia.com\/no\/wp-json\/wp\/v2\/product\/209790\/revisions"}],"wp:featuredmedia":[{"embeddable":true,"href":"https:\/\/aromasentia.com\/no\/wp-json\/wp\/v2\/media\/335353"}],"wp:attachment":[{"href":"https:\/\/aromasentia.com\/no\/wp-json\/wp\/v2\/media?parent=209790"}],"wp:term":[{"taxonomy":"product_brand","embeddable":true,"href":"https:\/\/aromasentia.com\/no\/wp-json\/wp\/v2\/product_brand?post=209790"},{"taxonomy":"product_cat","embeddable":true,"href":"https:\/\/aromasentia.com\/no\/wp-json\/wp\/v2\/product_cat?post=209790"},{"taxonomy":"product_tag","embeddable":true,"href":"https:\/\/aromasentia.com\/no\/wp-json\/wp\/v2\/product_tag?post=209790"}],"curies":[{"name":"wp","href":"https:\/\/api.w.org\/{rel}","templated":true}]}}