{"id":209783,"date":"2025-03-22T13:29:32","date_gmt":"2025-03-22T13:29:32","guid":{"rendered":"https:\/\/aromasentia.com\/product\/hand-carved-gemstone-angel-rock-quartz\/"},"modified":"2025-05-31T06:36:54","modified_gmt":"2025-05-31T06:36:54","slug":"handskaret-edelsten-engel-bergkvarts","status":"publish","type":"product","link":"https:\/\/aromasentia.com\/no\/handskaret-edelsten-engel-bergkvarts\/","title":{"rendered":"H\u00e5ndsk\u00e5ret Edelsten-Engel &#8211; Bergkvarts"},"content":{"rendered":"<p><span style=\"color: rgb(75, 80, 88);\">Oppdag <strong>H\u00e5ndsk\u00e5rne englefigurer<\/strong>, en harmonisk blanding av kunst og naturlig skj\u00f8nnhet.<\/span><\/p>\n<p><span style=\"color: rgb(75, 80, 88);\">Laget av et fengslende utvalg av dyrebare edelstener, er disse sm\u00e5 skattene klare til \u00e5 fylle livet ditt med ro, beskyttelse og grensel\u00f8s positiv energi. <\/span><\/p>\n<p><span style=\"color: rgb(75, 80, 88);\"><strong>Steinkvarts er din forsterker av intensjoner. <\/strong>Din skytsengel av steinkvarts forst\u00f8rrer dine \u00f8nsker og renser omgivelsene dine, slik at dine ambisjoner skinner sterkere.<\/span> <\/p>\n<p><span style=\"color: rgb(75, 80, 88);\">Hver skytsengel, sk\u00e5ret ut av sine respektive edelstener, v\u00e5ker over med omsorg og intensjon. De tilbyr sine unike egenskaper for \u00e5 veilede og beskytte, slik at man kan omfavne livets reise med mot, sinnsro og glede.<\/span><\/p>\n","protected":false},"excerpt":{"rendered":"<p>Oppdag H\u00e5ndsk\u00e5rne englefigurer, en harmonisk blanding av kunst og naturlig skj\u00f8nnhet. Laget av et fengslende utvalg av dyrebare edelstener, er disse sm\u00e5 skattene klare til \u00e5 fylle livet ditt med ro, beskyttelse og grensel\u00f8s positiv energi. Steinkvarts er din forsterker av intensjoner. Din skytsengel av steinkvarts forst\u00f8rrer dine \u00f8nsker og renser omgivelsene dine, slik at [&hellip;]<\/p>\n","protected":false},"featured_media":335066,"comment_status":"closed","ping_status":"open","template":"","meta":{"_angie_page":false},"product_brand":[],"product_cat":[9166,9155,25221,25734],"product_tag":[],"class_list":{"0":"post-209783","1":"product","2":"type-product","3":"status-publish","4":"has-post-thumbnail","6":"product_cat-dekorasjoner-med-edelstener","7":"product_cat-esoteriske-gaver","8":"product_cat-krystaller-edelsteiner","9":"product_cat-kvarts","10":"pa_collection-gemstone-figures-no","11":"pa_made-in-india","13":"first","14":"outofstock","15":"purchasable","16":"product-type-simple"},"supplier_id":null,"supplier_sku":"GemF-31","barcode":null,"atum_controlled":true,"out_stock_date":"2025-09-04 23:38:26","out_stock_threshold":null,"inheritable":false,"inbound_stock":null,"stock_on_hold":0,"sold_today":0,"sales_last_days":0,"reserved_stock":null,"customer_returns":null,"warehouse_damage":null,"lost_in_post":null,"other_logs":null,"out_stock_days":0,"lost_sales":0,"has_location":null,"update_date":"2026-04-27T19:08:53","atum_locations":[],"atum_stock_status":"outofstock","restock_status":false,"low_stock_amount":"","sales_update_date":"2025-09-04T00:21:59","calc_backorders":null,"_links":{"self":[{"href":"https:\/\/aromasentia.com\/no\/wp-json\/wp\/v2\/product\/209783","targetHints":{"allow":["GET"]}}],"collection":[{"href":"https:\/\/aromasentia.com\/no\/wp-json\/wp\/v2\/product"}],"about":[{"href":"https:\/\/aromasentia.com\/no\/wp-json\/wp\/v2\/types\/product"}],"replies":[{"embeddable":true,"href":"https:\/\/aromasentia.com\/no\/wp-json\/wp\/v2\/comments?post=209783"}],"version-history":[{"count":0,"href":"https:\/\/aromasentia.com\/no\/wp-json\/wp\/v2\/product\/209783\/revisions"}],"wp:featuredmedia":[{"embeddable":true,"href":"https:\/\/aromasentia.com\/no\/wp-json\/wp\/v2\/media\/335066"}],"wp:attachment":[{"href":"https:\/\/aromasentia.com\/no\/wp-json\/wp\/v2\/media?parent=209783"}],"wp:term":[{"taxonomy":"product_brand","embeddable":true,"href":"https:\/\/aromasentia.com\/no\/wp-json\/wp\/v2\/product_brand?post=209783"},{"taxonomy":"product_cat","embeddable":true,"href":"https:\/\/aromasentia.com\/no\/wp-json\/wp\/v2\/product_cat?post=209783"},{"taxonomy":"product_tag","embeddable":true,"href":"https:\/\/aromasentia.com\/no\/wp-json\/wp\/v2\/product_tag?post=209783"}],"curies":[{"name":"wp","href":"https:\/\/api.w.org\/{rel}","templated":true}]}}