{"id":209776,"date":"2025-03-22T13:29:32","date_gmt":"2025-03-22T13:29:32","guid":{"rendered":"https:\/\/aromasentia.com\/product\/gemstone-enchantment-lights-amethyst\/"},"modified":"2025-05-31T06:36:32","modified_gmt":"2025-05-31T06:36:32","slug":"gemstone-enchantment-lights-ametyst","status":"publish","type":"product","link":"https:\/\/aromasentia.com\/no\/gemstone-enchantment-lights-ametyst\/","title":{"rendered":"Gemstone Enchantment Lights &#8211; Ametyst"},"content":{"rendered":"<p><span style=\"color: rgb(75, 80, 88);\">Vi introduserer <strong>Edelstensfortryllelseslys<\/strong> \u2013 en blendende blanding av naturens skj\u00f8nnhet og moderne teknologi. Perfekt for videresalg, disse lysene vil fortrylle kundene dine og omgivelsene deres.<\/span><\/p>\n<p><span style=\"color: rgb(75, 80, 88);\"><strong>Lysene leveres med en USB-kontakt<\/strong> for problemfri str\u00f8mforsyning. Kunder kan enkelt koble dem til datamaskiner, powerbanker eller USB-veggladere. V\u00e6r oppmerksom p\u00e5 at en adapter ikke er inkludert som en del av produktet.<\/span><\/p>\n<p><span style=\"color: rgb(75, 80, 88);\"><strong>Lengden p\u00e5 lysene er 227 cm.<\/strong><\/span><\/p>\n<p><span style=\"color: rgb(75, 80, 88);\">Inviter til ro og \u00e5ndelig vekst med <strong>Ametystlys<\/strong>. Deres beroligende lilla gl\u00f8d fremmer avslapning, intuisjon og fred. Skap en rolig oase i rommet ditt med disse fortryllende lysene.<\/span> <\/p>\n<p><span style=\"color: rgb(75, 80, 88);\"><strong>Forvandle ethvert rom til et fortryllende rike med edelstensfortryllelseslys.<\/strong><\/span><\/p>\n","protected":false},"excerpt":{"rendered":"<p>Vi introduserer Edelstensfortryllelseslys \u2013 en blendende blanding av naturens skj\u00f8nnhet og moderne teknologi. Perfekt for videresalg, disse lysene vil fortrylle kundene dine og omgivelsene deres. Lysene leveres med en USB-kontakt for problemfri str\u00f8mforsyning. Kunder kan enkelt koble dem til datamaskiner, powerbanker eller USB-veggladere. V\u00e6r oppmerksom p\u00e5 at en adapter ikke er inkludert som en del [&hellip;]<\/p>\n","protected":false},"featured_media":334683,"comment_status":"closed","ping_status":"open","template":"","meta":[],"product_brand":[],"product_cat":[25548,9166,9155,25221],"product_tag":[],"class_list":{"0":"post-209776","1":"product","2":"type-product","3":"status-publish","4":"has-post-thumbnail","6":"product_cat-ametyst","7":"product_cat-dekorasjoner-med-edelstener","8":"product_cat-esoteriske-gaver","9":"product_cat-krystaller-edelsteiner","10":"pa_collection-gemstone-enchantment-lights-no","11":"pa_made-in-kina","13":"first","14":"outofstock","15":"purchasable","16":"product-type-simple"},"supplier_id":null,"supplier_sku":"GEL-06","barcode":null,"atum_controlled":true,"out_stock_date":"2026-02-11 11:16:38","out_stock_threshold":null,"inheritable":false,"inbound_stock":null,"stock_on_hold":0,"sold_today":0,"sales_last_days":0,"reserved_stock":null,"customer_returns":null,"warehouse_damage":null,"lost_in_post":null,"other_logs":null,"out_stock_days":0,"lost_sales":0,"has_location":null,"update_date":"2026-02-11T16:45:47","atum_locations":[],"atum_stock_status":"outofstock","restock_status":false,"low_stock_amount":"","sales_update_date":"2025-09-05T00:23:54","calc_backorders":null,"_links":{"self":[{"href":"https:\/\/aromasentia.com\/no\/wp-json\/wp\/v2\/product\/209776","targetHints":{"allow":["GET"]}}],"collection":[{"href":"https:\/\/aromasentia.com\/no\/wp-json\/wp\/v2\/product"}],"about":[{"href":"https:\/\/aromasentia.com\/no\/wp-json\/wp\/v2\/types\/product"}],"replies":[{"embeddable":true,"href":"https:\/\/aromasentia.com\/no\/wp-json\/wp\/v2\/comments?post=209776"}],"version-history":[{"count":0,"href":"https:\/\/aromasentia.com\/no\/wp-json\/wp\/v2\/product\/209776\/revisions"}],"wp:featuredmedia":[{"embeddable":true,"href":"https:\/\/aromasentia.com\/no\/wp-json\/wp\/v2\/media\/334683"}],"wp:attachment":[{"href":"https:\/\/aromasentia.com\/no\/wp-json\/wp\/v2\/media?parent=209776"}],"wp:term":[{"taxonomy":"product_brand","embeddable":true,"href":"https:\/\/aromasentia.com\/no\/wp-json\/wp\/v2\/product_brand?post=209776"},{"taxonomy":"product_cat","embeddable":true,"href":"https:\/\/aromasentia.com\/no\/wp-json\/wp\/v2\/product_cat?post=209776"},{"taxonomy":"product_tag","embeddable":true,"href":"https:\/\/aromasentia.com\/no\/wp-json\/wp\/v2\/product_tag?post=209776"}],"curies":[{"name":"wp","href":"https:\/\/api.w.org\/{rel}","templated":true}]}}