{"id":209772,"date":"2025-03-22T13:29:32","date_gmt":"2025-03-22T13:29:32","guid":{"rendered":"https:\/\/aromasentia.com\/product\/gemstone-enchantment-lights-rose-quartz\/"},"modified":"2025-05-31T06:36:19","modified_gmt":"2025-05-31T06:36:19","slug":"edelstener-enchantment-lights-rosenkvarts","status":"publish","type":"product","link":"https:\/\/aromasentia.com\/no\/edelstener-enchantment-lights-rosenkvarts\/","title":{"rendered":"Edelstener Enchantment Lights &#8211; Rosenkvarts"},"content":{"rendered":"<p><span style=\"color: rgb(75, 80, 88);\">Vi introduserer <strong>Edelstensfortryllelseslys<\/strong> \u2013 en blendende blanding av naturens skj\u00f8nnhet og moderne teknologi. Perfekt for videresalg, disse lysene vil fortrylle kundene dine og omgivelsene deres.<\/span><\/p>\n<p><span style=\"color: rgb(75, 80, 88);\"><strong>Lysene leveres med en USB-kontakt<\/strong> for problemfri str\u00f8mforsyning. Kunder kan enkelt koble dem til datamaskiner, powerbanker eller USB-veggladere. V\u00e6r oppmerksom p\u00e5 at en adapter ikke er inkludert som en del av produktet.<\/span><\/p>\n<p><span style=\"color: rgb(75, 80, 88);\"><strong>Lengden p\u00e5 lysene er 227 cm.<\/strong><\/span><\/p>\n<p><span style=\"color: rgb(75, 80, 88);\"><strong>Opplev den beroligende og kj\u00e6rlige energien til rosenkvarts.<\/strong> Disse lysene avgir en mild, rosenr\u00f8d gl\u00f8d som fremmer harmoni, kj\u00e6rlighet og emosjonell helbredelse. Perfekt for \u00e5 skape en varm og behagelig atmosf\u00e6re.<\/span> <\/p>\n<p><span style=\"color: rgb(75, 80, 88);\"><strong>Forvandle ethvert rom til et fortryllende rike med edelstensfortryllelseslys.<\/strong><\/span><\/p>\n","protected":false},"excerpt":{"rendered":"<p>Vi introduserer Edelstensfortryllelseslys \u2013 en blendende blanding av naturens skj\u00f8nnhet og moderne teknologi. Perfekt for videresalg, disse lysene vil fortrylle kundene dine og omgivelsene deres. Lysene leveres med en USB-kontakt for problemfri str\u00f8mforsyning. Kunder kan enkelt koble dem til datamaskiner, powerbanker eller USB-veggladere. V\u00e6r oppmerksom p\u00e5 at en adapter ikke er inkludert som en del [&hellip;]<\/p>\n","protected":false},"featured_media":334391,"comment_status":"closed","ping_status":"open","template":"","meta":{"_angie_page":false},"product_brand":[],"product_cat":[9166,9155,25221,25734,25746],"product_tag":[],"class_list":{"0":"post-209772","1":"product","2":"type-product","3":"status-publish","4":"has-post-thumbnail","6":"product_cat-dekorasjoner-med-edelstener","7":"product_cat-esoteriske-gaver","8":"product_cat-krystaller-edelsteiner","9":"product_cat-kvarts","10":"product_cat-rosenkvarts","11":"pa_collection-gemstone-enchantment-lights-no","12":"pa_made-in-kina","14":"first","15":"instock","16":"purchasable","17":"product-type-simple"},"supplier_id":null,"supplier_sku":"GEL-01","barcode":null,"atum_controlled":true,"out_stock_date":null,"out_stock_threshold":null,"inheritable":false,"inbound_stock":null,"stock_on_hold":0,"sold_today":0,"sales_last_days":0,"reserved_stock":null,"customer_returns":null,"warehouse_damage":null,"lost_in_post":null,"other_logs":null,"out_stock_days":13,"lost_sales":0,"has_location":null,"update_date":"2026-04-27T07:04:34","atum_locations":[],"atum_stock_status":"instock","restock_status":false,"low_stock_amount":"","sales_update_date":"2026-01-30T01:24:50","calc_backorders":null,"_links":{"self":[{"href":"https:\/\/aromasentia.com\/no\/wp-json\/wp\/v2\/product\/209772","targetHints":{"allow":["GET"]}}],"collection":[{"href":"https:\/\/aromasentia.com\/no\/wp-json\/wp\/v2\/product"}],"about":[{"href":"https:\/\/aromasentia.com\/no\/wp-json\/wp\/v2\/types\/product"}],"replies":[{"embeddable":true,"href":"https:\/\/aromasentia.com\/no\/wp-json\/wp\/v2\/comments?post=209772"}],"version-history":[{"count":0,"href":"https:\/\/aromasentia.com\/no\/wp-json\/wp\/v2\/product\/209772\/revisions"}],"wp:featuredmedia":[{"embeddable":true,"href":"https:\/\/aromasentia.com\/no\/wp-json\/wp\/v2\/media\/334391"}],"wp:attachment":[{"href":"https:\/\/aromasentia.com\/no\/wp-json\/wp\/v2\/media?parent=209772"}],"wp:term":[{"taxonomy":"product_brand","embeddable":true,"href":"https:\/\/aromasentia.com\/no\/wp-json\/wp\/v2\/product_brand?post=209772"},{"taxonomy":"product_cat","embeddable":true,"href":"https:\/\/aromasentia.com\/no\/wp-json\/wp\/v2\/product_cat?post=209772"},{"taxonomy":"product_tag","embeddable":true,"href":"https:\/\/aromasentia.com\/no\/wp-json\/wp\/v2\/product_tag?post=209772"}],"curies":[{"name":"wp","href":"https:\/\/api.w.org\/{rel}","templated":true}]}}