{"id":209770,"date":"2025-03-22T13:29:32","date_gmt":"2025-03-22T13:29:32","guid":{"rendered":"https:\/\/aromasentia.com\/product\/gomati-chakra-circle-stone-trees-set-of-4\/"},"modified":"2025-05-31T06:36:13","modified_gmt":"2025-05-31T06:36:13","slug":"gomati-chakra-circle-stone-trees-4stk-stk","status":"publish","type":"product","link":"https:\/\/aromasentia.com\/no\/gomati-chakra-circle-stone-trees-4stk-stk\/","title":{"rendered":"Gomati Chakra Circle Stone Trees &#8211; 4Stk. Stk."},"content":{"rendered":"<p><span style=\"color: rgb(75, 80, 88);\"><strong>Forbedre rommet ditt med den kraftige energien fra Gomati Chakra-steintr\u00e6r!<\/strong> Dette settet med fire vakre steintr\u00e6r, tilgjengelig i store (60 steiner), mellomstore (45 steiner) og sm\u00e5 (15 steiner), er laget for \u00e5 gi omgivelsene dine positiv energi, beskyttelse og overflod. Hver stein, h\u00e5ndplukket fra den hellige Gomati-elven i India, har naturlige spiralm\u00f8nstre som symboliserer livets sykluser og personlig vekst.<\/span><\/p>\n<p><span style=\"color: rgb(75, 80, 88);\">Det store treet med 60 Gomati Chakra-steiner fungerer som et midtpunkt for spirituelle rom eller meditasjonsomr\u00e5der, mens de mindre st\u00f8rrelsene er perfekte for skrivebord, hyller eller stuer. Disse tr\u00e6rne blander gammel visdom med moderne eleganse, noe som gj\u00f8r dem til et fantastisk tillegg til ethvert hjem eller spirituelt senter. Frem harmoni, tiltrekk rikdom og beskytt rommet ditt mot negative energier ved \u00e5 omfavne skj\u00f8nnheten og symbolikken til disse unike Gomati Chakra-steintr\u00e6rne.<\/span><\/p>\n<p><em><strong>Tips:<\/strong><\/em><\/p>\n<p><span style=\"color: rgb(75, 80, 88);\">For det perfekte arrangementet som fengsler enhver bes\u00f8kende, kombiner Gomati Chakra-steintr\u00e6rne med naturlige elementer som reinsdyrmose og glassboller i tre. Den myke, frodige teksturen til<\/span><a href=\"https:\/\/aromasentia.com\/moss\"><span style=\"color: rgb(141, 186, 216);\"><strong>reinsdyrmose<\/strong><\/span><\/a><span style=\"color: rgb(75, 80, 88);\">st\u00e5r i vakker kontrast til de spiralformede Gomati Chakra-steinene, og gir et naturlig og organisk preg til innredningen din. Plasser tr\u00e6rne i naturlige&nbsp;<\/span><a href=\"https:\/\/aromasentia.com\/molten-glass-on-wood\"><span style=\"color: rgb(141, 186, 216);\"><strong>treglassk\u00e5ler<\/strong><\/span><\/a><span style=\"color: rgb(75, 80, 88);\">&nbsp;eller <\/span><a href=\"https:\/\/aromasentia.com\/galass-terrariums\"><span style=\"color: rgb(141, 186, 216);\"><strong>glassterarier<\/strong><\/span><\/a><span style=\"color: rgb(75, 80, 88);\"> for \u00e5 heve elegansen deres, og skape en harmonisk blanding av jordn\u00e6rhet og raffinement.<\/span><\/p>\n","protected":false},"excerpt":{"rendered":"<p>Forbedre rommet ditt med den kraftige energien fra Gomati Chakra-steintr\u00e6r! Dette settet med fire vakre steintr\u00e6r, tilgjengelig i store (60 steiner), mellomstore (45 steiner) og sm\u00e5 (15 steiner), er laget for \u00e5 gi omgivelsene dine positiv energi, beskyttelse og overflod. Hver stein, h\u00e5ndplukket fra den hellige Gomati-elven i India, har naturlige spiralm\u00f8nstre som symboliserer livets [&hellip;]<\/p>\n","protected":false},"featured_media":334293,"comment_status":"closed","ping_status":"open","template":"","meta":{"_angie_page":false},"product_brand":[],"product_cat":[9166,9155,25619,25221],"product_tag":[],"class_list":{"0":"post-209770","1":"product","2":"type-product","3":"status-publish","4":"has-post-thumbnail","6":"product_cat-dekorasjoner-med-edelstener","7":"product_cat-esoteriske-gaver","8":"product_cat-gomati-chakra-stone","9":"product_cat-krystaller-edelsteiner","10":"pa_collection-gomati-chakra-stone-trees-no","12":"first","13":"instock","14":"purchasable","15":"product-type-simple"},"supplier_id":null,"supplier_sku":"GCC-MX","barcode":null,"atum_controlled":true,"out_stock_date":null,"out_stock_threshold":null,"inheritable":false,"inbound_stock":null,"stock_on_hold":0,"sold_today":0,"sales_last_days":0,"reserved_stock":null,"customer_returns":null,"warehouse_damage":null,"lost_in_post":null,"other_logs":null,"out_stock_days":0,"lost_sales":0,"has_location":null,"update_date":"2026-04-27T07:05:08","atum_locations":[],"atum_stock_status":"instock","restock_status":false,"low_stock_amount":"","sales_update_date":"2026-02-06T00:02:46","calc_backorders":null,"_links":{"self":[{"href":"https:\/\/aromasentia.com\/no\/wp-json\/wp\/v2\/product\/209770","targetHints":{"allow":["GET"]}}],"collection":[{"href":"https:\/\/aromasentia.com\/no\/wp-json\/wp\/v2\/product"}],"about":[{"href":"https:\/\/aromasentia.com\/no\/wp-json\/wp\/v2\/types\/product"}],"replies":[{"embeddable":true,"href":"https:\/\/aromasentia.com\/no\/wp-json\/wp\/v2\/comments?post=209770"}],"version-history":[{"count":0,"href":"https:\/\/aromasentia.com\/no\/wp-json\/wp\/v2\/product\/209770\/revisions"}],"wp:featuredmedia":[{"embeddable":true,"href":"https:\/\/aromasentia.com\/no\/wp-json\/wp\/v2\/media\/334293"}],"wp:attachment":[{"href":"https:\/\/aromasentia.com\/no\/wp-json\/wp\/v2\/media?parent=209770"}],"wp:term":[{"taxonomy":"product_brand","embeddable":true,"href":"https:\/\/aromasentia.com\/no\/wp-json\/wp\/v2\/product_brand?post=209770"},{"taxonomy":"product_cat","embeddable":true,"href":"https:\/\/aromasentia.com\/no\/wp-json\/wp\/v2\/product_cat?post=209770"},{"taxonomy":"product_tag","embeddable":true,"href":"https:\/\/aromasentia.com\/no\/wp-json\/wp\/v2\/product_tag?post=209770"}],"curies":[{"name":"wp","href":"https:\/\/api.w.org\/{rel}","templated":true}]}}